{"id":9277,"date":"2021-09-27T18:21:34","date_gmt":"2021-09-27T16:21:34","guid":{"rendered":"http:\/\/zsp12.gliwice.pl\/sp15\/?page_id=9277"},"modified":"2022-08-08T18:55:05","modified_gmt":"2022-08-08T16:55:05","slug":"2021-2022","status":"publish","type":"page","link":"https:\/\/zsp12.gliwice.pl\/sp15\/2021-2022\/","title":{"rendered":"2021\/2022"},"content":{"rendered":"\n<p><strong>\u015aWIETLICA INTEGRACYJNA DLA DZIECI ROMSKICH I NIEROMSKICH \u201ePOD LIPAMI\u201d<\/strong><\/p>\n\n\n\n<p><em>\u015awietlica wznowi\u0142a swoj\u0105 dzia\u0142alno\u015b\u0107 od 1 lutego 2022 we wtorki i \u015brody w godz.: 13:30 \u2013 16:30.<\/em><\/p>\n\n\n\n<p><em>Czas mi\u0119dzy godz.: 13:30 \u2013 14:30 to czas tylko dla dzieci pochodzenia romskiego, przeznaczony na odrabianie zada\u0144 domowych oraz uzupe\u0142nianie zaleg\u0142o\u015bci przy pomocy asystenta edukacji romskiej pani Marzena Men\u017cyk, a wspiera j\u0105 kierownik \u015bwietlicy pani Magdalena Kwiatkowska. W godzinach od 14:30 \u2013 16:30 wszystkie dzieci mog\u0105 korzysta\u0107 z oferowanych zaj\u0119\u0107, takich jak: gry planszowe, ciekawostki matematyczne, zaj\u0119cia plastyczne oraz odrabianie zada\u0144 domowych.<\/em><\/p>\n\n\n\n<p><em>Ka\u017cdy uczestnik otrzymuje ciep\u0142y zbilansowany posi\u0142ek, 0,5 l wody mineralnej oraz owoc.<\/em><\/p>\n\n\n\n<p><em>W okresie od 01.02.2022 do 31.05.2022 \u015bwietlica finansowana jest ze \u015brodk\u00f3w Miasta Gliwice.<\/em><\/p>\n\n\n<div class=\"wp-block-image\">\n<figure class=\"aligncenter\"><img loading=\"lazy\" decoding=\"async\" width=\"1024\" height=\"724\" src=\"http:\/\/zsp12.gliwice.pl\/sp15\/wp-content\/uploads\/sites\/11\/2021\/10\/\u015aWIETLICA-INTEGRACYJNA-DLA-DZIECI-ROMSKICH-I-POLSKICH-1-1024x724.jpg\" alt=\"\" class=\"wp-image-9531\" srcset=\"https:\/\/zsp12.gliwice.pl\/sp15\/wp-content\/uploads\/sites\/11\/2021\/10\/\u015aWIETLICA-INTEGRACYJNA-DLA-DZIECI-ROMSKICH-I-POLSKICH-1-1024x724.jpg 1024w, https:\/\/zsp12.gliwice.pl\/sp15\/wp-content\/uploads\/sites\/11\/2021\/10\/\u015aWIETLICA-INTEGRACYJNA-DLA-DZIECI-ROMSKICH-I-POLSKICH-1-300x212.jpg 300w, https:\/\/zsp12.gliwice.pl\/sp15\/wp-content\/uploads\/sites\/11\/2021\/10\/\u015aWIETLICA-INTEGRACYJNA-DLA-DZIECI-ROMSKICH-I-POLSKICH-1-768x543.jpg 768w, https:\/\/zsp12.gliwice.pl\/sp15\/wp-content\/uploads\/sites\/11\/2021\/10\/\u015aWIETLICA-INTEGRACYJNA-DLA-DZIECI-ROMSKICH-I-POLSKICH-1-24x17.jpg 24w, https:\/\/zsp12.gliwice.pl\/sp15\/wp-content\/uploads\/sites\/11\/2021\/10\/\u015aWIETLICA-INTEGRACYJNA-DLA-DZIECI-ROMSKICH-I-POLSKICH-1-36x25.jpg 36w, https:\/\/zsp12.gliwice.pl\/sp15\/wp-content\/uploads\/sites\/11\/2021\/10\/\u015aWIETLICA-INTEGRACYJNA-DLA-DZIECI-ROMSKICH-I-POLSKICH-1-48x34.jpg 48w\" sizes=\"(max-width: 1024px) 100vw, 1024px\" \/><\/figure><\/div>\n\n\n<div class=\"wp-block-file\"><a id=\"wp-block-file--media-9e079178-8b62-4eaf-9040-4d5e51f2296d\" href=\"https:\/\/zsp12.gliwice.pl\/sp15\/wp-content\/uploads\/sites\/11\/2022\/08\/SPRAWOZDANIE-Z-ZAJEC-SWIETLICY-INTEGRACYJNEJ.pdf\">SPRAWOZDANIE-Z-ZAJEC-SWIETLICY-INTEGRACYJNEJ<\/a><a href=\"https:\/\/zsp12.gliwice.pl\/sp15\/wp-content\/uploads\/sites\/11\/2022\/08\/SPRAWOZDANIE-Z-ZAJEC-SWIETLICY-INTEGRACYJNEJ.pdf\" class=\"wp-block-file__button\" download aria-describedby=\"wp-block-file--media-9e079178-8b62-4eaf-9040-4d5e51f2296d\">Pobierz<\/a><\/div>\n\n\n\n<div class=\"wp-block-file\"><a id=\"wp-block-file--media-acb5a83f-0c50-42c1-bd05-2f625516e0f3\" href=\"http:\/\/zsp12.gliwice.pl\/sp15\/wp-content\/uploads\/sites\/11\/2021\/10\/harmonogram-pracy-\u015bwietlicy-Pod-lipami-1.doc\" target=\"_blank\" rel=\"noreferrer noopener\">harmonogram pracy \u015bwietlicy Pod lipami<\/a><a href=\"http:\/\/zsp12.gliwice.pl\/sp15\/wp-content\/uploads\/sites\/11\/2021\/10\/harmonogram-pracy-\u015bwietlicy-Pod-lipami-1.doc\" class=\"wp-block-file__button\" download aria-describedby=\"wp-block-file--media-acb5a83f-0c50-42c1-bd05-2f625516e0f3\">Pobierz<\/a><\/div>\n\n\n\n<div class=\"wp-block-file\"><a id=\"wp-block-file--media-b1a08828-e1a6-4f96-bf07-a97e31310cc9\" href=\"https:\/\/zsp12.gliwice.pl\/sp15\/wp-content\/uploads\/sites\/11\/2022\/05\/Zmiana-harmonogramu-Pod-lipami.doc\">Zmiana harmonogramu &#8220;Pod lipami&#8221;<\/a><a href=\"https:\/\/zsp12.gliwice.pl\/sp15\/wp-content\/uploads\/sites\/11\/2022\/05\/Zmiana-harmonogramu-Pod-lipami.doc\" class=\"wp-block-file__button\" download aria-describedby=\"wp-block-file--media-b1a08828-e1a6-4f96-bf07-a97e31310cc9\">Pobierz<\/a><\/div>\n\n\n\n<div class=\"wp-block-file\"><a id=\"wp-block-file--media-b2881a3b-6122-4b57-9cb3-739c59220e1b\" href=\"https:\/\/zsp12.gliwice.pl\/sp15\/wp-content\/uploads\/sites\/11\/2022\/05\/Zmiana-harmonogramu-tance..doc\" target=\"_blank\" rel=\"noreferrer noopener\">Zmiana harmonogramu tance <\/a><a href=\"https:\/\/zsp12.gliwice.pl\/sp15\/wp-content\/uploads\/sites\/11\/2022\/05\/Zmiana-harmonogramu-tance..doc\" class=\"wp-block-file__button\" download aria-describedby=\"wp-block-file--media-b2881a3b-6122-4b57-9cb3-739c59220e1b\">Pobierz<\/a><\/div>\n\n\n\n<hr class=\"wp-block-separator has-css-opacity\" \/>\n\n\n\n<p><a href=\"http:\/\/zsp12.gliwice.pl\/sp15\/blog\/2022\/04\/26\/program-integracji-spolecznej-i-obywatelskiej-romow-w-polsce-na-lata-2021-2030\/\">Program Integracji spo\u0142ecznej i obywatelskiej Rom\u00f3w w Polsce na lata 2021 \u2013 2030<\/a><\/p>\n\n\n\n<p><a href=\"http:\/\/zsp12.gliwice.pl\/sp15\/blog\/2021\/12\/20\/promocja-zdrowia-wsrod-osob-pochodzenia-romskiego-w-roku-2021\/\">\u201cPromocja zdrowia w\u015br\u00f3d os\u00f3b pochodzenia romskiego w roku 2021\u201d<\/a><\/p>\n\n\n\n<p><a href=\"http:\/\/zsp12.gliwice.pl\/sp15\/blog\/2021\/11\/02\/wycieczka-do-muzeum-miejskiego-w-tychach-tyska-galeria-sportu\/\">Wycieczka do Muzeum Miejskiego w Tychach \u2013 Tyska Galeria Sportu<\/a><\/p>\n\n\n\n<p><a href=\"http:\/\/zsp12.gliwice.pl\/sp15\/blog\/2021\/11\/02\/wycieczka-do-muzeum-koronek-w-koniakowie\/\">Wycieczka do Muzeum Koronek w Koniakowie<\/a><\/p>\n\n\n\n<p><a href=\"http:\/\/zsp12.gliwice.pl\/sp15\/blog\/2021\/10\/11\/wycieczka-do-muzeum-zaglebia-w-bedzinie\/\">Wycieczka do Muzeum Zag\u0142\u0119bia w B\u0119dzinie<\/a><\/p>\n\n\n\n<p><a href=\"http:\/\/zsp12.gliwice.pl\/sp15\/blog\/2021\/09\/27\/wycieczka-do-pokazowej-zagrody-zubrow-w-pszczynie\/\">Wycieczka do Pokazowej Zagrody \u017bubr\u00f3w w Pszczynie<\/a><\/p>\n\n\n\nngg_shortcode_0_placeholder\n","protected":false},"excerpt":{"rendered":"<p>\u015aWIETLICA INTEGRACYJNA DLA DZIECI ROMSKICH I NIEROMSKICH \u201ePOD LIPAMI\u201d \u015awietlica wznowi\u0142a swoj\u0105 dzia\u0142alno\u015b\u0107 od 1 lutego 2022 we wtorki i \u015brody w godz.: 13:30 \u2013 16:30. Czas mi\u0119dzy godz.: 13:30&#8230;<\/p>\n","protected":false},"author":2,"featured_media":9531,"parent":0,"menu_order":0,"comment_status":"closed","ping_status":"closed","template":"","meta":{"inline_featured_image":false,"ngg_post_thumbnail":0,"footnotes":""},"class_list":["post-9277","page","type-page","status-publish","has-post-thumbnail","hentry"],"_links":{"self":[{"href":"https:\/\/zsp12.gliwice.pl\/sp15\/wp-json\/wp\/v2\/pages\/9277"}],"collection":[{"href":"https:\/\/zsp12.gliwice.pl\/sp15\/wp-json\/wp\/v2\/pages"}],"about":[{"href":"https:\/\/zsp12.gliwice.pl\/sp15\/wp-json\/wp\/v2\/types\/page"}],"author":[{"embeddable":true,"href":"https:\/\/zsp12.gliwice.pl\/sp15\/wp-json\/wp\/v2\/users\/2"}],"replies":[{"embeddable":true,"href":"https:\/\/zsp12.gliwice.pl\/sp15\/wp-json\/wp\/v2\/comments?post=9277"}],"version-history":[{"count":13,"href":"https:\/\/zsp12.gliwice.pl\/sp15\/wp-json\/wp\/v2\/pages\/9277\/revisions"}],"predecessor-version":[{"id":13519,"href":"https:\/\/zsp12.gliwice.pl\/sp15\/wp-json\/wp\/v2\/pages\/9277\/revisions\/13519"}],"wp:featuredmedia":[{"embeddable":true,"href":"https:\/\/zsp12.gliwice.pl\/sp15\/wp-json\/wp\/v2\/media\/9531"}],"wp:attachment":[{"href":"https:\/\/zsp12.gliwice.pl\/sp15\/wp-json\/wp\/v2\/media?parent=9277"}],"curies":[{"name":"wp","href":"https:\/\/api.w.org\/{rel}","templated":true}]}}