{"id":9142,"date":"2021-09-16T18:18:25","date_gmt":"2021-09-16T16:18:25","guid":{"rendered":"http:\/\/zsp12.gliwice.pl\/sp15\/?page_id=9142"},"modified":"2023-09-28T22:10:14","modified_gmt":"2023-09-28T20:10:14","slug":"swietlica","status":"publish","type":"page","link":"https:\/\/zsp12.gliwice.pl\/sp15\/swietlica\/","title":{"rendered":"2022\/2023"},"content":{"rendered":"\n<p>Na \u015bwietlicy szkolnej czytamy razem bajki po polsku i\nukrai\u0144sku.&nbsp;<\/p>\n\n\n\nngg_shortcode_0_placeholder\n\n\n\n<p>Przed \u015bwi\u0119tami na \u015bwietlicy szkolnej\npraca wrze! Pani Halinka i pani Karolina zach\u0119caj\u0105 dzieci do wykonania\n\u015bwi\u0105tecznych&nbsp;pisanek. Technika prac dowolna.&nbsp;<\/p>\n\n\n\nngg_shortcode_1_placeholder\n\n\n\n<p>Dzieci na \u015bwietlicy z ch\u0119ci\u0105 ucz\u0105 si\u0119 ciekawostek o\nzwierz\u0119tach ku rado\u015bci pani z biologii. Podczas zaj\u0119\u0107 pani Jolanta Lu\u017aniak\npokaza\u0142a dzieciom szkolne zwierz\u0119ta. Dzieci mia\u0142y te\u017c mo\u017cliwo\u015b\u0107 stworzenia\n&#8220;patyczaka swoich marze\u0144&#8221;.<\/p>\n\n\n\nngg_shortcode_2_placeholder\n\n\n\n<p>\n\n\u015awietlicowe warsztaty filozoficzne- Lego Logos?\n\n<\/p>\n\n\n\n<p>Uczniowie klas I-III odbyli pobudzaj\u0105c\u0105 kreatywno\u015b\u0107 podr\u00f3\u017c.\nBuduj\u0105c ciekawe, tematycznie uzasadnione konstrukcje z klock\u00f3w, okazali si\u0119 by\u0107\nnie tylko sprawnymi tw\u00f3rcami, ale i spostrzegawczymi interpretatorami\nkonstrukcji kole\u017canek i koleg\u00f3w.<\/p>\n\n\n\nngg_shortcode_3_placeholder\n\n\n\n<p> Z okazji Dnia Kobiet rozmawiali\u015bmy o tym, co to znaczy by\u0107 kobiet\u0105 i dziewczynk\u0105. Powsta\u0142y kolorowe wizerunki bohaterek codziennych i niecodziennych.<\/p>\n\n\n\n\n\nngg_shortcode_4_placeholder\n\n\n\n<p>17.01.22 r. na \u015bwietlicy szkolnej Aleksandra Golecka przeprowadzi\u0142a zaj\u0119cia flamenco. Dziewczynki wczu\u0142y si\u0119 w tancerki i pozna\u0142y tajniki tego ta\u0144ca. Pokolorowa\u0142y te\u017c pi\u0119knie podobizny Hiszpanek. Ole! <\/p>\n\n\n\nngg_shortcode_5_placeholder\n\n\n\n<p>W ramach tygodnia zwierz\u0105t na szkolnej \u015bwietlicy obchodzili\u015bmy m.in. dzie\u0144 o\u015bmiornicy<\/p>\n\n\n\nngg_shortcode_6_placeholder\n\n\n\n<p>W zesz\u0142ym tygodniu (29\/30.10.21 r.), we wsp\u00f3\u0142pracy dw\u00f3ch etyczek i wychowawczy\u0144 \u015bwietlicowych (Aleksandry Goleckiej i Aleksandry Wallon), odby\u0142 si\u0119 \u015bwietlicowy konkurs etyczny. Zadaniem uczni\u00f3w by\u0142o przygotowanie rysunku albo komiksu przedstawiaj\u0105cego dobre zachowanie. Wszystkie prace zosta\u0142y docenione. Wy\u0142oniono r\u00f3wnie\u017c zwyci\u0119zc\u00f3w w obu kategoriach:<br>1)  rysunek &#8211; Ola N.<br>2) komiks &#8211; Kora S.<br><\/p>\n\n\n\nngg_shortcode_7_placeholder\n\n\n\n<p> Temat tygodnia na naszej \u015bwietlicy &#8220;Kim zostan\u0119 w przysz\u0142o\u015bci&#8221; <\/p>\n\n\n\nngg_shortcode_8_placeholder\n\n\n\n<p> &#8220;Moje zwierz\u0119 mocy&#8221; (7.10.21 r) &#8211; Na \u015bwietlicy, bawi\u0105c si\u0119 w szama\u0144ski rytua\u0142, poszukiwali\u015bmy w sobie, dzi\u0119ki wyobra\u017ani i relaksacji, wewn\u0119trznego przewodnika &#8211; przyjaciela. Nast\u0119pnie, uczniowie poprzez rysunki oddawali wyobra\u017cone spotkanie ze swoim zwierz\u0119ciem. <\/p>\n\n\n\nngg_shortcode_9_placeholder\n\n\n\n<p> Na \u015bwietlicy 30 wrze\u015bnia w ramach obchod\u00f3w Dnia Ch\u0142opaka dziewczyny przygotowywa\u0142y podobizny koleg\u00f3w i \u017cyczenia dla nich. Z tej okazji przygotowano te\u017c specjalne zak\u0142adki dla uczni\u00f3w.1 pa\u017adziernika odby\u0142y si\u0119 warsztaty: &#8220;Wa\u017cny m\u0119\u017cczyzna w moim \u017cyciu. Kolory m\u0119sko\u015bci&#8221;. Rozmawiali\u015bmy o tym, co to znaczy by\u0107 m\u0119\u017cczyzn\u0105 wsp\u00f3\u0142cze\u015bnie, co jest \u0142atwe, a co trudne. Poszukiwali\u015bmy te\u017c pozytywnych m\u0119skich wzorc\u00f3w i postaci w naszym \u017cyciu. M\u0142odsi podopieczni kolorowali r\u00f3\u017cne przedstawienia m\u0119\u017cczyzn, a tak\u017ce mieli miejsce na sw\u00f3j ch\u0142opi\u0119cy autoportret albo portret wa\u017cnej&nbsp; dla siebie postaci, o m\u0119skiej identyfikacji.<\/p>\n\n\n\nngg_shortcode_10_placeholder\n\n\n\n<p>Nasze zaj\u0119cia s\u0105 kreatywne i rozwijaj\u0105ce<\/p>\n\n\n\nngg_shortcode_11_placeholder\n\n\n\n<p>Uczniowie wykonywali kartki dla swoich bliskich z okazji Dnia Dobrych Wiadomo\u015bci (8 wrze\u015bnia)<\/p>\n\n\n\nngg_shortcode_12_placeholder\n\n\n\n<p><\/p>\n","protected":false},"excerpt":{"rendered":"<p>Na \u015bwietlicy szkolnej czytamy razem bajki po polsku i ukrai\u0144sku.&nbsp; Przed \u015bwi\u0119tami na \u015bwietlicy szkolnej praca wrze! Pani Halinka i pani Karolina zach\u0119caj\u0105 dzieci do wykonania \u015bwi\u0105tecznych&nbsp;pisanek. Technika prac dowolna.&nbsp;&#8230;<\/p>\n","protected":false},"author":2,"featured_media":16568,"parent":0,"menu_order":0,"comment_status":"closed","ping_status":"closed","template":"","meta":{"inline_featured_image":false,"ngg_post_thumbnail":0,"footnotes":""},"class_list":["post-9142","page","type-page","status-publish","has-post-thumbnail","hentry"],"_links":{"self":[{"href":"https:\/\/zsp12.gliwice.pl\/sp15\/wp-json\/wp\/v2\/pages\/9142"}],"collection":[{"href":"https:\/\/zsp12.gliwice.pl\/sp15\/wp-json\/wp\/v2\/pages"}],"about":[{"href":"https:\/\/zsp12.gliwice.pl\/sp15\/wp-json\/wp\/v2\/types\/page"}],"author":[{"embeddable":true,"href":"https:\/\/zsp12.gliwice.pl\/sp15\/wp-json\/wp\/v2\/users\/2"}],"replies":[{"embeddable":true,"href":"https:\/\/zsp12.gliwice.pl\/sp15\/wp-json\/wp\/v2\/comments?post=9142"}],"version-history":[{"count":16,"href":"https:\/\/zsp12.gliwice.pl\/sp15\/wp-json\/wp\/v2\/pages\/9142\/revisions"}],"predecessor-version":[{"id":17620,"href":"https:\/\/zsp12.gliwice.pl\/sp15\/wp-json\/wp\/v2\/pages\/9142\/revisions\/17620"}],"wp:featuredmedia":[{"embeddable":true,"href":"https:\/\/zsp12.gliwice.pl\/sp15\/wp-json\/wp\/v2\/media\/16568"}],"wp:attachment":[{"href":"https:\/\/zsp12.gliwice.pl\/sp15\/wp-json\/wp\/v2\/media?parent=9142"}],"curies":[{"name":"wp","href":"https:\/\/api.w.org\/{rel}","templated":true}]}}