{"id":7654,"date":"2021-05-06T14:40:31","date_gmt":"2021-05-06T12:40:31","guid":{"rendered":"http:\/\/zsp12.gliwice.pl\/sp15\/?page_id=7654"},"modified":"2021-06-10T15:46:14","modified_gmt":"2021-06-10T13:46:14","slug":"maj","status":"publish","type":"page","link":"https:\/\/zsp12.gliwice.pl\/sp15\/maj\/","title":{"rendered":"maj"},"content":{"rendered":"ngg_shortcode_0_placeholder\n\n\n<div class=\"wp-block-file\"><a href=\"http:\/\/zsp12.gliwice.pl\/sp15\/wp-content\/uploads\/sites\/11\/2021\/06\/Sprawozdanie-MAJ-Kope\u0107.doc\">Sprawozdanie &#8211; MAJ &#8211; J. Kope\u0107<\/a><a href=\"http:\/\/zsp12.gliwice.pl\/sp15\/wp-content\/uploads\/sites\/11\/2021\/06\/Sprawozdanie-MAJ-Kope\u0107.doc\" class=\"wp-block-file__button\" download>Pobierz<\/a><\/div>\n\n\n\n<div class=\"wp-block-file\"><a href=\"http:\/\/zsp12.gliwice.pl\/sp15\/wp-content\/uploads\/sites\/11\/2021\/06\/ela.doc\">Sprawozdanie &#8211; MAJ &#8211; E. Borowiecka<br><\/a><a href=\"http:\/\/zsp12.gliwice.pl\/sp15\/wp-content\/uploads\/sites\/11\/2021\/06\/ela.doc\" class=\"wp-block-file__button\" download>Pobierz<\/a><\/div>\n\n\n\n<div class=\"wp-block-file\"><a href=\"http:\/\/zsp12.gliwice.pl\/sp15\/wp-content\/uploads\/sites\/11\/2021\/06\/Sprawozdanie-maj-2021.odt\">Sprawozdanie &#8211; MAJ &#8211; B. Kozak  &#8220;Pocz\u0105tek podr\u00f3\u017cy&#8221; <\/a><a href=\"http:\/\/zsp12.gliwice.pl\/sp15\/wp-content\/uploads\/sites\/11\/2021\/06\/Sprawozdanie-maj-2021.odt\" class=\"wp-block-file__button\" download>Pobierz<\/a><\/div>\n\n\n\n<div class=\"wp-block-file\"><a href=\"http:\/\/zsp12.gliwice.pl\/sp15\/wp-content\/uploads\/sites\/11\/2021\/06\/spraw-maj.-nordic.doc\"> Sprawozdanie &#8211; MAJ &#8211; S. Libardi-K\u0142y\u015b <\/a><a href=\"http:\/\/zsp12.gliwice.pl\/sp15\/wp-content\/uploads\/sites\/11\/2021\/06\/spraw-maj.-nordic.doc\" class=\"wp-block-file__button\" download>Pobierz<\/a><\/div>\n\n\n\nngg_shortcode_1_placeholder\n","protected":false},"excerpt":{"rendered":"","protected":false},"author":2,"featured_media":16568,"parent":0,"menu_order":0,"comment_status":"closed","ping_status":"closed","template":"","meta":{"inline_featured_image":false,"ngg_post_thumbnail":0,"footnotes":""},"class_list":["post-7654","page","type-page","status-publish","has-post-thumbnail","hentry"],"_links":{"self":[{"href":"https:\/\/zsp12.gliwice.pl\/sp15\/wp-json\/wp\/v2\/pages\/7654"}],"collection":[{"href":"https:\/\/zsp12.gliwice.pl\/sp15\/wp-json\/wp\/v2\/pages"}],"about":[{"href":"https:\/\/zsp12.gliwice.pl\/sp15\/wp-json\/wp\/v2\/types\/page"}],"author":[{"embeddable":true,"href":"https:\/\/zsp12.gliwice.pl\/sp15\/wp-json\/wp\/v2\/users\/2"}],"replies":[{"embeddable":true,"href":"https:\/\/zsp12.gliwice.pl\/sp15\/wp-json\/wp\/v2\/comments?post=7654"}],"version-history":[{"count":7,"href":"https:\/\/zsp12.gliwice.pl\/sp15\/wp-json\/wp\/v2\/pages\/7654\/revisions"}],"predecessor-version":[{"id":7962,"href":"https:\/\/zsp12.gliwice.pl\/sp15\/wp-json\/wp\/v2\/pages\/7654\/revisions\/7962"}],"wp:featuredmedia":[{"embeddable":true,"href":"https:\/\/zsp12.gliwice.pl\/sp15\/wp-json\/wp\/v2\/media\/16568"}],"wp:attachment":[{"href":"https:\/\/zsp12.gliwice.pl\/sp15\/wp-json\/wp\/v2\/media?parent=7654"}],"curies":[{"name":"wp","href":"https:\/\/api.w.org\/{rel}","templated":true}]}}