{"id":705,"date":"2018-02-23T12:59:05","date_gmt":"2018-02-23T11:59:05","guid":{"rendered":"http:\/\/zsp12.gliwice.pl\/sp15\/?page_id=705"},"modified":"2018-02-23T13:08:29","modified_gmt":"2018-02-23T12:08:29","slug":"patron","status":"publish","type":"page","link":"https:\/\/zsp12.gliwice.pl\/sp15\/patron\/","title":{"rendered":"Patron"},"content":{"rendered":"<p>IGNACY JAN PADEREWSKI &#8211; urodzi\u0142 si\u0119 6 listopada 1860 roku w Kury\u0142\u00f3wce, w \u00f3wczesnym zaborze rosyjskim. Matka Poliskena z domu Nowicka zmar\u0142a w kilka miesi\u0119cy o jego urodzeniu, ojciec Jan Paderewski pracowa\u0142 jako zarz\u0105dca maj\u0105tk\u00f3w ziemskich. Wychowaniem ma\u0142ego Ignacego i jego starszej siostry Antoniny zajmowali si\u0119: ojciec i ciotki, a od roku 1867 druga \u017cona ojca.<\/p>\n<p>Ignacy Jan Paderewski od wczesnych lat dzieci\u0119cych wykazywa\u0142 zdolno\u015bci muzyczne. Gry na fortepianie pocz\u0105tkowo uczy\u0142 go domowy nauczyciel.<\/p>\n<p>W 1872 roku podj\u0105\u0142 studia muzyczne w Konserwatorium Warszawskim.<br \/>\nDo grona jego nauczycieli nale\u017celi: G. Roguski, J. Janothy, P. Schl\u00f6zer, R. Strobel, J. Oliwi\u0144ski, W\u0142. \u017bele\u0144ski.<\/p>\n<p>W 1878 roku po otrzymaniu dyplomu, m\u0142ody muzyk (najlepszy ze wszystkich absolwent\u00f3w) podj\u0105\u0142 prac\u0119 w Konserwatorium w charakterze nauczyciela fortepianu. Okaza\u0142 si\u0119 nauczycielem doskona\u0142ym, ale pracy pedagogicznej nie lubi\u0142.<\/p>\n<p>W 1880 roku dwudziestoletni Paderewski po\u015blubi\u0142 Antonin\u0119 Korsak\u00f3wn\u0119. W rok p\u00f3\u017aniej, 18 maja 1881 roku Antonina zmar\u0142a zostawiaj\u0105c m\u0119\u017ca z kalekim, kilkumiesi\u0119cznym synkiem.<\/p>\n<p>W latach 1881-82 kontynuowa\u0142 studia w Berlinie (kompozycja u H. Urbana i kontrapunkt u F. Kiela).<\/p>\n<p>W 1884 roku uda\u0142 si\u0119 do Wiednia, gdzie pod okiem T. Leszetyckiego doskonali\u0142 sw\u00f3j kunszt pianistyczny. Da\u0142 si\u0119 r\u00f3wnie\u017c pozna\u0107 jako kompozytor dzie\u0142 fortepianowych. Powsta\u0142y w\u00f3wczas m.in.: miniatury fortepianowe, Sonata na skrzypce i fortepian a-mol (1880), Fantazja polska na fortepian i orkiestr\u0119 op. 19 (1883).<\/p>\n<p>Pocz\u0105tek wielkiej kariery muzycznej Ignacego Jana Paderewskiego przypad\u0142 na rok 1887. By\u0142 to koncert na cele dobroczynne, w kt\u00f3rym obok Paderewskiego wyst\u0105pi\u0142a s\u0142ynna w\u0142oska \u015bpiewaczka Paulina Lucca. W 1888 roku odni\u00f3s\u0142 kolejne sukcesy w Pary\u017cu i Londynie. Od tego momentu sale koncertowe Europy stan\u0119\u0142y przed nim otworem.<\/p>\n<p>W 1890 roku, po swoim wielkim debiucie w Europie, wielki artysta odwiedzi\u0142 r\u00f3wnie\u017c Pozna\u0144. Da\u0142 w\u00f3wczas dwa koncerty: 13 lutego w sali J. Lamberta przy ulicy Piekary oraz 15 lutego w sali Teatru Polskiego przy ulicy Berli\u0144skiej (dzisiejsza 27 grudnia) \u2013 na cele dobroczynne. Pozna\u0144skie koncerty Paderewskiego, poza aspektem artystycznym, mia\u0142y sw\u00f3j wyd\u017awi\u0119k polityczny. Do Wielkopolan przyjecha\u0142 artysta-muzyk, kompozytor, obywatel \u015bwiata, kt\u00f3ry m\u00f3g\u0142, chcia\u0142 i m\u00f3wi\u0142 g\u0142o\u015bno o Polsce, kt\u00f3ry gra\u0142 polsk\u0105 muzyk\u0119, szczeg\u00f3lnie \u2013 tak bliskie sercom Polak\u00f3w \u2013 kompozycje Chopina. Drugi raz Paderewski koncertowa\u0142 w Poznaniu w listopadzie i grudniu roku 1901.<\/p>\n<p>Pierwsze ameryka\u0144skie tourn\u00e9e Paderewskiego mia\u0142o miejsce w 1891 roku. Sta\u0142o si\u0119 ono wielkim sukcesem artystycznym, rozpoczynaj\u0105c jego wieloletni\u0105 karier\u0119 kompozytora i pianisty. W swym koncertowym \u017cyciu gra\u0142 on w prawie wszystkich krajach Europy, obu Ameryk, Afryce (1912), Australii (1904).<\/p>\n<p>W 1899 roku Ignacy Jan Paderewski o\u017ceni\u0142 si\u0119 powt\u00f3rnie z Helen\u0105 G\u00f3rsk\u0105. W tym\u017ce samym roku osiedli\u0142 si\u0119 w Riond \u2013 Bosson pod Morges (Szwajcaria).<\/p>\n<p>Pianista wiele r\u00f3wnie\u017c komponowa\u0142. Jego najs\u0142ynniejsze dzie\u0142a to: Koncert a-moll na fortepian i orkiestr\u0119 op. 17 (1888), opera \u201cManru\u201d (1900), Sonata fortepianowa es-moll op. 21 (1903), Symfonia h-moll \u201cPolonia\u201d (1907). (Jak podaj\u0105 \u017ar\u00f3d\u0142a przesta\u0142 komponowa\u0107 ok. roku 1907).<\/p>\n<p>Miar\u0105 patriotyzmu i ukochania przez Paderewskiego ojczystego kraju sta\u0142o si\u0119 ufundowanie i podarowanie narodowi polskiemu Pomnika Grunwaldzkiego autorstwa Antoniego Wiwulskiego, ods\u0142oni\u0119tego 15 lipca 1910 roku w Krakowie. S\u0142ynne sta\u0142y si\u0119 wtedy s\u0142owa Paderewskiego wyg\u0142oszone w czasie uroczysto\u015bci: \u201cNie da\u0107 si\u0119 ruszy\u0107 z ziemi, z wiary, z j\u0119zyka, z ducha polskiego. Sta\u0107 murem a\u017c przyjdzie odrodzenie\u201d.<\/p>\n<p>W 1913 I.J.Paderewski osiedli\u0142 si\u0119 w Ameryce. Podczas I Wojny \u015awiatowej rozpocz\u0105\u0142 dzia\u0142alno\u015b\u0107 polityczn\u0105. M.in. w latach 1917-1919 by\u0142 cz\u0142onkiem Polskiego Komitetu Narodowego w Pary\u017cu i jego reprezentantem w Stanach Zjednoczonych.<\/p>\n<p>25 grudnia 1918 na pok\u0142adzie brytyjskiego kr\u0105\u017cownika \u201cConcord\u201d I. J. Paderewski przyby\u0142 do Gda\u0144ska, a stamt\u0105d 26 grudnia do Poznania. Pozna\u0144 zgotowa\u0142 mu niepowtarzaln\u0105 owacj\u0119. Mimo mroku, na ulice wyleg\u0142y tysi\u0105ce poznaniak\u00f3w z pochodniami. Wzd\u0142u\u017c ca\u0142ej trasy pozdrawia\u0142y go wiwatuj\u0105ce t\u0142umy. Z balkonu hotelu Bazar Paderewski wyg\u0142osi\u0142 do zebranych p\u0142omienn\u0105 mow\u0119, kt\u00f3r\u0105 zako\u0144czy\u0142 s\u0142owami: \u201cNiech \u017cyje zjednoczona, wolna i wielka Polska z w\u0142asnym wybrze\u017cem morskim\u201d. W drugim dniu pobytu mistrza w Poznaniu wybuch\u0142o Powstanie Wielkopolskie.<\/p>\n<p>1 stycznia 1919 roku Paderewski wyjecha\u0142 do Warszawy, a 14 stycznia tego\u017c roku J\u00f3zef Pi\u0142sudski mianowa\u0142 go premierem pierwszego polskiego rz\u0105du (na tym stanowisku pracowa\u0142 prawie rok).<\/p>\n<p>Czynn\u0105 dzia\u0142alno\u015b\u0107 polityczn\u0105 zako\u0144czy\u0142 w 1922 roku i w tym samym roku powr\u00f3ci\u0142 do koncertowania. Powr\u00f3t Paderewskiego-pianisty ameryka\u0144ska publiczno\u015b\u0107 przyj\u0119\u0142a z ogromnym entuzjazmem.<\/p>\n<p>W 1924 roku I. J. Paderewski ponownie odwiedzi\u0142 Pozna\u0144. By\u0142a to zarazem ostatnia wizyta 64-letniego artysty w kraju. Uniwersytet pozna\u0144ski nada\u0142 mu \u2013 trzeci w Polsce, po uniwersytetach we Lwowie (1912) i Krakowie (1919) \u2013 doktorat honorowy w dziedzinie filozofii (Paderewski by\u0142 doktorem honoris causa tak\u017ce uniwersytet\u00f3w ameryka\u0144skich).<\/p>\n<p>W lipcu 1931 w Poznaniu ods\u0142oni\u0119to pomnik prezydenta W. Wilsona, kt\u00f3ry ofiarowa\u0142 Paderewski mieszka\u0144com Poznania.<\/p>\n<p>W latach 1937-1940 s\u0119dziwy pianista wraz z L. Bronarskim i J. Turczy\u0144skim pracowa\u0142 nad redakcj\u0105 Dzie\u0142 wszystkich Fryderyka Chopina.<\/p>\n<p>Po zaj\u0119ciu Polski przez wojska hitlerowskie w 1940 roku Paderewski stan\u0105\u0142 na czele rz\u0105du emigracyjnego a 23 wrze\u015bnia tego\u017c roku uda\u0142 si\u0119 do Stan\u00f3w Zjednoczonych. Tym razem by\u0142 go\u015bciem Prezydenta. W Ameryce konsekwentnie apelowa\u0142 o pomoc dla Polski. Jego s\u0142ynne przem\u00f3wienie radiowe z 13 kwietnia 1941 roku transmitowane by\u0142o na ca\u0142\u0105 Ameryk\u0119. W marcu 1940 roku 80-letni artysta koncertowa\u0142 na rzecz Funduszu Pomocy Polsce.<\/p>\n<p>I. J. Paderewski zmar\u0142 29 czerwca 1941 roku. Po \u015bmierci odznaczony krzy\u017cem Virtuti Militari pochowany zosta\u0142 na cmentarzu zas\u0142u\u017conych w Arlington. W 1992 roku prochy jego zosta\u0142y sprowadzone do Polski i z\u0142o\u017cone w krypcie Katedry warszawskiej.<\/p>\n<p>Wirtuoz kompozytor, pedagog, polityk, biznesmen, orator, poliglota i filantrop, kt\u00f3rego ca\u0142e \u017cycie wype\u0142nia\u0142a ci\u0119\u017cka praca. Dzi\u0119ki niej sta\u0142 si\u0119 jednym z najwybitniejszych pianist\u00f3w swej epoki. Sukcesy muzyczne u\u0142atwia\u0142y mu dzia\u0142ania spo\u0142eczne i polityczne. Cz\u0119\u015b\u0107 swych honorari\u00f3w przeznacza\u0142 na fundacje, nagrody, stypendia. Paderewski by\u0142 jednak przede wszystkim gor\u0105cym patriot\u0105. By\u0142 dzia\u0142aczem politycznym, dla kt\u00f3rego celem nadrz\u0119dnym by\u0142o Pa\u0144stwo, jego niezawis\u0142o\u015b\u0107, si\u0142a i wewn\u0119trzna sp\u00f3jno\u015b\u0107.<\/p>\n","protected":false},"excerpt":{"rendered":"<p>IGNACY JAN PADEREWSKI &#8211; urodzi\u0142 si\u0119 6 listopada 1860 roku w Kury\u0142\u00f3wce, w \u00f3wczesnym zaborze rosyjskim. Matka Poliskena z domu Nowicka zmar\u0142a w kilka miesi\u0119cy o jego urodzeniu, ojciec Jan&#8230;<\/p>\n","protected":false},"author":1,"featured_media":16568,"parent":0,"menu_order":0,"comment_status":"closed","ping_status":"closed","template":"","meta":{"inline_featured_image":false,"ngg_post_thumbnail":0,"footnotes":""},"class_list":["post-705","page","type-page","status-publish","has-post-thumbnail","hentry"],"_links":{"self":[{"href":"https:\/\/zsp12.gliwice.pl\/sp15\/wp-json\/wp\/v2\/pages\/705"}],"collection":[{"href":"https:\/\/zsp12.gliwice.pl\/sp15\/wp-json\/wp\/v2\/pages"}],"about":[{"href":"https:\/\/zsp12.gliwice.pl\/sp15\/wp-json\/wp\/v2\/types\/page"}],"author":[{"embeddable":true,"href":"https:\/\/zsp12.gliwice.pl\/sp15\/wp-json\/wp\/v2\/users\/1"}],"replies":[{"embeddable":true,"href":"https:\/\/zsp12.gliwice.pl\/sp15\/wp-json\/wp\/v2\/comments?post=705"}],"version-history":[{"count":1,"href":"https:\/\/zsp12.gliwice.pl\/sp15\/wp-json\/wp\/v2\/pages\/705\/revisions"}],"predecessor-version":[{"id":706,"href":"https:\/\/zsp12.gliwice.pl\/sp15\/wp-json\/wp\/v2\/pages\/705\/revisions\/706"}],"wp:featuredmedia":[{"embeddable":true,"href":"https:\/\/zsp12.gliwice.pl\/sp15\/wp-json\/wp\/v2\/media\/16568"}],"wp:attachment":[{"href":"https:\/\/zsp12.gliwice.pl\/sp15\/wp-json\/wp\/v2\/media?parent=705"}],"curies":[{"name":"wp","href":"https:\/\/api.w.org\/{rel}","templated":true}]}}