{"id":6513,"date":"2020-09-27T13:08:56","date_gmt":"2020-09-27T11:08:56","guid":{"rendered":"http:\/\/zsp12.gliwice.pl\/sp15\/?page_id=6513"},"modified":"2021-07-30T12:30:33","modified_gmt":"2021-07-30T10:30:33","slug":"2020-2021","status":"publish","type":"page","link":"https:\/\/zsp12.gliwice.pl\/sp15\/2020-2021\/","title":{"rendered":"2020\/2021"},"content":{"rendered":"\n<hr class=\"wp-block-separator\" \/>\n\n\n\n<h6 class=\"wp-block-heading\" style=\"text-align:center\"><span style=\"color: #ff0000\"><strong>&nbsp;\u2192 NAJNOWSZE WPISY:&nbsp;\u2190<br><\/strong><\/span><\/h6>\n\n\n\n<h6 class=\"wp-block-heading\" style=\"text-align:center\"><strong><a href=\"http:\/\/zsp12.gliwice.pl\/sp15\/blog\/2020\/09\/07\/16-wieczor-w-parku-chopina-2020\/\">\u2192 16 WIECZ\u00d3R W PARKU CHOPINA 2020<\/a><\/strong><strong><a href=\"http:\/\/zsp12.gliwice.pl\/sp15\/blog\/2020\/09\/07\/16-wieczor-w-parku-chopina-2020\/\">\u2192<\/a><\/strong><\/h6>\n\n\n\n<h6 class=\"wp-block-heading\" style=\"text-align:center\"><strong><a href=\"http:\/\/zsp12.gliwice.pl\/sp15\/blog\/2020\/09\/07\/16-wieczor-w-parku-chopina-2020\/\">\u2192 <\/a><\/strong><strong><a href=\"http:\/\/zsp12.gliwice.pl\/sp15\/blog\/2020\/09\/22\/wycieczka-do-opolskiego-zoo\/\">Wycieczka do opolskiego ZOO<\/a><\/strong><\/h6>\n\n\n\n<h6 class=\"wp-block-heading\" style=\"text-align:center\"><strong><a href=\"http:\/\/zsp12.gliwice.pl\/sp15\/blog\/2020\/09\/07\/16-wieczor-w-parku-chopina-2020\/\">\u2192 <\/a><\/strong><a href=\"http:\/\/zsp12.gliwice.pl\/sp15\/blog\/2020\/09\/22\/pozegnanie-lata-osrodek-wypoczynkowy-czechowice\/\"><strong>Po\u017cegnanie lata \u2013 O\u015brodek Wypoczynkowy Czechowice<\/strong><\/a><\/h6>\n\n\n\n<h6 class=\"wp-block-heading\" style=\"text-align:center\"><strong><a href=\"http:\/\/zsp12.gliwice.pl\/sp15\/blog\/2020\/10\/12\/wycieczka-do-roller-disco-wrotka-w-katowicach\/\">\u2192 <\/a><\/strong><a href=\"http:\/\/zsp12.gliwice.pl\/sp15\/blog\/2020\/10\/12\/wycieczka-do-roller-disco-wrotka-w-katowicach\/\"><strong>Wycieczka do Roller Disco \u201eWrotka\u201d w Katowicach <\/strong><\/a><\/h6>\n\n\n\n<hr class=\"wp-block-separator\" \/>\n\n\n\n<div class=\"wp-block-file\"><a href=\"http:\/\/zsp12.gliwice.pl\/sp15\/wp-content\/uploads\/sites\/11\/2021\/07\/Sprawozdanie-z-dzia\u0142alno\u015bci.\u015bwietlicy.doc\">Sprawozdanie z dzia\u0142alno\u015bci \u015bwietlicy 2020\/2021<\/a><a href=\"http:\/\/zsp12.gliwice.pl\/sp15\/wp-content\/uploads\/sites\/11\/2021\/07\/Sprawozdanie-z-dzia\u0142alno\u015bci.\u015bwietlicy.doc\" class=\"wp-block-file__button\" download>Pobierz<\/a><\/div>\n\n\n\n<p><em>Od 3 wrze\u015bnia 2020 wraz z rozpocz\u0119ciem roku szkolnego, wznowili\u015bmy dzia\u0142alno\u015b\u0107 \u015bwietlicy integracyjnej dla dzieci romskich i polskich \u201ePod lipami\u201d.<\/em><\/p>\n\n\n\n<p><em>W miesi\u0105cu wrze\u015bniu nasza \u015bwietlica dzia\u0142a od poniedzia\u0142ku do pi\u0105tku w godzinach od 14:00 do 18:00. W ramach dzia\u0142alno\u015bci \u015bwietlicy dzieci mog\u0105 skorzysta\u0107 z nast\u0119puj\u0105cych zaj\u0119\u0107:<\/em><\/p>\n\n\n\n<ul class=\"wp-block-list\"><li><em>Odrabianie zada\u0144 domowych z przedmiot\u00f3w matematyczno \u2013 przyrodniczych<\/em><\/li><li><em>Odrabianie zada\u0144 domowych z przedmiot\u00f3w humanistycznych<\/em><\/li><li><em>Zaj\u0119cia komputerowe<\/em><\/li><li><em>Zaj\u0119cia sportowe<\/em><\/li><li><em>Zaj\u0119cia artystyczne.<\/em><\/li><\/ul>\n\n\n\n<p><em>W miesi\u0105cu pa\u017adzierniku zaj\u0119cia odbywa\u0107 si\u0119 b\u0119d\u0105 trzy razy w tygodniu: wtorki, \u015brody i czwartki. Dzieci b\u0119d\u0105 mog\u0142y skorzysta\u0107 z ww. zaj\u0119\u0107 oraz dodatkowo pojawi\u0105 si\u0119 zaj\u0119cia plastyczne.<\/em><\/p>\n\n\n\n<div class=\"wp-block-file\"><a href=\"http:\/\/zsp12.gliwice.pl\/sp15\/wp-content\/uploads\/sites\/11\/2020\/10\/harmonogram-\u015bwietlica-grudz.doc\">harmonogram \u015bwietlica &#8211; grudzie\u0144<\/a><a href=\"http:\/\/zsp12.gliwice.pl\/sp15\/wp-content\/uploads\/sites\/11\/2020\/10\/harmonogram-\u015bwietlica-grudz.doc\" class=\"wp-block-file__button\" download>Pobierz<\/a><\/div>\n\n\n\n<div class=\"wp-block-file\"><a href=\"http:\/\/zsp12.gliwice.pl\/sp15\/wp-content\/uploads\/sites\/11\/2020\/10\/harmonogram-\u015bwietlica-list.doc\">harmonogram \u015bwietlica &#8211; listopad<\/a><a href=\"http:\/\/zsp12.gliwice.pl\/sp15\/wp-content\/uploads\/sites\/11\/2020\/10\/harmonogram-\u015bwietlica-list.doc\" class=\"wp-block-file__button\" download>Pobierz<\/a><\/div>\n\n\n\n<div class=\"wp-block-file\"><a href=\"http:\/\/zsp12.gliwice.pl\/sp15\/wp-content\/uploads\/sites\/11\/2020\/10\/harmonogram-\u015bwietlica-pa\u017a.doc\">harmonogram \u015bwietlica &#8211; pa\u017adziernik<\/a><a href=\"http:\/\/zsp12.gliwice.pl\/sp15\/wp-content\/uploads\/sites\/11\/2020\/10\/harmonogram-\u015bwietlica-pa\u017a.doc\" class=\"wp-block-file__button\" download>Pobierz<\/a><\/div>\n\n\n\n<div class=\"wp-block-file\"><a href=\"http:\/\/zsp12.gliwice.pl\/sp15\/wp-content\/uploads\/sites\/11\/2020\/10\/harmonogram-\u015bwietlica.doc\">harmonogram \u015bwietlica &#8211; wrzesie\u0144<\/a><a href=\"http:\/\/zsp12.gliwice.pl\/sp15\/wp-content\/uploads\/sites\/11\/2020\/10\/harmonogram-\u015bwietlica.doc\" class=\"wp-block-file__button\" download>Pobierz<\/a><\/div>\n\n\n\nngg_shortcode_0_placeholder\n","protected":false},"excerpt":{"rendered":"<p>&nbsp;\u2192 NAJNOWSZE WPISY:&nbsp;\u2190 \u2192 16 WIECZ\u00d3R W PARKU CHOPINA 2020\u2192 \u2192 Wycieczka do opolskiego ZOO \u2192 Po\u017cegnanie lata \u2013 O\u015brodek Wypoczynkowy Czechowice \u2192 Wycieczka do Roller Disco \u201eWrotka\u201d w Katowicach&#8230;<\/p>\n","protected":false},"author":2,"featured_media":16568,"parent":0,"menu_order":0,"comment_status":"closed","ping_status":"closed","template":"","meta":{"inline_featured_image":false,"ngg_post_thumbnail":0,"footnotes":""},"class_list":["post-6513","page","type-page","status-publish","has-post-thumbnail","hentry"],"_links":{"self":[{"href":"https:\/\/zsp12.gliwice.pl\/sp15\/wp-json\/wp\/v2\/pages\/6513"}],"collection":[{"href":"https:\/\/zsp12.gliwice.pl\/sp15\/wp-json\/wp\/v2\/pages"}],"about":[{"href":"https:\/\/zsp12.gliwice.pl\/sp15\/wp-json\/wp\/v2\/types\/page"}],"author":[{"embeddable":true,"href":"https:\/\/zsp12.gliwice.pl\/sp15\/wp-json\/wp\/v2\/users\/2"}],"replies":[{"embeddable":true,"href":"https:\/\/zsp12.gliwice.pl\/sp15\/wp-json\/wp\/v2\/comments?post=6513"}],"version-history":[{"count":17,"href":"https:\/\/zsp12.gliwice.pl\/sp15\/wp-json\/wp\/v2\/pages\/6513\/revisions"}],"predecessor-version":[{"id":8953,"href":"https:\/\/zsp12.gliwice.pl\/sp15\/wp-json\/wp\/v2\/pages\/6513\/revisions\/8953"}],"wp:featuredmedia":[{"embeddable":true,"href":"https:\/\/zsp12.gliwice.pl\/sp15\/wp-json\/wp\/v2\/media\/16568"}],"wp:attachment":[{"href":"https:\/\/zsp12.gliwice.pl\/sp15\/wp-json\/wp\/v2\/media?parent=6513"}],"curies":[{"name":"wp","href":"https:\/\/api.w.org\/{rel}","templated":true}]}}