{"id":6343,"date":"2020-09-03T21:38:06","date_gmt":"2020-09-03T19:38:06","guid":{"rendered":"http:\/\/zsp12.gliwice.pl\/sp15\/?page_id=6343"},"modified":"2020-10-12T20:52:17","modified_gmt":"2020-10-12T18:52:17","slug":"wrzesien","status":"publish","type":"page","link":"https:\/\/zsp12.gliwice.pl\/sp15\/aktywne-zatorze\/wrzesien\/","title":{"rendered":"wrzesie\u0144"},"content":{"rendered":"<p style=\"text-align: center\"><a href=\"http:\/\/zsp12.gliwice.pl\/sp15\/wp-content\/uploads\/sites\/11\/2020\/10\/sprawozdanie-bud\u017cet-wrzesie\u0144.doc\">sprawozdanie bud\u017cet wrzesie\u0144<\/a><\/p>\n<p style=\"text-align: center\"><a href=\"http:\/\/zsp12.gliwice.pl\/sp15\/wp-content\/uploads\/sites\/11\/2020\/09\/harmonogram-wrzesie\u0144.pdf\">harmonogram wrzesie\u0144<\/a><\/p>\nngg_shortcode_0_placeholder\n","protected":false},"excerpt":{"rendered":"<p>sprawozdanie bud\u017cet wrzesie\u0144 harmonogram wrzesie\u0144<\/p>\n","protected":false},"author":2,"featured_media":16568,"parent":5310,"menu_order":0,"comment_status":"closed","ping_status":"closed","template":"","meta":{"inline_featured_image":false,"ngg_post_thumbnail":0,"footnotes":""},"class_list":["post-6343","page","type-page","status-publish","has-post-thumbnail","hentry"],"_links":{"self":[{"href":"https:\/\/zsp12.gliwice.pl\/sp15\/wp-json\/wp\/v2\/pages\/6343"}],"collection":[{"href":"https:\/\/zsp12.gliwice.pl\/sp15\/wp-json\/wp\/v2\/pages"}],"about":[{"href":"https:\/\/zsp12.gliwice.pl\/sp15\/wp-json\/wp\/v2\/types\/page"}],"author":[{"embeddable":true,"href":"https:\/\/zsp12.gliwice.pl\/sp15\/wp-json\/wp\/v2\/users\/2"}],"replies":[{"embeddable":true,"href":"https:\/\/zsp12.gliwice.pl\/sp15\/wp-json\/wp\/v2\/comments?post=6343"}],"version-history":[{"count":3,"href":"https:\/\/zsp12.gliwice.pl\/sp15\/wp-json\/wp\/v2\/pages\/6343\/revisions"}],"predecessor-version":[{"id":6792,"href":"https:\/\/zsp12.gliwice.pl\/sp15\/wp-json\/wp\/v2\/pages\/6343\/revisions\/6792"}],"up":[{"embeddable":true,"href":"https:\/\/zsp12.gliwice.pl\/sp15\/wp-json\/wp\/v2\/pages\/5310"}],"wp:featuredmedia":[{"embeddable":true,"href":"https:\/\/zsp12.gliwice.pl\/sp15\/wp-json\/wp\/v2\/media\/16568"}],"wp:attachment":[{"href":"https:\/\/zsp12.gliwice.pl\/sp15\/wp-json\/wp\/v2\/media?parent=6343"}],"curies":[{"name":"wp","href":"https:\/\/api.w.org\/{rel}","templated":true}]}}