{"id":5310,"date":"2020-02-26T17:36:08","date_gmt":"2020-02-26T16:36:08","guid":{"rendered":"http:\/\/zsp12.gliwice.pl\/sp15\/?page_id=5310"},"modified":"2020-02-26T17:46:10","modified_gmt":"2020-02-26T16:46:10","slug":"aktywne-zatorze","status":"publish","type":"page","link":"https:\/\/zsp12.gliwice.pl\/sp15\/aktywne-zatorze\/","title":{"rendered":"AKTYWNE ZATORZE"},"content":{"rendered":"<ul>\n<li><em><a href=\"http:\/\/zsp12.gliwice.pl\/sp15\/wp-content\/uploads\/sites\/11\/2020\/02\/RODO_dzieci.doc\">RODO_dzieci<\/a>&nbsp;<\/em><\/li>\n<li><em><a href=\"http:\/\/zsp12.gliwice.pl\/sp15\/wp-content\/uploads\/sites\/11\/2020\/02\/RODO_dorosli.doc\">RODO_doro\u015bli<\/a>&nbsp;<\/em><\/li>\n<\/ul>\n<p><em><img loading=\"lazy\" decoding=\"async\" class=\"aligncenter wp-image-5060 size-large\" src=\"http:\/\/zsp12.gliwice.pl\/sp15\/wp-content\/uploads\/sites\/11\/2020\/02\/Plakat_Zatorze_1-724x1024.jpg\" alt=\"\" width=\"640\" height=\"905\" srcset=\"https:\/\/zsp12.gliwice.pl\/sp15\/wp-content\/uploads\/sites\/11\/2020\/02\/Plakat_Zatorze_1-724x1024.jpg 724w, https:\/\/zsp12.gliwice.pl\/sp15\/wp-content\/uploads\/sites\/11\/2020\/02\/Plakat_Zatorze_1-212x300.jpg 212w, https:\/\/zsp12.gliwice.pl\/sp15\/wp-content\/uploads\/sites\/11\/2020\/02\/Plakat_Zatorze_1-768x1086.jpg 768w, https:\/\/zsp12.gliwice.pl\/sp15\/wp-content\/uploads\/sites\/11\/2020\/02\/Plakat_Zatorze_1-17x24.jpg 17w, https:\/\/zsp12.gliwice.pl\/sp15\/wp-content\/uploads\/sites\/11\/2020\/02\/Plakat_Zatorze_1-25x36.jpg 25w, https:\/\/zsp12.gliwice.pl\/sp15\/wp-content\/uploads\/sites\/11\/2020\/02\/Plakat_Zatorze_1-34x48.jpg 34w, https:\/\/zsp12.gliwice.pl\/sp15\/wp-content\/uploads\/sites\/11\/2020\/02\/Plakat_Zatorze_1.jpg 1169w\" sizes=\"(max-width: 640px) 100vw, 640px\" \/><\/em><strong>PLIKI DO POBRANIA<\/strong><\/p>\n<ul>\n<li><em><a href=\"http:\/\/zsp12.gliwice.pl\/sp15\/wp-content\/uploads\/sites\/11\/2020\/02\/RODO_dzieci.doc\">RODO_dzieci<\/a>&nbsp;<\/em><\/li>\n<li><em><a href=\"http:\/\/zsp12.gliwice.pl\/sp15\/wp-content\/uploads\/sites\/11\/2020\/02\/RODO_dorosli.doc\">RODO_doro\u015bli<\/a>&nbsp;<\/em><\/li>\n<\/ul>\n<p><em>W dniu 03.02.2020 r. rozpocz\u0119li\u015bmy realizacj\u0119 projektu w ramach Bud\u017cetu Obywatelskiego 2020 pn. \u201eAktywne Zatorze\u201d. Projekt skierowany jest do os\u00f3b ma\u0142ych i du\u017cych zamieszkuj\u0105cych dzielnic\u0119 Zatorze. Zadanie obejmuje \u0142\u0105cznie 752 h bezp\u0142atnych zaj\u0119\u0107 i&nbsp;b\u0119dzie realizowany do 07.012.2020 z przerw\u0105 wakacyjn\u0105<\/em><\/p>\n<p><em>W ramach Zadania b\u0119dziemy mogli skorzysta\u0107 z nast\u0119puj\u0105cych zaj\u0119\u0107:<\/em><\/p>\n<ul>\n<li><em>Warsztaty:<br \/>\n<\/em><em>*<\/em><em>przyrodnicze \u201eNatura pod lup\u0105\u201d: powinny zawiera\u0107 do\u015bwiadczenia i&nbsp;eksperymenty oraz mo\u017cliwo\u015b\u0107 prowadzenia do\u015bwiadcze\u0144 i eksperyment\u00f3w, zg\u0142\u0119bianie tajnik\u00f3w funkcjonowania \u015bwiata przyrody, wykorzystywa\u0107 nowe technologie;<br \/>\n<\/em><em>*zielarskie \u201eZdrowie z natury\u201d: zg\u0142\u0119bienie wiedzy na temat praktycznego wykorzystania ro\u015blin, w tym w\u0142a\u015bciwo\u015bci zdrowotnych;<br \/>\n<\/em><em>*plastyczne \u201eWzorem natury\u201d: zaj\u0119cia z wykorzystaniem r\u00f3\u017cnorodnych technik plastycznych, w tym u\u017cycie przedmiot\u00f3w z recyklingu;<\/em><\/li>\n<li><em>Warsztaty:<br \/>\n<\/em><em>*ekologiczne \u201eK\u0105cik ekobadacza\u201d: utrwalenie wiadomo\u015bci z zakresu ekologii i&nbsp;ochrony \u015brodowiska, zapoznanie z dzia\u0142alno\u015bci\u0105 instytucji dzia\u0142aj\u0105cych na rzecz ochrony \u015brodowiska, popularyzacja ochrony ro\u015blin, zwierz\u0105t i owad\u00f3w, organizacja konkurs\u00f3w dla uczestnik\u00f3w w ramach zaj\u0119\u0107<br \/>\n<\/em><em>*ekologiczne- wyjazdowe \u201eK\u0105cik ekobadacza\u201d: utrwalenie wiadomo\u015bci z zakresu ekologii i ochrony \u015brodowiska, zapoznanie z dzia\u0142alno\u015bci\u0105 instytucji dzia\u0142aj\u0105cych na rzecz ochrony \u015brodowiska, popularyzacja ochrony ro\u015blin, zwierz\u0105t i owad\u00f3w;<\/em><\/li>\n<li><em>Warsztaty:<br \/>\n<\/em><em>*komputerowe: umiej\u0119tne korzystanie z nowinek technicznych, zaj\u0119cia z wykorzystaniem np. Lego mindstorm, ozobot\u00f3w, obs\u0142ugi komputera i aplikacji;<\/em><\/li>\n<li><em>Zaj\u0119cia:<br \/>\n<\/em><em>*sportowo \u2013 rekreacyjne \u201eZdrowy duch\u201d: zaj\u0119cia fitness, spotkania z dietetykiem, zaj\u0119cia taneczne, zaj\u0119cia szachowe, nording walking, si\u0142owni\u0119, sportowe gry zespo\u0142owe itp.;<\/em><\/li>\n<\/ul>\n<p style=\"text-align: center\"><em><strong>Zapisy na zaj\u0119cia trwaj\u0105 nieprzerwanie przez ca\u0142y czas trwania projektu, od poniedzia\u0142ku do pi\u0105tku, w godzinach od 8:00 do 15:00,<\/strong><strong>&nbsp;pod numerem telefonu 660 \u2013 165 \u2013 458<\/strong><strong>.<\/strong><\/em><\/p>\n<p style=\"text-align: center\"><em><strong>Serdecznie zapraszamy do udzia\u0142u w bezp\u0142atnych zaj\u0119ciach<\/strong>.<\/em><\/p>\n","protected":false},"excerpt":{"rendered":"<p>RODO_dzieci&nbsp; RODO_doro\u015bli&nbsp; PLIKI DO POBRANIA RODO_dzieci&nbsp; RODO_doro\u015bli&nbsp; W dniu 03.02.2020 r. rozpocz\u0119li\u015bmy realizacj\u0119 projektu w ramach Bud\u017cetu Obywatelskiego 2020 pn. \u201eAktywne Zatorze\u201d. Projekt skierowany jest do os\u00f3b ma\u0142ych i du\u017cych&#8230;<\/p>\n","protected":false},"author":2,"featured_media":16568,"parent":0,"menu_order":0,"comment_status":"closed","ping_status":"closed","template":"","meta":{"inline_featured_image":false,"ngg_post_thumbnail":0,"footnotes":""},"class_list":["post-5310","page","type-page","status-publish","has-post-thumbnail","hentry"],"_links":{"self":[{"href":"https:\/\/zsp12.gliwice.pl\/sp15\/wp-json\/wp\/v2\/pages\/5310"}],"collection":[{"href":"https:\/\/zsp12.gliwice.pl\/sp15\/wp-json\/wp\/v2\/pages"}],"about":[{"href":"https:\/\/zsp12.gliwice.pl\/sp15\/wp-json\/wp\/v2\/types\/page"}],"author":[{"embeddable":true,"href":"https:\/\/zsp12.gliwice.pl\/sp15\/wp-json\/wp\/v2\/users\/2"}],"replies":[{"embeddable":true,"href":"https:\/\/zsp12.gliwice.pl\/sp15\/wp-json\/wp\/v2\/comments?post=5310"}],"version-history":[{"count":2,"href":"https:\/\/zsp12.gliwice.pl\/sp15\/wp-json\/wp\/v2\/pages\/5310\/revisions"}],"predecessor-version":[{"id":5328,"href":"https:\/\/zsp12.gliwice.pl\/sp15\/wp-json\/wp\/v2\/pages\/5310\/revisions\/5328"}],"wp:featuredmedia":[{"embeddable":true,"href":"https:\/\/zsp12.gliwice.pl\/sp15\/wp-json\/wp\/v2\/media\/16568"}],"wp:attachment":[{"href":"https:\/\/zsp12.gliwice.pl\/sp15\/wp-json\/wp\/v2\/media?parent=5310"}],"curies":[{"name":"wp","href":"https:\/\/api.w.org\/{rel}","templated":true}]}}