{"id":4358,"date":"2019-11-14T22:57:02","date_gmt":"2019-11-14T21:57:02","guid":{"rendered":"http:\/\/zsp12.gliwice.pl\/sp15\/?page_id=4358"},"modified":"2019-12-15T16:07:25","modified_gmt":"2019-12-15T15:07:25","slug":"erasmus","status":"publish","type":"page","link":"https:\/\/zsp12.gliwice.pl\/sp15\/erasmus\/","title":{"rendered":"Erasmus"},"content":{"rendered":"<p><strong>\u00a0 \u00a0 \u00a0 \u00a0 \u00a0 \u00a0 \u00a0 \u00a0 \u00a0 \u00a0 \u00a0 \u00a0 \u00a0 \u00a0 \u00a0 \u00a0 \u00a0\u00a0<\/strong><strong><img loading=\"lazy\" decoding=\"async\" class=\"size-full wp-image-4530 aligncenter\" src=\"http:\/\/zsp12.gliwice.pl\/sp15\/wp-content\/uploads\/sites\/11\/2019\/11\/e.jpg\" alt=\"\" width=\"314\" height=\"160\" srcset=\"https:\/\/zsp12.gliwice.pl\/sp15\/wp-content\/uploads\/sites\/11\/2019\/11\/e.jpg 314w, https:\/\/zsp12.gliwice.pl\/sp15\/wp-content\/uploads\/sites\/11\/2019\/11\/e-300x153.jpg 300w, https:\/\/zsp12.gliwice.pl\/sp15\/wp-content\/uploads\/sites\/11\/2019\/11\/e-24x12.jpg 24w, https:\/\/zsp12.gliwice.pl\/sp15\/wp-content\/uploads\/sites\/11\/2019\/11\/e-36x18.jpg 36w, https:\/\/zsp12.gliwice.pl\/sp15\/wp-content\/uploads\/sites\/11\/2019\/11\/e-48x24.jpg 48w\" sizes=\"(max-width: 314px) 100vw, 314px\" \/><br \/>\n<\/strong><\/p>\n<p style=\"text-align: center\"><strong> 2019 -2021<\/strong><\/p>\n<p style=\"text-align: center\">Rozpoczynamy realizacj\u0119 dwuletniego mi\u0119dzynarodowego projektu pt<\/p>\n<p style=\"text-align: center\"><strong><u>European Sustainable Tourism<\/u><\/strong><\/p>\n<p style=\"text-align: center\">ramach programu ERASMUS+\u00a0 KA229 &#8211; School Exchange Partnerships<\/p>\n<p style=\"text-align: center\"><u>Czas trwania projektu : 1.09.2019- 31.08.2021<\/u><\/p>\n<p style=\"text-align: center\">Projekt \u00a0b\u0119dzie realizowany we wsp\u00f3\u0142pracy ze szko\u0142ami z Niemiec, Hiszpanii, Estonii.<\/p>\n<p><strong>\u00a0<\/strong><\/p>\n<p><img loading=\"lazy\" decoding=\"async\" class=\" wp-image-4532 aligncenter\" src=\"http:\/\/zsp12.gliwice.pl\/sp15\/wp-content\/uploads\/sites\/11\/2019\/11\/grem.jpg\" alt=\"\" width=\"153\" height=\"77\" srcset=\"https:\/\/zsp12.gliwice.pl\/sp15\/wp-content\/uploads\/sites\/11\/2019\/11\/grem.jpg 642w, https:\/\/zsp12.gliwice.pl\/sp15\/wp-content\/uploads\/sites\/11\/2019\/11\/grem-300x151.jpg 300w, https:\/\/zsp12.gliwice.pl\/sp15\/wp-content\/uploads\/sites\/11\/2019\/11\/grem-24x12.jpg 24w, https:\/\/zsp12.gliwice.pl\/sp15\/wp-content\/uploads\/sites\/11\/2019\/11\/grem-36x18.jpg 36w, https:\/\/zsp12.gliwice.pl\/sp15\/wp-content\/uploads\/sites\/11\/2019\/11\/grem-48x24.jpg 48w\" sizes=\"(max-width: 153px) 100vw, 153px\" \/><\/p>\n<p style=\"text-align: center\"><strong>Szko\u0142a niemiecka<\/strong><strong>: \u00a0Gymnasium Rheinkamp Europaschu <\/strong><a href=\"https:\/\/www.gymnasium-rheinkamp.de\/\">https:\/\/www.gymnasium-rheinkamp.de\/<\/a><\/p>\n<p style=\"text-align: center\"><img loading=\"lazy\" decoding=\"async\" class=\"wp-image-4533 aligncenter\" src=\"http:\/\/zsp12.gliwice.pl\/sp15\/wp-content\/uploads\/sites\/11\/2019\/11\/ins.jpg\" alt=\"\" width=\"194\" height=\"118\" srcset=\"https:\/\/zsp12.gliwice.pl\/sp15\/wp-content\/uploads\/sites\/11\/2019\/11\/ins.jpg 793w, https:\/\/zsp12.gliwice.pl\/sp15\/wp-content\/uploads\/sites\/11\/2019\/11\/ins-300x183.jpg 300w, https:\/\/zsp12.gliwice.pl\/sp15\/wp-content\/uploads\/sites\/11\/2019\/11\/ins-768x468.jpg 768w, https:\/\/zsp12.gliwice.pl\/sp15\/wp-content\/uploads\/sites\/11\/2019\/11\/ins-24x15.jpg 24w, https:\/\/zsp12.gliwice.pl\/sp15\/wp-content\/uploads\/sites\/11\/2019\/11\/ins-36x22.jpg 36w, https:\/\/zsp12.gliwice.pl\/sp15\/wp-content\/uploads\/sites\/11\/2019\/11\/ins-48x29.jpg 48w\" sizes=\"(max-width: 194px) 100vw, 194px\" \/><\/p>\n<p style=\"text-align: center\"><strong>Szko\u0142a hiszpa\u0144ska: \u00a0Institut de Navarcles<\/strong> \u00a0\u00a0<a href=\"https:\/\/agora.xtec.cat\/sesnavarcles\/\">https:\/\/agora.xtec.cat\/sesnavarcles\/<\/a><\/p>\n<p style=\"text-align: center\"><img loading=\"lazy\" decoding=\"async\" class=\"wp-image-4534 aligncenter\" src=\"http:\/\/zsp12.gliwice.pl\/sp15\/wp-content\/uploads\/sites\/11\/2019\/11\/est.png\" alt=\"\" width=\"209\" height=\"99\" srcset=\"https:\/\/zsp12.gliwice.pl\/sp15\/wp-content\/uploads\/sites\/11\/2019\/11\/est.png 1885w, https:\/\/zsp12.gliwice.pl\/sp15\/wp-content\/uploads\/sites\/11\/2019\/11\/est-300x141.png 300w, https:\/\/zsp12.gliwice.pl\/sp15\/wp-content\/uploads\/sites\/11\/2019\/11\/est-768x362.png 768w, https:\/\/zsp12.gliwice.pl\/sp15\/wp-content\/uploads\/sites\/11\/2019\/11\/est-1024x483.png 1024w, https:\/\/zsp12.gliwice.pl\/sp15\/wp-content\/uploads\/sites\/11\/2019\/11\/est-24x11.png 24w, https:\/\/zsp12.gliwice.pl\/sp15\/wp-content\/uploads\/sites\/11\/2019\/11\/est-36x17.png 36w, https:\/\/zsp12.gliwice.pl\/sp15\/wp-content\/uploads\/sites\/11\/2019\/11\/est-48x23.png 48w\" sizes=\"(max-width: 209px) 100vw, 209px\" \/><\/p>\n<p style=\"text-align: center\"><strong>Szko\u0142a esto\u0144ska: <\/strong><strong>\u00a0Kuressaare G\u00fcmnaasium\u00a0<\/strong><a href=\"https:\/\/www.oesel.ee\/kg\/\">https:\/\/www.oesel.ee\/kg\/<\/a><\/p>\n<p style=\"text-align: center\"><img loading=\"lazy\" decoding=\"async\" class=\"wp-image-4535 aligncenter\" src=\"http:\/\/zsp12.gliwice.pl\/sp15\/wp-content\/uploads\/sites\/11\/2019\/11\/logo-zsp12.png\" alt=\"\" width=\"67\" height=\"85\" srcset=\"https:\/\/zsp12.gliwice.pl\/sp15\/wp-content\/uploads\/sites\/11\/2019\/11\/logo-zsp12.png 1129w, https:\/\/zsp12.gliwice.pl\/sp15\/wp-content\/uploads\/sites\/11\/2019\/11\/logo-zsp12-238x300.png 238w, https:\/\/zsp12.gliwice.pl\/sp15\/wp-content\/uploads\/sites\/11\/2019\/11\/logo-zsp12-768x970.png 768w, https:\/\/zsp12.gliwice.pl\/sp15\/wp-content\/uploads\/sites\/11\/2019\/11\/logo-zsp12-811x1024.png 811w, https:\/\/zsp12.gliwice.pl\/sp15\/wp-content\/uploads\/sites\/11\/2019\/11\/logo-zsp12-19x24.png 19w, https:\/\/zsp12.gliwice.pl\/sp15\/wp-content\/uploads\/sites\/11\/2019\/11\/logo-zsp12-29x36.png 29w, https:\/\/zsp12.gliwice.pl\/sp15\/wp-content\/uploads\/sites\/11\/2019\/11\/logo-zsp12-38x48.png 38w\" sizes=\"(max-width: 67px) 100vw, 67px\" \/><\/p>\n<p style=\"text-align: center\"><strong>Szko\u0142a polska : Zesp\u00f3\u0142 Szkolno-przedszkolny nr 12 w Gliwicach\u00a0<\/strong><a href=\"http:\/\/zsp12.gliwice.pl\/sp15\/\">http:\/\/zsp12.gliwice.pl\/sp15\/<\/a><\/p>\n<p><strong>\u00a0<\/strong><\/p>\n<p><em>M\u0142odzi ludzie dorastaj\u0105 dzi\u015b z mn\u00f3stwem mo\u017cliwo\u015bci podr\u00f3\u017cowania po Europie i \u015bwiecie.<\/em><\/p>\n<p><em>Jednocze\u015bnie pojawia\u00a0 nowa generacja turyst\u00f3w, zwracaj\u0105cych szczeg\u00f3ln\u0105 uwag\u0119 na aspekt ekologiczny podr\u00f3\u017cowania . Turystyka zr\u00f3wnowa\u017cona nazywana jest r\u00f3wnie\u017c turystyk\u0105 odpowiedzialn\u0105.<\/em><\/p>\n<p><em>Projekt dotyczy rozwoju turystyki\u00a0 w regionach szk\u00f3\u0142 partnerskich oraz\u00a0 wp\u0142ywu turystyki na sytuacj\u0119 ekonomiczn\u0105, \u015brodowiskow\u0105 regionu oraz\u00a0 dalsze kierunki jej rozwoju i mo\u017cliwo\u015bci jakie ten dzia\u0142 gospodarki daje na przysz\u0142o\u015b\u0107 oferuj\u0105c nowe i interesuj\u0105ce miejsca pracy.<\/em><\/p>\n<p><em>Wsp\u00f3\u0142praca z partnerami europejskimi w ma\u0142ych grupach, komunikacja za po\u015brednictwem r\u00f3\u017cnych rodzaj\u00f3w technologii informacyjno-komunikacyjnych oraz do\u015bwiadczenia zdobyte podczas wizyt szkolnych b\u0119d\u0105 wspiera\u0107 kompetencje mi\u0119dzykulturowe, j\u0119zykowe i ICT uczni\u00f3w. Wszystkie te kompetencje s\u0105 wysoce po\u017c\u0105dane na dzisiejszym i przysz\u0142ym\u00a0 rynku pracy, zar\u00f3wno w kraju jak i w ca\u0142ej Europie.<\/em><\/p>\n<p><em>Uczniowie b\u0119d\u0105 bada\u0107 wiele aspekt\u00f3w turystyki, a mianowicie faktyczn\u0105 sytuacj\u0119 turystyki w regionach\u00a0 oraz przysz\u0142e pomys\u0142y i szanse na zr\u00f3wnowa\u017cony rozw\u00f3j w turystyce.<\/em><\/p>\n<p><a href=\"http:\/\/zsp12.gliwice.pl\/sp15\/wp-content\/uploads\/sites\/11\/2019\/12\/GRUPY-EST-.pdf\">GRUPY EST<\/a><\/p>\n","protected":false},"excerpt":{"rendered":"<p>\u00a0 \u00a0 \u00a0 \u00a0 \u00a0 \u00a0 \u00a0 \u00a0 \u00a0 \u00a0 \u00a0 \u00a0 \u00a0 \u00a0 \u00a0 \u00a0 \u00a0\u00a0 2019 -2021 Rozpoczynamy realizacj\u0119 dwuletniego mi\u0119dzynarodowego projektu pt European Sustainable Tourism ramach programu&#8230;<\/p>\n","protected":false},"author":1,"featured_media":4530,"parent":0,"menu_order":0,"comment_status":"closed","ping_status":"closed","template":"","meta":{"inline_featured_image":false,"ngg_post_thumbnail":0,"footnotes":""},"class_list":["post-4358","page","type-page","status-publish","has-post-thumbnail","hentry"],"_links":{"self":[{"href":"https:\/\/zsp12.gliwice.pl\/sp15\/wp-json\/wp\/v2\/pages\/4358"}],"collection":[{"href":"https:\/\/zsp12.gliwice.pl\/sp15\/wp-json\/wp\/v2\/pages"}],"about":[{"href":"https:\/\/zsp12.gliwice.pl\/sp15\/wp-json\/wp\/v2\/types\/page"}],"author":[{"embeddable":true,"href":"https:\/\/zsp12.gliwice.pl\/sp15\/wp-json\/wp\/v2\/users\/1"}],"replies":[{"embeddable":true,"href":"https:\/\/zsp12.gliwice.pl\/sp15\/wp-json\/wp\/v2\/comments?post=4358"}],"version-history":[{"count":4,"href":"https:\/\/zsp12.gliwice.pl\/sp15\/wp-json\/wp\/v2\/pages\/4358\/revisions"}],"predecessor-version":[{"id":4883,"href":"https:\/\/zsp12.gliwice.pl\/sp15\/wp-json\/wp\/v2\/pages\/4358\/revisions\/4883"}],"wp:featuredmedia":[{"embeddable":true,"href":"https:\/\/zsp12.gliwice.pl\/sp15\/wp-json\/wp\/v2\/media\/4530"}],"wp:attachment":[{"href":"https:\/\/zsp12.gliwice.pl\/sp15\/wp-json\/wp\/v2\/media?parent=4358"}],"curies":[{"name":"wp","href":"https:\/\/api.w.org\/{rel}","templated":true}]}}