{"id":26427,"date":"2025-11-27T07:37:45","date_gmt":"2025-11-27T06:37:45","guid":{"rendered":"https:\/\/zsp12.gliwice.pl\/sp15\/?page_id=26427"},"modified":"2025-12-23T13:48:04","modified_gmt":"2025-12-23T12:48:04","slug":"szkolny-budzet-obywatelski","status":"publish","type":"page","link":"https:\/\/zsp12.gliwice.pl\/sp15\/szkolny-budzet-obywatelski\/","title":{"rendered":"SZKOLNY BUD\u017bET OBYWATELSKI"},"content":{"rendered":"\n<div class=\"wp-block-media-text is-stacked-on-mobile\" style=\"grid-template-columns:15% auto\"><figure class=\"wp-block-media-text__media\"><img loading=\"lazy\" decoding=\"async\" width=\"604\" height=\"249\" src=\"https:\/\/zsp12.gliwice.pl\/sp15\/wp-content\/uploads\/sites\/11\/2025\/11\/Logo-SBO.jpg\" alt=\"\" class=\"wp-image-26429 size-full\" \/><\/figure><div class=\"wp-block-media-text__content\">\n<p><a href=\"https:\/\/zsp12.gliwice.pl\/sp15\/blog\/2025\/12\/18\/szkolny-budzet-obywatelski-wchodzi-w-kolejny-etap\/\">SZKOLNY BUD\u017bET OBYWATELSKI WCHODZI W KOLEJNY ETAP!<\/a><\/p>\n<\/div><\/div>\n\n\n\n<div class=\"wp-block-media-text is-stacked-on-mobile\" style=\"grid-template-columns:15% auto\"><figure class=\"wp-block-media-text__media\"><img loading=\"lazy\" decoding=\"async\" width=\"604\" height=\"249\" src=\"https:\/\/zsp12.gliwice.pl\/sp15\/wp-content\/uploads\/sites\/11\/2025\/11\/Logo-SBO.jpg\" alt=\"\" class=\"wp-image-26429 size-full\" \/><\/figure><div class=\"wp-block-media-text__content\">\n<p><a href=\"https:\/\/zsp12.gliwice.pl\/sp15\/blog\/2025\/11\/25\/w-naszej-szkole-rusza-szkolny-budzet-obywatelski\/\">\u00a0W naszej szkole rusza Szkolny Bud\u017cet Obywatelski!<\/a><\/p>\n<\/div><\/div>\n\n\n<p><img loading=\"lazy\" decoding=\"async\" class=\"size-full wp-image-26429 aligncenter\" src=\"https:\/\/zsp12.gliwice.pl\/sp15\/wp-content\/uploads\/sites\/11\/2025\/11\/Logo-SBO.jpg\" alt=\"\" width=\"604\" height=\"249\"><\/p>\n<ol>\n<li><strong>Co to jest SBO?<\/strong><\/li>\n<\/ol>\n<p>To program, w kt\u00f3rym&nbsp;<strong>uczniowie zg\u0142aszaj\u0105 pomys\u0142y na dzia\u0142ania lub zakupy dla szko\u0142y<\/strong>, a potem&nbsp;<strong>wszyscy uczniowie g\u0142osuj\u0105<\/strong>, kt\u00f3re projekty zostan\u0105 zrealizowane.<\/p>\n<p>Szko\u0142a ma na to&nbsp;<strong>10 000 z\u0142<\/strong>, a jeden projekt mo\u017ce kosztowa\u0107 maksymalnie&nbsp;<strong>5 000 z\u0142<\/strong>.<\/p>\n<ol start=\"2\">\n<li><strong>Kto mo\u017ce zg\u0142osi\u0107 projekt?<\/strong><\/li>\n<\/ol>\n<p>Ka\u017cdy ucze\u0144 szko\u0142y mo\u017ce z\u0142o\u017cy\u0107&nbsp;<strong>1 projekt<\/strong>.<\/p>\n<ol start=\"3\">\n<li><strong>Jaki ma by\u0107 projekt?<\/strong><\/li>\n<\/ol>\n<p>Tw\u00f3j pomys\u0142 powinien:<\/p>\n<ul>\n<li>s\u0142u\u017cy\u0107&nbsp;<strong>spo\u0142eczno\u015bci szkolnej<\/strong>&nbsp;lub mieszka\u0144com Gliwic,<\/li>\n<li>mie\u0107 charakter&nbsp;<strong>spo\u0142eczny, charytatywny lub integruj\u0105cy<\/strong>,<\/li>\n<li>by\u0107 mo\u017cliwy do wykonania w mie\u015bcie Gliwice,<\/li>\n<li>zmie\u015bci\u0107 si\u0119 w bud\u017cecie&nbsp;<strong>do 5000 z\u0142<\/strong>.<\/li>\n<\/ul>\n<p>Przyk\u0142ady: gry terenowe, zakup sprz\u0119tu, warsztaty, akcje integracyjne, dzia\u0142ania charytatywne.<\/p>\n<ol>\n<li><strong>Jak zg\u0142osi\u0107 projekt?<\/strong><\/li>\n<li>Wype\u0142nij&nbsp;<strong>formularz projektu<\/strong>.<\/li>\n<li>Zbierz&nbsp;<strong>co najmniej 10 podpis\u00f3w poparcia<\/strong>&nbsp;od innych uczni\u00f3w.<\/li>\n<li>Oddaj projekt w formie papierowej w sekretariacie&nbsp;<strong>do 12.12.2025<\/strong>.<\/li>\n<li><strong>Co dzieje si\u0119 dalej?<\/strong><\/li>\n<\/ol>\n<p><strong>Weryfikacja<\/strong><\/p>\n<p>Zesp\u00f3\u0142 ds. SBO sprawdzi:<\/p>\n<ul>\n<li>czy projekt zosta\u0142 z\u0142o\u017cony poprawnie,<\/li>\n<li>czy zmie\u015bci si\u0119 w bud\u017cecie,<\/li>\n<li>czy jest mo\u017cliwy do realizacji.<\/li>\n<\/ul>\n<p>Powstanie lista projekt\u00f3w dopuszczonych do g\u0142osowania.<\/p>\n<ol start=\"5\">\n<li><strong>G\u0142osowanie<\/strong><\/li>\n<\/ol>\n<p>&nbsp;G\u0142osuj\u0105&nbsp;<strong>wy\u0142\u0105cznie uczniowie szko\u0142y<\/strong>.<br \/>&nbsp;G\u0142osowanie odbywa si\u0119 na&nbsp;<strong>papierowych kartach \u2013 20.01.2026<\/strong>.<br \/>&nbsp;Ka\u017cdy ucze\u0144 mo\u017ce g\u0142osowa\u0107&nbsp;<strong>tylko raz<\/strong>.<br \/>&nbsp;Wygrywaj\u0105 projekty z najwi\u0119ksz\u0105 liczb\u0105 g\u0142os\u00f3w \u2013 a\u017c do wykorzystania ca\u0142ego bud\u017cetu.<\/p>\n<ol start=\"6\">\n<li><strong>Wyniki i realizacja<\/strong><\/li>\n<\/ol>\n<p>Wyniki b\u0119d\u0105 og\u0142oszone na stronie szko\u0142y i tablicy og\u0142osze\u0144&nbsp;<strong>27.01.2026<\/strong>.<\/p>\n<p>Wybrane projekty zostan\u0105 zrealizowane do&nbsp;<strong>ko\u0144ca roku szkolnego 2025\/2026 r.<\/strong><\/p>\n<ol start=\"7\">\n<li><strong>Koordynatorzy<\/strong><\/li>\n<\/ol>\n<p>Koordynatorami realizowania Szkolnego Bud\u017cetu Obywatelskiego z&nbsp;ramienia szko\u0142y s\u0105:<\/p>\n<ul>\n<li><strong>Marta Hadamek-Go\u017adziewicz<\/strong><\/li>\n<li><strong>Beata Jasi\u0144ska<\/strong><\/li>\n<\/ul>\n<p><strong>&nbsp;<\/strong><\/p>\n<ol start=\"8\">\n<li><strong>Pami\u0119taj!<\/strong><\/li>\n<\/ol>\n<p><strong>To Ty masz wp\u0142yw na to, co zmieni si\u0119 w Twojej szkole.<br \/><\/strong><strong>Masz pomys\u0142? Zg\u0142o\u015b go i przekonaj innych, \u017ceby na niego zag\u0142osowali!<\/strong><\/p>\n<p>&nbsp;<\/p>\n\n\n<div class=\"wp-block-file\"><a id=\"wp-block-file--media-16e8d5bc-6c42-4914-8d92-1396e8ef3951\" href=\"https:\/\/zsp12.gliwice.pl\/sp15\/wp-content\/uploads\/sites\/11\/2025\/11\/SBO-Formularz-zgloszenia-projektu.docx\">SBO Formularz zg\u0142oszenia projektu<\/a><a href=\"https:\/\/zsp12.gliwice.pl\/sp15\/wp-content\/uploads\/sites\/11\/2025\/11\/SBO-Formularz-zgloszenia-projektu.docx\" class=\"wp-block-file__button wp-element-button\" download aria-describedby=\"wp-block-file--media-16e8d5bc-6c42-4914-8d92-1396e8ef3951\">Pobierz<\/a><\/div>\n\n\n\n<div class=\"wp-block-file\"><a id=\"wp-block-file--media-76f9d21a-13d2-4078-8a95-22875b9c0456\" href=\"https:\/\/zsp12.gliwice.pl\/sp15\/wp-content\/uploads\/sites\/11\/2025\/11\/SBO-Lista-poparcie-projektu.docx\">SBO Lista poparcie projektu<\/a><a href=\"https:\/\/zsp12.gliwice.pl\/sp15\/wp-content\/uploads\/sites\/11\/2025\/11\/SBO-Lista-poparcie-projektu.docx\" class=\"wp-block-file__button wp-element-button\" download aria-describedby=\"wp-block-file--media-76f9d21a-13d2-4078-8a95-22875b9c0456\">Pobierz<\/a><\/div>\n\n\n\n<div class=\"wp-block-file\"><a id=\"wp-block-file--media-671a7cf2-1d8c-44f5-bc08-1ede15bc026c\" href=\"https:\/\/zsp12.gliwice.pl\/sp15\/wp-content\/uploads\/sites\/11\/2025\/11\/REGULAMIN_SZKOLNEGO_BUDZETU_OBYWATELSKEGO.docx\">REGULAMIN_SZKOLNEGO_BUDZETU_OBYWATELSKEGO<\/a><a href=\"https:\/\/zsp12.gliwice.pl\/sp15\/wp-content\/uploads\/sites\/11\/2025\/11\/REGULAMIN_SZKOLNEGO_BUDZETU_OBYWATELSKEGO.docx\" class=\"wp-block-file__button wp-element-button\" download aria-describedby=\"wp-block-file--media-671a7cf2-1d8c-44f5-bc08-1ede15bc026c\">Pobierz<\/a><\/div>\n\n\n\n<p><\/p>\n","protected":false},"excerpt":{"rendered":"<p>SZKOLNY BUD\u017bET OBYWATELSKI WCHODZI W KOLEJNY ETAP! \u00a0W naszej szkole rusza Szkolny Bud\u017cet Obywatelski! Co to jest SBO? To program, w kt\u00f3rym&nbsp;uczniowie zg\u0142aszaj\u0105 pomys\u0142y na dzia\u0142ania lub zakupy dla szko\u0142y,&#8230;<\/p>\n","protected":false},"author":2,"featured_media":16568,"parent":0,"menu_order":0,"comment_status":"closed","ping_status":"closed","template":"","meta":{"inline_featured_image":false,"ngg_post_thumbnail":0,"footnotes":""},"class_list":["post-26427","page","type-page","status-publish","has-post-thumbnail","hentry"],"_links":{"self":[{"href":"https:\/\/zsp12.gliwice.pl\/sp15\/wp-json\/wp\/v2\/pages\/26427"}],"collection":[{"href":"https:\/\/zsp12.gliwice.pl\/sp15\/wp-json\/wp\/v2\/pages"}],"about":[{"href":"https:\/\/zsp12.gliwice.pl\/sp15\/wp-json\/wp\/v2\/types\/page"}],"author":[{"embeddable":true,"href":"https:\/\/zsp12.gliwice.pl\/sp15\/wp-json\/wp\/v2\/users\/2"}],"replies":[{"embeddable":true,"href":"https:\/\/zsp12.gliwice.pl\/sp15\/wp-json\/wp\/v2\/comments?post=26427"}],"version-history":[{"count":5,"href":"https:\/\/zsp12.gliwice.pl\/sp15\/wp-json\/wp\/v2\/pages\/26427\/revisions"}],"predecessor-version":[{"id":26940,"href":"https:\/\/zsp12.gliwice.pl\/sp15\/wp-json\/wp\/v2\/pages\/26427\/revisions\/26940"}],"wp:featuredmedia":[{"embeddable":true,"href":"https:\/\/zsp12.gliwice.pl\/sp15\/wp-json\/wp\/v2\/media\/16568"}],"wp:attachment":[{"href":"https:\/\/zsp12.gliwice.pl\/sp15\/wp-json\/wp\/v2\/media?parent=26427"}],"curies":[{"name":"wp","href":"https:\/\/api.w.org\/{rel}","templated":true}]}}