{"id":25816,"date":"2025-09-30T16:44:09","date_gmt":"2025-09-30T14:44:09","guid":{"rendered":"https:\/\/zsp12.gliwice.pl\/sp15\/?page_id=25816"},"modified":"2026-04-07T08:07:10","modified_gmt":"2026-04-07T06:07:10","slug":"jadlospis","status":"publish","type":"page","link":"https:\/\/zsp12.gliwice.pl\/sp15\/jadlospis\/","title":{"rendered":"JAD\u0141OSPIS"},"content":{"rendered":"\n<div class=\"wp-block-file\"><a id=\"wp-block-file--media-a7a81d66-5406-47ae-9b13-6df5096a1542\" href=\"https:\/\/zsp12.gliwice.pl\/sp15\/wp-content\/uploads\/sites\/11\/2026\/04\/Jadlospis_SZKOLA_04_26.pdf\">Jad\u0142ospis szko\u0142a &#8211; kwiecie\u0144<\/a><a href=\"https:\/\/zsp12.gliwice.pl\/sp15\/wp-content\/uploads\/sites\/11\/2026\/04\/Jadlospis_SZKOLA_04_26.pdf\" class=\"wp-block-file__button wp-element-button\" download aria-describedby=\"wp-block-file--media-a7a81d66-5406-47ae-9b13-6df5096a1542\">Pobierz<\/a><\/div>\n\n\n\n<div class=\"wp-block-file\"><a id=\"wp-block-file--media-654fb415-8893-4ea1-b4bb-2383e18502bf\" href=\"https:\/\/zsp12.gliwice.pl\/sp15\/wp-content\/uploads\/sites\/11\/2026\/03\/Jadlospis_03_26_SZKOLA.pdf\">Jad\u0142ospis szko\u0142a &#8211; marzec<\/a><a href=\"https:\/\/zsp12.gliwice.pl\/sp15\/wp-content\/uploads\/sites\/11\/2026\/03\/Jadlospis_03_26_SZKOLA.pdf\" class=\"wp-block-file__button wp-element-button\" download aria-describedby=\"wp-block-file--media-654fb415-8893-4ea1-b4bb-2383e18502bf\">Pobierz<\/a><\/div>\n\n\n\n<div class=\"wp-block-file\"><a id=\"wp-block-file--media-f656cea3-33cc-43e9-81e6-d3a20cb15d52\" href=\"https:\/\/zsp12.gliwice.pl\/sp15\/wp-content\/uploads\/sites\/11\/2026\/01\/02_26_SZKOLA.pdf\">Jad\u0142ospis szko\u0142a &#8211; luty<\/a><a href=\"https:\/\/zsp12.gliwice.pl\/sp15\/wp-content\/uploads\/sites\/11\/2026\/01\/02_26_SZKOLA.pdf\" class=\"wp-block-file__button wp-element-button\" download aria-describedby=\"wp-block-file--media-f656cea3-33cc-43e9-81e6-d3a20cb15d52\">Pobierz<\/a><\/div>\n\n\n\n<div class=\"wp-block-file\"><a id=\"wp-block-file--media-5737d2f5-6030-463a-bedc-58d8e55225f4\" href=\"https:\/\/zsp12.gliwice.pl\/sp15\/wp-content\/uploads\/sites\/11\/2026\/01\/Jadlospis_SZKOLA_01_26.pdf\">Jad\u0142ospis &#8211; stycze\u0144<\/a><a href=\"https:\/\/zsp12.gliwice.pl\/sp15\/wp-content\/uploads\/sites\/11\/2026\/01\/Jadlospis_SZKOLA_01_26.pdf\" class=\"wp-block-file__button wp-element-button\" download aria-describedby=\"wp-block-file--media-5737d2f5-6030-463a-bedc-58d8e55225f4\">Pobierz<\/a><\/div>\n\n\n\n<div class=\"wp-block-file\"><a id=\"wp-block-file--media-ba4446cc-4937-44c6-a306-5789e1934f70\" href=\"https:\/\/zsp12.gliwice.pl\/sp15\/wp-content\/uploads\/sites\/11\/2025\/11\/SZKOLA_12_25.pdf\">Jad\u0142ospis szko\u0142a &#8211; grudzie\u0144<\/a><a href=\"https:\/\/zsp12.gliwice.pl\/sp15\/wp-content\/uploads\/sites\/11\/2025\/11\/SZKOLA_12_25.pdf\" class=\"wp-block-file__button wp-element-button\" download aria-describedby=\"wp-block-file--media-ba4446cc-4937-44c6-a306-5789e1934f70\">Pobierz<\/a><\/div>\n\n\n\n<div class=\"wp-block-file\"><a id=\"wp-block-file--media-bcdcbe95-6dbf-4f15-8997-d633bb4bdf49\" href=\"https:\/\/zsp12.gliwice.pl\/sp15\/wp-content\/uploads\/sites\/11\/2025\/11\/SZKOLA_11_25_PDF.pdf\">Jad\u0142ospis szko\u0142a &#8211; listopad<\/a><a href=\"https:\/\/zsp12.gliwice.pl\/sp15\/wp-content\/uploads\/sites\/11\/2025\/11\/SZKOLA_11_25_PDF.pdf\" class=\"wp-block-file__button wp-element-button\" download aria-describedby=\"wp-block-file--media-bcdcbe95-6dbf-4f15-8997-d633bb4bdf49\">Pobierz<\/a><\/div>\n\n\n\n<div class=\"wp-block-file\"><a id=\"wp-block-file--media-0ff9337f-4549-463a-b075-9f959d507e6b\" href=\"https:\/\/zsp12.gliwice.pl\/sp15\/wp-content\/uploads\/sites\/11\/2025\/09\/Jadlospis-szkola.pdf\">Jad\u0142ospis szko\u0142a &#8211; pa\u017adziernik<\/a><a href=\"https:\/\/zsp12.gliwice.pl\/sp15\/wp-content\/uploads\/sites\/11\/2025\/09\/Jadlospis-szkola.pdf\" class=\"wp-block-file__button wp-element-button\" download aria-describedby=\"wp-block-file--media-0ff9337f-4549-463a-b075-9f959d507e6b\">Pobierz<\/a><\/div>\n\n\n\n<p><\/p>\n","protected":false},"excerpt":{"rendered":"","protected":false},"author":2,"featured_media":16568,"parent":0,"menu_order":0,"comment_status":"closed","ping_status":"closed","template":"","meta":{"inline_featured_image":false,"ngg_post_thumbnail":0,"footnotes":""},"class_list":["post-25816","page","type-page","status-publish","has-post-thumbnail","hentry"],"_links":{"self":[{"href":"https:\/\/zsp12.gliwice.pl\/sp15\/wp-json\/wp\/v2\/pages\/25816"}],"collection":[{"href":"https:\/\/zsp12.gliwice.pl\/sp15\/wp-json\/wp\/v2\/pages"}],"about":[{"href":"https:\/\/zsp12.gliwice.pl\/sp15\/wp-json\/wp\/v2\/types\/page"}],"author":[{"embeddable":true,"href":"https:\/\/zsp12.gliwice.pl\/sp15\/wp-json\/wp\/v2\/users\/2"}],"replies":[{"embeddable":true,"href":"https:\/\/zsp12.gliwice.pl\/sp15\/wp-json\/wp\/v2\/comments?post=25816"}],"version-history":[{"count":8,"href":"https:\/\/zsp12.gliwice.pl\/sp15\/wp-json\/wp\/v2\/pages\/25816\/revisions"}],"predecessor-version":[{"id":27566,"href":"https:\/\/zsp12.gliwice.pl\/sp15\/wp-json\/wp\/v2\/pages\/25816\/revisions\/27566"}],"wp:featuredmedia":[{"embeddable":true,"href":"https:\/\/zsp12.gliwice.pl\/sp15\/wp-json\/wp\/v2\/media\/16568"}],"wp:attachment":[{"href":"https:\/\/zsp12.gliwice.pl\/sp15\/wp-json\/wp\/v2\/media?parent=25816"}],"curies":[{"name":"wp","href":"https:\/\/api.w.org\/{rel}","templated":true}]}}