{"id":25752,"date":"2025-09-25T17:15:44","date_gmt":"2025-09-25T15:15:44","guid":{"rendered":"https:\/\/zsp12.gliwice.pl\/sp15\/?page_id=25752"},"modified":"2026-02-13T13:32:44","modified_gmt":"2026-02-13T12:32:44","slug":"2025-2026-2","status":"publish","type":"page","link":"https:\/\/zsp12.gliwice.pl\/sp15\/2025-2026-2\/","title":{"rendered":"2025\/2026"},"content":{"rendered":"\n<div class=\"wp-block-media-text is-stacked-on-mobile\" style=\"grid-template-columns:15% auto\"><figure class=\"wp-block-media-text__media\"><img loading=\"lazy\" decoding=\"async\" width=\"150\" height=\"150\" src=\"https:\/\/zsp12.gliwice.pl\/sp15\/wp-content\/uploads\/sites\/11\/2026\/02\/nggallery_import\/IMG_20260210_101524-150x150.jpg\" alt=\"\" class=\"wp-image-27307 size-thumbnail\" srcset=\"https:\/\/zsp12.gliwice.pl\/sp15\/wp-content\/uploads\/sites\/11\/2026\/02\/nggallery_import\/IMG_20260210_101524-150x150.jpg 150w, https:\/\/zsp12.gliwice.pl\/sp15\/wp-content\/uploads\/sites\/11\/2026\/02\/nggallery_import\/IMG_20260210_101524-300x300.jpg 300w\" sizes=\"(max-width: 150px) 100vw, 150px\" \/><\/figure><div class=\"wp-block-media-text__content\">\n<p><a href=\"https:\/\/zsp12.gliwice.pl\/sp15\/blog\/2026\/02\/13\/rozstrzygniecie-konkursu-na-najpiekniejsza-maske-karnawalowa\/\">Rozstrzygni\u0119cie konkursu na \u201cNajpi\u0119kniejsza mask\u0119 karnawa\u0142ow\u0105\u201d<\/a><\/p>\n<\/div><\/div>\n\n\n\n<div class=\"wp-block-media-text is-stacked-on-mobile\" style=\"grid-template-columns:15% auto\"><figure class=\"wp-block-media-text__media\"><img loading=\"lazy\" decoding=\"async\" width=\"150\" height=\"150\" src=\"https:\/\/zsp12.gliwice.pl\/sp15\/wp-content\/uploads\/sites\/11\/2026\/02\/nggallery_import\/IMG_20260122_160137-150x150.jpg\" alt=\"\" class=\"wp-image-27289 size-thumbnail\" srcset=\"https:\/\/zsp12.gliwice.pl\/sp15\/wp-content\/uploads\/sites\/11\/2026\/02\/nggallery_import\/IMG_20260122_160137-150x150.jpg 150w, https:\/\/zsp12.gliwice.pl\/sp15\/wp-content\/uploads\/sites\/11\/2026\/02\/nggallery_import\/IMG_20260122_160137-300x300.jpg 300w\" sizes=\"(max-width: 150px) 100vw, 150px\" \/><\/figure><div class=\"wp-block-media-text__content\">\n<p><a href=\"https:\/\/zsp12.gliwice.pl\/sp15\/blog\/2026\/02\/13\/zima-na-swietlicy\/\">Zima na \u015bwitlicy<\/a><\/p>\n<\/div><\/div>\n\n\n\n<div class=\"wp-block-media-text is-stacked-on-mobile\" style=\"grid-template-columns:15% auto\"><figure class=\"wp-block-media-text__media\"><img loading=\"lazy\" decoding=\"async\" width=\"150\" height=\"150\" src=\"https:\/\/zsp12.gliwice.pl\/sp15\/wp-content\/uploads\/sites\/11\/2026\/02\/nggallery_import\/IMG-20260122-WA0004-150x150.jpg\" alt=\"\" class=\"wp-image-27158 size-thumbnail\" srcset=\"https:\/\/zsp12.gliwice.pl\/sp15\/wp-content\/uploads\/sites\/11\/2026\/02\/nggallery_import\/IMG-20260122-WA0004-150x150.jpg 150w, https:\/\/zsp12.gliwice.pl\/sp15\/wp-content\/uploads\/sites\/11\/2026\/02\/nggallery_import\/IMG-20260122-WA0004-300x300.jpg 300w\" sizes=\"(max-width: 150px) 100vw, 150px\" \/><\/figure><div class=\"wp-block-media-text__content\">\n<p><a href=\"https:\/\/zsp12.gliwice.pl\/sp15\/blog\/2026\/01\/28\/jaselka-w-dps-ie-nazaret\/\">Jase\u0142ka w DPS-ie Nazaret<\/a><\/p>\n<\/div><\/div>\n\n\n\n<div class=\"wp-block-media-text is-stacked-on-mobile\" style=\"grid-template-columns:15% auto\"><figure class=\"wp-block-media-text__media\"><img loading=\"lazy\" decoding=\"async\" width=\"150\" height=\"150\" src=\"https:\/\/zsp12.gliwice.pl\/sp15\/wp-content\/uploads\/sites\/11\/2026\/01\/nggallery_import\/IMG-20260108-WA0017-150x150.jpg\" alt=\"\" class=\"wp-image-27120 size-thumbnail\" srcset=\"https:\/\/zsp12.gliwice.pl\/sp15\/wp-content\/uploads\/sites\/11\/2026\/01\/nggallery_import\/IMG-20260108-WA0017-150x150.jpg 150w, https:\/\/zsp12.gliwice.pl\/sp15\/wp-content\/uploads\/sites\/11\/2026\/01\/nggallery_import\/IMG-20260108-WA0017-300x300.jpg 300w\" sizes=\"(max-width: 150px) 100vw, 150px\" \/><\/figure><div class=\"wp-block-media-text__content\">\n<p><a href=\"https:\/\/zsp12.gliwice.pl\/sp15\/blog\/2026\/01\/16\/koledowanie-z-gosciem-specjalnym\/\">Kol\u0119dowanie z go\u015bciem specjalnym<\/a><\/p>\n<\/div><\/div>\n\n\n\n<div class=\"wp-block-media-text is-stacked-on-mobile\" style=\"grid-template-columns:15% auto\"><figure class=\"wp-block-media-text__media\"><img loading=\"lazy\" decoding=\"async\" width=\"150\" height=\"150\" src=\"https:\/\/zsp12.gliwice.pl\/sp15\/wp-content\/uploads\/sites\/11\/2026\/01\/nggallery_import\/IMG-20251219-WA00272-150x150.jpg\" alt=\"\" class=\"wp-image-27071 size-thumbnail\" srcset=\"https:\/\/zsp12.gliwice.pl\/sp15\/wp-content\/uploads\/sites\/11\/2026\/01\/nggallery_import\/IMG-20251219-WA00272-150x150.jpg 150w, https:\/\/zsp12.gliwice.pl\/sp15\/wp-content\/uploads\/sites\/11\/2026\/01\/nggallery_import\/IMG-20251219-WA00272-300x300.jpg 300w\" sizes=\"(max-width: 150px) 100vw, 150px\" \/><\/figure><div class=\"wp-block-media-text__content\">\n<p><a href=\"https:\/\/zsp12.gliwice.pl\/sp15\/blog\/2026\/01\/08\/jaselka\/\">Jase\u0142ka<\/a><\/p>\n<\/div><\/div>\n\n\n\n<div class=\"wp-block-media-text is-stacked-on-mobile\" style=\"grid-template-columns:15% auto\"><figure class=\"wp-block-media-text__media\"><img loading=\"lazy\" decoding=\"async\" width=\"150\" height=\"150\" src=\"https:\/\/zsp12.gliwice.pl\/sp15\/wp-content\/uploads\/sites\/11\/2025\/12\/nggallery_import\/IMG_20251118_131448-150x150.jpg\" alt=\"\" class=\"wp-image-26775 size-thumbnail\" srcset=\"https:\/\/zsp12.gliwice.pl\/sp15\/wp-content\/uploads\/sites\/11\/2025\/12\/nggallery_import\/IMG_20251118_131448-150x150.jpg 150w, https:\/\/zsp12.gliwice.pl\/sp15\/wp-content\/uploads\/sites\/11\/2025\/12\/nggallery_import\/IMG_20251118_131448-300x300.jpg 300w\" sizes=\"(max-width: 150px) 100vw, 150px\" \/><\/figure><div class=\"wp-block-media-text__content\">\n<p><a href=\"https:\/\/zsp12.gliwice.pl\/sp15\/blog\/2025\/12\/10\/listopad-na-swietlicy\/\">Listopad na \u015bwietlicy<\/a><\/p>\n<\/div><\/div>\n\n\n\n<div class=\"wp-block-media-text is-stacked-on-mobile\" style=\"grid-template-columns:15% auto\"><figure class=\"wp-block-media-text__media\"><img loading=\"lazy\" decoding=\"async\" width=\"150\" height=\"150\" src=\"https:\/\/zsp12.gliwice.pl\/sp15\/wp-content\/uploads\/sites\/11\/2025\/11\/nggallery_import\/IMG_20251010_084013-150x150.jpg\" alt=\"\" class=\"wp-image-26323 size-thumbnail\" srcset=\"https:\/\/zsp12.gliwice.pl\/sp15\/wp-content\/uploads\/sites\/11\/2025\/11\/nggallery_import\/IMG_20251010_084013-150x150.jpg 150w, https:\/\/zsp12.gliwice.pl\/sp15\/wp-content\/uploads\/sites\/11\/2025\/11\/nggallery_import\/IMG_20251010_084013-300x300.jpg 300w\" sizes=\"(max-width: 150px) 100vw, 150px\" \/><\/figure><div class=\"wp-block-media-text__content\">\n<p><a href=\"https:\/\/zsp12.gliwice.pl\/sp15\/blog\/2025\/11\/14\/pazdziernik-na-swietlicy\/\">Pa\u017adziernik na \u015bwietlicy<\/a><\/p>\n<\/div><\/div>\n\n\n\n<div class=\"wp-block-media-text is-stacked-on-mobile\" style=\"grid-template-columns:15% auto\"><figure class=\"wp-block-media-text__media\"><img loading=\"lazy\" decoding=\"async\" width=\"150\" height=\"150\" src=\"https:\/\/zsp12.gliwice.pl\/sp15\/wp-content\/uploads\/sites\/11\/2025\/11\/523942425_24836986205904725_1952978352099886185_n-150x150.jpg\" alt=\"\" class=\"wp-image-26225 size-thumbnail\" srcset=\"https:\/\/zsp12.gliwice.pl\/sp15\/wp-content\/uploads\/sites\/11\/2025\/11\/523942425_24836986205904725_1952978352099886185_n-150x150.jpg 150w, https:\/\/zsp12.gliwice.pl\/sp15\/wp-content\/uploads\/sites\/11\/2025\/11\/523942425_24836986205904725_1952978352099886185_n-300x300.jpg 300w\" sizes=\"(max-width: 150px) 100vw, 150px\" \/><\/figure><div class=\"wp-block-media-text__content\">\n<p><a href=\"https:\/\/zsp12.gliwice.pl\/sp15\/blog\/2025\/11\/06\/projekt-ogolnopolski-kreatywne-dni-nietypowe\/\">Projekt og\u00f3lnopolski \u201cKreatywne dni nietypowe\u201d<\/a><\/p>\n<\/div><\/div>\n\n\n\n<div class=\"wp-block-media-text is-stacked-on-mobile\" style=\"grid-template-columns:15% auto\"><figure class=\"wp-block-media-text__media\"><img loading=\"lazy\" decoding=\"async\" width=\"1024\" height=\"1024\" src=\"https:\/\/zsp12.gliwice.pl\/sp15\/wp-content\/uploads\/sites\/11\/2025\/12\/logoKPN-1024x1024.png\" alt=\"\" class=\"wp-image-26600 size-thumbnail\" srcset=\"https:\/\/zsp12.gliwice.pl\/sp15\/wp-content\/uploads\/sites\/11\/2025\/12\/logoKPN-1024x1024.png 1024w, https:\/\/zsp12.gliwice.pl\/sp15\/wp-content\/uploads\/sites\/11\/2025\/12\/logoKPN-300x300.png 300w, https:\/\/zsp12.gliwice.pl\/sp15\/wp-content\/uploads\/sites\/11\/2025\/12\/logoKPN-150x150.png 150w, https:\/\/zsp12.gliwice.pl\/sp15\/wp-content\/uploads\/sites\/11\/2025\/12\/logoKPN-768x768.png 768w, https:\/\/zsp12.gliwice.pl\/sp15\/wp-content\/uploads\/sites\/11\/2025\/12\/logoKPN.png 1111w\" sizes=\"(max-width: 1024px) 100vw, 1024px\" \/><\/figure><div class=\"wp-block-media-text__content\">\n<p><a href=\"https:\/\/zsp12.gliwice.pl\/sp15\/blog\/2025\/10\/30\/kubusiowi-przyjaciele-natury\/\">Og\u00f3lnopolski projekt Kubusiowi Przyjaciele Natury<\/a><\/p>\n<\/div><\/div>\n\n\n\n<div class=\"wp-block-media-text is-stacked-on-mobile\" style=\"grid-template-columns:15% auto\"><figure class=\"wp-block-media-text__media\"><img loading=\"lazy\" decoding=\"async\" width=\"150\" height=\"150\" src=\"https:\/\/zsp12.gliwice.pl\/sp15\/wp-content\/uploads\/sites\/11\/2025\/10\/nggallery_import\/IMG_20250911_081914-150x150.jpg\" alt=\"\" class=\"wp-image-25862 size-thumbnail\" srcset=\"https:\/\/zsp12.gliwice.pl\/sp15\/wp-content\/uploads\/sites\/11\/2025\/10\/nggallery_import\/IMG_20250911_081914-150x150.jpg 150w, https:\/\/zsp12.gliwice.pl\/sp15\/wp-content\/uploads\/sites\/11\/2025\/10\/nggallery_import\/IMG_20250911_081914-300x300.jpg 300w\" sizes=\"(max-width: 150px) 100vw, 150px\" \/><\/figure><div class=\"wp-block-media-text__content\">\n<p><a href=\"https:\/\/zsp12.gliwice.pl\/sp15\/blog\/2025\/10\/02\/wrzesien-na-swietlicy\/\">Wrzesie\u0144 na \u015bwietlicy<\/a><\/p>\n<\/div><\/div>\n\n\n\n<div class=\"wp-block-media-text is-stacked-on-mobile\" style=\"grid-template-columns:15% auto\"><figure class=\"wp-block-media-text__media\"><img loading=\"lazy\" decoding=\"async\" width=\"150\" height=\"150\" src=\"https:\/\/zsp12.gliwice.pl\/sp15\/wp-content\/uploads\/sites\/11\/2025\/09\/aktywna-logo-150x150.png\" alt=\"\" class=\"wp-image-25779 size-thumbnail\" srcset=\"https:\/\/zsp12.gliwice.pl\/sp15\/wp-content\/uploads\/sites\/11\/2025\/09\/aktywna-logo-150x150.png 150w, https:\/\/zsp12.gliwice.pl\/sp15\/wp-content\/uploads\/sites\/11\/2025\/09\/aktywna-logo-300x300.png 300w\" sizes=\"(max-width: 150px) 100vw, 150px\" \/><\/figure><div class=\"wp-block-media-text__content\">\n<p><a href=\"https:\/\/zsp12.gliwice.pl\/sp15\/blog\/2025\/09\/25\/projekt-ogolnopolski-aktywna-swietlica-odkrywcy-swiata\/\">Projekt og\u00f3lnopolski &#8220;Aktywna \u015bwietlica&#8221; Odkrywcy \u015bwiata&nbsp;<\/a><\/p>\n<\/div><\/div>\n\n\n\n<div class=\"wp-block-media-text is-stacked-on-mobile\" style=\"grid-template-columns:15% auto\"><figure class=\"wp-block-media-text__media\"><img loading=\"lazy\" decoding=\"async\" width=\"150\" height=\"150\" src=\"https:\/\/zsp12.gliwice.pl\/sp15\/wp-content\/uploads\/sites\/11\/2025\/09\/nggallery_import\/IMG-20250922-WA0021-150x150.jpg\" alt=\"\" class=\"wp-image-25775 size-thumbnail\" srcset=\"https:\/\/zsp12.gliwice.pl\/sp15\/wp-content\/uploads\/sites\/11\/2025\/09\/nggallery_import\/IMG-20250922-WA0021-150x150.jpg 150w, https:\/\/zsp12.gliwice.pl\/sp15\/wp-content\/uploads\/sites\/11\/2025\/09\/nggallery_import\/IMG-20250922-WA0021-300x300.jpg 300w\" sizes=\"(max-width: 150px) 100vw, 150px\" \/><\/figure><div class=\"wp-block-media-text__content\">\n<p><a href=\"https:\/\/zsp12.gliwice.pl\/sp15\/blog\/2025\/09\/25\/pasowanie-na-swietliczaka\/\">Pasowanie na \u015bwietliczaka<\/a><\/p>\n<\/div><\/div>\n\n\n\n<p><\/p>\n","protected":false},"excerpt":{"rendered":"<p>Rozstrzygni\u0119cie konkursu na \u201cNajpi\u0119kniejsza mask\u0119 karnawa\u0142ow\u0105\u201d Zima na \u015bwitlicy Jase\u0142ka w DPS-ie Nazaret Kol\u0119dowanie z go\u015bciem specjalnym Jase\u0142ka Listopad na \u015bwietlicy Pa\u017adziernik na \u015bwietlicy Projekt og\u00f3lnopolski \u201cKreatywne dni nietypowe\u201d Og\u00f3lnopolski&#8230;<\/p>\n","protected":false},"author":2,"featured_media":25779,"parent":0,"menu_order":0,"comment_status":"closed","ping_status":"closed","template":"","meta":{"inline_featured_image":false,"ngg_post_thumbnail":0,"footnotes":""},"class_list":["post-25752","page","type-page","status-publish","has-post-thumbnail","hentry"],"_links":{"self":[{"href":"https:\/\/zsp12.gliwice.pl\/sp15\/wp-json\/wp\/v2\/pages\/25752"}],"collection":[{"href":"https:\/\/zsp12.gliwice.pl\/sp15\/wp-json\/wp\/v2\/pages"}],"about":[{"href":"https:\/\/zsp12.gliwice.pl\/sp15\/wp-json\/wp\/v2\/types\/page"}],"author":[{"embeddable":true,"href":"https:\/\/zsp12.gliwice.pl\/sp15\/wp-json\/wp\/v2\/users\/2"}],"replies":[{"embeddable":true,"href":"https:\/\/zsp12.gliwice.pl\/sp15\/wp-json\/wp\/v2\/comments?post=25752"}],"version-history":[{"count":16,"href":"https:\/\/zsp12.gliwice.pl\/sp15\/wp-json\/wp\/v2\/pages\/25752\/revisions"}],"predecessor-version":[{"id":27310,"href":"https:\/\/zsp12.gliwice.pl\/sp15\/wp-json\/wp\/v2\/pages\/25752\/revisions\/27310"}],"wp:featuredmedia":[{"embeddable":true,"href":"https:\/\/zsp12.gliwice.pl\/sp15\/wp-json\/wp\/v2\/media\/25779"}],"wp:attachment":[{"href":"https:\/\/zsp12.gliwice.pl\/sp15\/wp-json\/wp\/v2\/media?parent=25752"}],"curies":[{"name":"wp","href":"https:\/\/api.w.org\/{rel}","templated":true}]}}