{"id":21520,"date":"2024-10-30T15:14:23","date_gmt":"2024-10-30T14:14:23","guid":{"rendered":"https:\/\/zsp12.gliwice.pl\/sp15\/?page_id=21520"},"modified":"2025-06-16T11:44:34","modified_gmt":"2025-06-16T09:44:34","slug":"2024-2025-2","status":"publish","type":"page","link":"https:\/\/zsp12.gliwice.pl\/sp15\/2024-2025-2\/","title":{"rendered":"2024\/2025"},"content":{"rendered":"\n<div class=\"wp-block-media-text is-stacked-on-mobile\" style=\"grid-template-columns:15% auto\"><figure class=\"wp-block-media-text__media\"><img loading=\"lazy\" decoding=\"async\" width=\"150\" height=\"150\" src=\"https:\/\/zsp12.gliwice.pl\/sp15\/wp-content\/uploads\/sites\/11\/2025\/06\/IMG_20250430_103423-150x150.jpg\" alt=\"\" class=\"wp-image-24335 size-thumbnail\" srcset=\"https:\/\/zsp12.gliwice.pl\/sp15\/wp-content\/uploads\/sites\/11\/2025\/06\/IMG_20250430_103423-150x150.jpg 150w, https:\/\/zsp12.gliwice.pl\/sp15\/wp-content\/uploads\/sites\/11\/2025\/06\/IMG_20250430_103423-300x300.jpg 300w\" sizes=\"(max-width: 150px) 100vw, 150px\" \/><\/figure><div class=\"wp-block-media-text__content\">\n<p><a href=\"https:\/\/zsp12.gliwice.pl\/sp15\/blog\/2025\/05\/05\/ziemia-nasz-wspolny-dom-projekt-ekologicnzo-integracyjny\/\">\u201cZiemia nasz wsp\u00f3lny dom\u201d \u2013 projekt ekologicnzo \u2013 integracyjny<\/a><\/p>\n<\/div><\/div>\n\n\n\n<div class=\"wp-block-media-text is-stacked-on-mobile\" style=\"grid-template-columns:15% auto\"><figure class=\"wp-block-media-text__media\"><img loading=\"lazy\" decoding=\"async\" width=\"150\" height=\"150\" src=\"https:\/\/zsp12.gliwice.pl\/sp15\/wp-content\/uploads\/sites\/11\/2025\/05\/IMG_20250404_074134-150x150.jpg\" alt=\"\" class=\"wp-image-23836 size-thumbnail\" srcset=\"https:\/\/zsp12.gliwice.pl\/sp15\/wp-content\/uploads\/sites\/11\/2025\/05\/IMG_20250404_074134-150x150.jpg 150w, https:\/\/zsp12.gliwice.pl\/sp15\/wp-content\/uploads\/sites\/11\/2025\/05\/IMG_20250404_074134-300x300.jpg 300w\" sizes=\"(max-width: 150px) 100vw, 150px\" \/><\/figure><div class=\"wp-block-media-text__content\">\n<p><a href=\"https:\/\/zsp12.gliwice.pl\/sp15\/blog\/2025\/05\/06\/wiosenne-i-wielkanocne-inspiracje-w-swietlicy-szkolnej\/\">Wiosenne i wielkanocne inspiracje w \u015bwietlicy szkolnej<\/a><\/p>\n<\/div><\/div>\n\n\n\n<div class=\"wp-block-media-text is-stacked-on-mobile\" style=\"grid-template-columns:15% auto\"><figure class=\"wp-block-media-text__media\"><img loading=\"lazy\" decoding=\"async\" width=\"150\" height=\"150\" src=\"https:\/\/zsp12.gliwice.pl\/sp15\/wp-content\/uploads\/sites\/11\/2025\/02\/IMG_20250212_124227-150x150.jpg\" alt=\"\" class=\"wp-image-23641 size-thumbnail\" srcset=\"https:\/\/zsp12.gliwice.pl\/sp15\/wp-content\/uploads\/sites\/11\/2025\/02\/IMG_20250212_124227-150x150.jpg 150w, https:\/\/zsp12.gliwice.pl\/sp15\/wp-content\/uploads\/sites\/11\/2025\/02\/IMG_20250212_124227-300x300.jpg 300w\" sizes=\"(max-width: 150px) 100vw, 150px\" \/><\/figure><div class=\"wp-block-media-text__content\">\n<p><a href=\"https:\/\/zsp12.gliwice.pl\/sp15\/blog\/2025\/02\/28\/kreatywne-dni-nietypowe-luty\/\">Luty na \u015bwietlicy<\/a><\/p>\n<\/div><\/div>\n\n\n\n<div class=\"wp-block-media-text is-stacked-on-mobile\" style=\"grid-template-columns:15% auto\"><figure class=\"wp-block-media-text__media\"><img loading=\"lazy\" decoding=\"async\" width=\"150\" height=\"150\" src=\"https:\/\/zsp12.gliwice.pl\/sp15\/wp-content\/uploads\/sites\/11\/2025\/05\/Collage_20250121_100856-2048x2048-1-150x150.jpg\" alt=\"\" class=\"wp-image-23933 size-thumbnail\" srcset=\"https:\/\/zsp12.gliwice.pl\/sp15\/wp-content\/uploads\/sites\/11\/2025\/05\/Collage_20250121_100856-2048x2048-1-150x150.jpg 150w, https:\/\/zsp12.gliwice.pl\/sp15\/wp-content\/uploads\/sites\/11\/2025\/05\/Collage_20250121_100856-2048x2048-1-300x300.jpg 300w, https:\/\/zsp12.gliwice.pl\/sp15\/wp-content\/uploads\/sites\/11\/2025\/05\/Collage_20250121_100856-2048x2048-1-1024x1024.jpg 1024w, https:\/\/zsp12.gliwice.pl\/sp15\/wp-content\/uploads\/sites\/11\/2025\/05\/Collage_20250121_100856-2048x2048-1-768x768.jpg 768w, https:\/\/zsp12.gliwice.pl\/sp15\/wp-content\/uploads\/sites\/11\/2025\/05\/Collage_20250121_100856-2048x2048-1-1536x1536.jpg 1536w, https:\/\/zsp12.gliwice.pl\/sp15\/wp-content\/uploads\/sites\/11\/2025\/05\/Collage_20250121_100856-2048x2048-1.jpg 2048w\" sizes=\"(max-width: 150px) 100vw, 150px\" \/><\/figure><div class=\"wp-block-media-text__content\">\n<p><a href=\"https:\/\/zsp12.gliwice.pl\/sp15\/blog\/2025\/01\/24\/dzien-babci-i-dziadka\/\">Dzie\u0144 Babci i Dziadka<\/a><\/p>\n<\/div><\/div>\n\n\n\n<div class=\"wp-block-media-text is-stacked-on-mobile\" style=\"grid-template-columns:15% auto\"><figure class=\"wp-block-media-text__media\"><img loading=\"lazy\" decoding=\"async\" width=\"150\" height=\"150\" src=\"https:\/\/zsp12.gliwice.pl\/sp15\/wp-content\/uploads\/sites\/11\/2025\/02\/Collage_20250121_100751-150x150.jpg\" alt=\"\" class=\"wp-image-22971 size-thumbnail\" srcset=\"https:\/\/zsp12.gliwice.pl\/sp15\/wp-content\/uploads\/sites\/11\/2025\/02\/Collage_20250121_100751-150x150.jpg 150w, https:\/\/zsp12.gliwice.pl\/sp15\/wp-content\/uploads\/sites\/11\/2025\/02\/Collage_20250121_100751-300x300.jpg 300w\" sizes=\"(max-width: 150px) 100vw, 150px\" \/><\/figure><div class=\"wp-block-media-text__content\">\n<p><a href=\"https:\/\/zsp12.gliwice.pl\/sp15\/blog\/2025\/01\/21\/kartka-dla-seniorow-z-dps-u-nazaret\/\">KARTKA DLA SENIOR\u00d3W Z DPS-U Nazaret<\/a><\/p>\n<\/div><\/div>\n\n\n\n<div class=\"wp-block-media-text is-stacked-on-mobile\" style=\"grid-template-columns:15% auto\"><figure class=\"wp-block-media-text__media\"><img loading=\"lazy\" decoding=\"async\" width=\"150\" height=\"150\" src=\"https:\/\/zsp12.gliwice.pl\/sp15\/wp-content\/uploads\/sites\/11\/2024\/12\/Colorful-Children-Certificate1-150x150.png\" alt=\"\" class=\"wp-image-22379 size-thumbnail\" srcset=\"https:\/\/zsp12.gliwice.pl\/sp15\/wp-content\/uploads\/sites\/11\/2024\/12\/Colorful-Children-Certificate1-150x150.png 150w, https:\/\/zsp12.gliwice.pl\/sp15\/wp-content\/uploads\/sites\/11\/2024\/12\/Colorful-Children-Certificate1-300x300.png 300w\" sizes=\"(max-width: 150px) 100vw, 150px\" \/><\/figure><div class=\"wp-block-media-text__content\">\n<p><a href=\"https:\/\/zsp12.gliwice.pl\/sp15\/blog\/2024\/12\/13\/kreatywna-przygoda-w-swiecie-zwierzat\/\">KREATYWNA PRZYGODA W \u015aWIECIE ZWIERZ\u0104T<\/a><\/p>\n<\/div><\/div>\n\n\n\n<div class=\"wp-block-media-text is-stacked-on-mobile\" style=\"grid-template-columns:15% auto\"><figure class=\"wp-block-media-text__media\"><img loading=\"lazy\" decoding=\"async\" width=\"150\" height=\"150\" src=\"https:\/\/zsp12.gliwice.pl\/sp15\/wp-content\/uploads\/sites\/11\/2024\/10\/IMG_20240927_123412-150x150.jpg\" alt=\"\" class=\"wp-image-21546 size-thumbnail\" srcset=\"https:\/\/zsp12.gliwice.pl\/sp15\/wp-content\/uploads\/sites\/11\/2024\/10\/IMG_20240927_123412-150x150.jpg 150w, https:\/\/zsp12.gliwice.pl\/sp15\/wp-content\/uploads\/sites\/11\/2024\/10\/IMG_20240927_123412-300x300.jpg 300w\" sizes=\"(max-width: 150px) 100vw, 150px\" \/><\/figure><div class=\"wp-block-media-text__content\">\n<p><a href=\"https:\/\/zsp12.gliwice.pl\/sp15\/blog\/2024\/10\/30\/jesien-na-swietlicy\/\">JESIE\u0143 NA \u015aWIETLICY<\/a><\/p>\n<\/div><\/div>\n\n\n\n<div class=\"wp-block-media-text is-stacked-on-mobile\" style=\"grid-template-columns:15% auto\"><figure class=\"wp-block-media-text__media\"><img loading=\"lazy\" decoding=\"async\" width=\"300\" height=\"300\" src=\"https:\/\/zsp12.gliwice.pl\/sp15\/wp-content\/uploads\/sites\/11\/2024\/10\/Screenshot_20240919_210843_com_hihonor_photos_SinglePhotoActivity-300x300.jpg\" alt=\"\" class=\"wp-image-21595 size-medium\" srcset=\"https:\/\/zsp12.gliwice.pl\/sp15\/wp-content\/uploads\/sites\/11\/2024\/10\/Screenshot_20240919_210843_com_hihonor_photos_SinglePhotoActivity-300x300.jpg 300w, https:\/\/zsp12.gliwice.pl\/sp15\/wp-content\/uploads\/sites\/11\/2024\/10\/Screenshot_20240919_210843_com_hihonor_photos_SinglePhotoActivity-150x150.jpg 150w\" sizes=\"(max-width: 300px) 100vw, 300px\" \/><\/figure><div class=\"wp-block-media-text__content\">\n<p><a href=\"https:\/\/zsp12.gliwice.pl\/sp15\/blog\/2024\/09\/16\/kreatywne-dni-nietypowe\/\">KREATYWNE DNI NIETYPOWE<\/a><\/p>\n<\/div><\/div>\n","protected":false},"excerpt":{"rendered":"<p>\u201cZiemia nasz wsp\u00f3lny dom\u201d \u2013 projekt ekologicnzo \u2013 integracyjny Wiosenne i wielkanocne inspiracje w \u015bwietlicy szkolnej Luty na \u015bwietlicy Dzie\u0144 Babci i Dziadka KARTKA DLA SENIOR\u00d3W Z DPS-U Nazaret KREATYWNA&#8230;<\/p>\n","protected":false},"author":2,"featured_media":23932,"parent":0,"menu_order":0,"comment_status":"closed","ping_status":"closed","template":"","meta":{"inline_featured_image":false,"ngg_post_thumbnail":0,"footnotes":""},"class_list":["post-21520","page","type-page","status-publish","has-post-thumbnail","hentry"],"_links":{"self":[{"href":"https:\/\/zsp12.gliwice.pl\/sp15\/wp-json\/wp\/v2\/pages\/21520"}],"collection":[{"href":"https:\/\/zsp12.gliwice.pl\/sp15\/wp-json\/wp\/v2\/pages"}],"about":[{"href":"https:\/\/zsp12.gliwice.pl\/sp15\/wp-json\/wp\/v2\/types\/page"}],"author":[{"embeddable":true,"href":"https:\/\/zsp12.gliwice.pl\/sp15\/wp-json\/wp\/v2\/users\/2"}],"replies":[{"embeddable":true,"href":"https:\/\/zsp12.gliwice.pl\/sp15\/wp-json\/wp\/v2\/comments?post=21520"}],"version-history":[{"count":15,"href":"https:\/\/zsp12.gliwice.pl\/sp15\/wp-json\/wp\/v2\/pages\/21520\/revisions"}],"predecessor-version":[{"id":24337,"href":"https:\/\/zsp12.gliwice.pl\/sp15\/wp-json\/wp\/v2\/pages\/21520\/revisions\/24337"}],"wp:featuredmedia":[{"embeddable":true,"href":"https:\/\/zsp12.gliwice.pl\/sp15\/wp-json\/wp\/v2\/media\/23932"}],"wp:attachment":[{"href":"https:\/\/zsp12.gliwice.pl\/sp15\/wp-json\/wp\/v2\/media?parent=21520"}],"curies":[{"name":"wp","href":"https:\/\/api.w.org\/{rel}","templated":true}]}}