{"id":21316,"date":"2024-10-07T18:16:20","date_gmt":"2024-10-07T16:16:20","guid":{"rendered":"https:\/\/zsp12.gliwice.pl\/sp15\/?page_id=21316"},"modified":"2025-09-25T16:59:20","modified_gmt":"2025-09-25T14:59:20","slug":"2024-2025","status":"publish","type":"page","link":"https:\/\/zsp12.gliwice.pl\/sp15\/2024-2025\/","title":{"rendered":"2024\/2025"},"content":{"rendered":"\n<div class=\"wp-block-media-text is-stacked-on-mobile\" style=\"grid-template-columns:15% auto\"><figure class=\"wp-block-media-text__media\"><img loading=\"lazy\" decoding=\"async\" width=\"300\" height=\"300\" src=\"https:\/\/zsp12.gliwice.pl\/sp15\/wp-content\/uploads\/sites\/11\/2024\/12\/IMG_0050-300x300.jpg\" alt=\"\" class=\"wp-image-22088 size-medium\" srcset=\"https:\/\/zsp12.gliwice.pl\/sp15\/wp-content\/uploads\/sites\/11\/2024\/12\/IMG_0050-300x300.jpg 300w, https:\/\/zsp12.gliwice.pl\/sp15\/wp-content\/uploads\/sites\/11\/2024\/12\/IMG_0050-150x150.jpg 150w\" sizes=\"(max-width: 300px) 100vw, 300px\" \/><\/figure><div class=\"wp-block-media-text__content\">\n<p><a href=\"https:\/\/zsp12.gliwice.pl\/sp15\/blog\/2024\/12\/04\/sprawozdanie-z-gliwickiego-tygla-kultur-i-smakow\/\">SPRAWOZDANIE Z GLIWICKIEGO TYGLA KULTUR I SMAK\u00d3W<\/a><\/p>\n<\/div><\/div>\n\n\n\n<p><\/p>\n\n\n\n<div class=\"wp-block-media-text is-stacked-on-mobile\" style=\"grid-template-columns:15% auto\"><figure class=\"wp-block-media-text__media\"><img loading=\"lazy\" decoding=\"async\" width=\"150\" height=\"150\" src=\"https:\/\/zsp12.gliwice.pl\/sp15\/wp-content\/uploads\/sites\/11\/2024\/11\/Kruger-Live9S-1410-150x150.jpg\" alt=\"\" class=\"wp-image-22156 size-thumbnail\" srcset=\"https:\/\/zsp12.gliwice.pl\/sp15\/wp-content\/uploads\/sites\/11\/2024\/11\/Kruger-Live9S-1410-150x150.jpg 150w, https:\/\/zsp12.gliwice.pl\/sp15\/wp-content\/uploads\/sites\/11\/2024\/11\/Kruger-Live9S-1410-300x300.jpg 300w\" sizes=\"(max-width: 150px) 100vw, 150px\" \/><\/figure><div class=\"wp-block-media-text__content\">\n<p><a href=\"https:\/\/zsp12.gliwice.pl\/sp15\/blog\/2024\/11\/04\/wycieczka-do-lesnego-parku-niespodzianek-w-ustroniu\/\">WYCIECZKA DO LE\u015aNEGO PARKU NIESPODZIANEK W USTRONIU<\/a><\/p>\n<\/div><\/div>\n\n\n\n<p><\/p>\n\n\n\n<div class=\"wp-block-media-text is-stacked-on-mobile\" style=\"grid-template-columns:15% auto\"><figure class=\"wp-block-media-text__media\"><img loading=\"lazy\" decoding=\"async\" width=\"150\" height=\"150\" src=\"https:\/\/zsp12.gliwice.pl\/sp15\/wp-content\/uploads\/sites\/11\/2024\/11\/WYROZNIENIE-1-1-150x150.jpg\" alt=\"\" class=\"wp-image-21774 size-thumbnail\" srcset=\"https:\/\/zsp12.gliwice.pl\/sp15\/wp-content\/uploads\/sites\/11\/2024\/11\/WYROZNIENIE-1-1-150x150.jpg 150w, https:\/\/zsp12.gliwice.pl\/sp15\/wp-content\/uploads\/sites\/11\/2024\/11\/WYROZNIENIE-1-1-300x300.jpg 300w\" sizes=\"(max-width: 150px) 100vw, 150px\" \/><\/figure><div class=\"wp-block-media-text__content\">\n<p><a href=\"https:\/\/zsp12.gliwice.pl\/sp15\/blog\/2024\/11\/14\/rozstrzygniecie-wojewodzkiego-konkursu-plastycznego-romskie-bajanie\/\">Rozstrzygni\u0119cie Wojew\u00f3dzkiego Konkursu Plastycznego \u201cRomskie bajanie\u201d<\/a><\/p>\n<\/div><\/div>\n\n\n\n<p><\/p>\n\n\n\n<div class=\"wp-block-media-text is-stacked-on-mobile\" style=\"grid-template-columns:15% auto\"><figure class=\"wp-block-media-text__media\"><img loading=\"lazy\" decoding=\"async\" width=\"150\" height=\"150\" src=\"https:\/\/zsp12.gliwice.pl\/sp15\/wp-content\/uploads\/sites\/11\/2019\/09\/2-150x150.jpg\" alt=\"\" class=\"wp-image-3804 size-thumbnail\" \/><\/figure><div class=\"wp-block-media-text__content\">\n<p><a href=\"https:\/\/zsp12.gliwice.pl\/sp15\/blog\/2024\/10\/07\/romskie-bajanie-konkurs-plastyczny\/\">Romskie Bajanie \u2013 konkurs plastyczny<\/a><\/p>\n<\/div><\/div>\n\n\n\n<p><\/p>\n\n\n\n<div class=\"wp-block-file\"><a id=\"wp-block-file--media-a9c4193b-be63-4fec-9c8a-3e202f65d28d\" href=\"https:\/\/zsp12.gliwice.pl\/sp15\/wp-content\/uploads\/sites\/11\/2024\/10\/HARMONOGRAM-PRACY-SWIETLICY-INTEGRACYJNEJ.pdf\">HARMONOGRAM PRACY \u015aWIETLICY INTEGRACYJNEJ<\/a><a href=\"https:\/\/zsp12.gliwice.pl\/sp15\/wp-content\/uploads\/sites\/11\/2024\/10\/HARMONOGRAM-PRACY-SWIETLICY-INTEGRACYJNEJ.pdf\" class=\"wp-block-file__button wp-element-button\" download aria-describedby=\"wp-block-file--media-a9c4193b-be63-4fec-9c8a-3e202f65d28d\">Pobierz<\/a><\/div>\n\n\n\nngg_shortcode_0_placeholder\n","protected":false},"excerpt":{"rendered":"<p>SPRAWOZDANIE Z GLIWICKIEGO TYGLA KULTUR I SMAK\u00d3W WYCIECZKA DO LE\u015aNEGO PARKU NIESPODZIANEK W USTRONIU Rozstrzygni\u0119cie Wojew\u00f3dzkiego Konkursu Plastycznego \u201cRomskie bajanie\u201d Romskie Bajanie \u2013 konkurs plastyczny<\/p>\n","protected":false},"author":2,"featured_media":16568,"parent":0,"menu_order":0,"comment_status":"closed","ping_status":"closed","template":"","meta":{"inline_featured_image":false,"ngg_post_thumbnail":0,"footnotes":""},"class_list":["post-21316","page","type-page","status-publish","has-post-thumbnail","hentry"],"_links":{"self":[{"href":"https:\/\/zsp12.gliwice.pl\/sp15\/wp-json\/wp\/v2\/pages\/21316"}],"collection":[{"href":"https:\/\/zsp12.gliwice.pl\/sp15\/wp-json\/wp\/v2\/pages"}],"about":[{"href":"https:\/\/zsp12.gliwice.pl\/sp15\/wp-json\/wp\/v2\/types\/page"}],"author":[{"embeddable":true,"href":"https:\/\/zsp12.gliwice.pl\/sp15\/wp-json\/wp\/v2\/users\/2"}],"replies":[{"embeddable":true,"href":"https:\/\/zsp12.gliwice.pl\/sp15\/wp-json\/wp\/v2\/comments?post=21316"}],"version-history":[{"count":9,"href":"https:\/\/zsp12.gliwice.pl\/sp15\/wp-json\/wp\/v2\/pages\/21316\/revisions"}],"predecessor-version":[{"id":22320,"href":"https:\/\/zsp12.gliwice.pl\/sp15\/wp-json\/wp\/v2\/pages\/21316\/revisions\/22320"}],"wp:featuredmedia":[{"embeddable":true,"href":"https:\/\/zsp12.gliwice.pl\/sp15\/wp-json\/wp\/v2\/media\/16568"}],"wp:attachment":[{"href":"https:\/\/zsp12.gliwice.pl\/sp15\/wp-json\/wp\/v2\/media?parent=21316"}],"curies":[{"name":"wp","href":"https:\/\/api.w.org\/{rel}","templated":true}]}}