{"id":2,"date":"2018-01-02T20:26:48","date_gmt":"2018-01-02T20:26:49","guid":{"rendered":"http:\/\/192.168.1.1\/~bartek\/?page_id=2"},"modified":"2019-09-24T23:06:18","modified_gmt":"2019-09-24T21:06:18","slug":"plan-zajec","status":"publish","type":"page","link":"https:\/\/zsp12.gliwice.pl\/sp15\/plan-zajec\/","title":{"rendered":"Plan zaj\u0119\u0107"},"content":{"rendered":"<div id=\"pl-2\"  class=\"panel-layout\" ><div id=\"pg-2-0\"  class=\"panel-grid panel-no-style\" ><div id=\"pgc-2-0-0\"  class=\"panel-grid-cell panel-grid-cell-empty\" ><\/div><div id=\"pgc-2-0-1\"  class=\"panel-grid-cell\" ><div id=\"panel-2-0-1-0\" class=\"so-panel widget widget_text panel-first-child panel-last-child\" data-index=\"0\" ><h3 class=\"widget-title\">Dziennik Elektorniczny<\/h3>\t\t\t<div class=\"textwidget\"><p><em>Drodzy Rodzicie,<\/em><\/p>\n<p><em>Wszelkie informacje dotycz\u0105ce planu zaj\u0119\u0107 oraz zast\u0119pstw, znajdziecie Pa\u0144stwo po zalogowaniu si\u0119 na <a href=\"https:\/\/cufs.vulcan.net.pl\/gliwice\">Dziennik Elektroniczny.<\/a><\/em><\/p>\n<p>&nbsp;<\/p>\n<p><a href=\"https:\/\/cufs.vulcan.net.pl\/gliwice\"><img loading=\"lazy\" decoding=\"async\" class=\"aligncenter wp-image-3906 size-full\" src=\"http:\/\/zsp12.gliwice.pl\/sp15\/wp-content\/uploads\/sites\/11\/2019\/09\/UONET-zaloguj-sie.png\" alt=\"\" width=\"170\" height=\"214\" srcset=\"https:\/\/zsp12.gliwice.pl\/sp15\/wp-content\/uploads\/sites\/11\/2019\/09\/UONET-zaloguj-sie.png 170w, https:\/\/zsp12.gliwice.pl\/sp15\/wp-content\/uploads\/sites\/11\/2019\/09\/UONET-zaloguj-sie-19x24.png 19w, https:\/\/zsp12.gliwice.pl\/sp15\/wp-content\/uploads\/sites\/11\/2019\/09\/UONET-zaloguj-sie-29x36.png 29w, https:\/\/zsp12.gliwice.pl\/sp15\/wp-content\/uploads\/sites\/11\/2019\/09\/UONET-zaloguj-sie-38x48.png 38w\" sizes=\"(max-width: 170px) 100vw, 170px\" \/><\/a><\/p>\n<\/div>\n\t\t<\/div><\/div><\/div><\/div>","protected":false},"excerpt":{"rendered":"<p>Drodzy Rodzicie, Wszelkie informacje dotycz\u0105ce planu zaj\u0119\u0107 oraz zast\u0119pstw, znajdziecie Pa\u0144stwo po zalogowaniu si\u0119 na Dziennik Elektroniczny. &nbsp;<\/p>\n","protected":false},"author":1,"featured_media":3904,"parent":0,"menu_order":0,"comment_status":"closed","ping_status":"open","template":"","meta":{"inline_featured_image":false,"ngg_post_thumbnail":0,"footnotes":""},"class_list":["post-2","page","type-page","status-publish","has-post-thumbnail","hentry"],"_links":{"self":[{"href":"https:\/\/zsp12.gliwice.pl\/sp15\/wp-json\/wp\/v2\/pages\/2"}],"collection":[{"href":"https:\/\/zsp12.gliwice.pl\/sp15\/wp-json\/wp\/v2\/pages"}],"about":[{"href":"https:\/\/zsp12.gliwice.pl\/sp15\/wp-json\/wp\/v2\/types\/page"}],"author":[{"embeddable":true,"href":"https:\/\/zsp12.gliwice.pl\/sp15\/wp-json\/wp\/v2\/users\/1"}],"replies":[{"embeddable":true,"href":"https:\/\/zsp12.gliwice.pl\/sp15\/wp-json\/wp\/v2\/comments?post=2"}],"version-history":[{"count":46,"href":"https:\/\/zsp12.gliwice.pl\/sp15\/wp-json\/wp\/v2\/pages\/2\/revisions"}],"predecessor-version":[{"id":3910,"href":"https:\/\/zsp12.gliwice.pl\/sp15\/wp-json\/wp\/v2\/pages\/2\/revisions\/3910"}],"wp:featuredmedia":[{"embeddable":true,"href":"https:\/\/zsp12.gliwice.pl\/sp15\/wp-json\/wp\/v2\/media\/3904"}],"wp:attachment":[{"href":"https:\/\/zsp12.gliwice.pl\/sp15\/wp-json\/wp\/v2\/media?parent=2"}],"curies":[{"name":"wp","href":"https:\/\/api.w.org\/{rel}","templated":true}]}}