{"id":18765,"date":"2023-12-18T15:48:55","date_gmt":"2023-12-18T14:48:55","guid":{"rendered":"https:\/\/zsp12.gliwice.pl\/sp15\/?page_id=18765"},"modified":"2024-02-27T13:30:48","modified_gmt":"2024-02-27T12:30:48","slug":"godziny-dostepnosci","status":"publish","type":"page","link":"https:\/\/zsp12.gliwice.pl\/sp15\/godziny-dostepnosci\/","title":{"rendered":"Godziny dost\u0119pno\u015bci"},"content":{"rendered":"<div class=\"wp-block-image\">\n<figure class=\"aligncenter size-full\"><img loading=\"lazy\" decoding=\"async\" width=\"449\" height=\"90\" src=\"https:\/\/zsp12.gliwice.pl\/sp15\/wp-content\/uploads\/sites\/11\/2024\/02\/godziny-dostepnosci-sp.png\" alt=\"\" class=\"wp-image-19268\" \/><\/figure><\/div>\n\n\n<figure class=\"wp-block-table\"><table><tbody><tr><td class=\"has-text-align-center\" data-align=\"center\"><strong>Nazwisko i imi\u0119 nauczyciela<\/strong><\/td><td class=\"has-text-align-center\" data-align=\"center\"><strong>dzie\u0144 tygodnia<\/strong><\/td><td class=\"has-text-align-center\" data-align=\"center\"><strong>zakres godzin<\/strong><\/td><\/tr><tr><td class=\"has-text-align-center\" data-align=\"center\">Augustyniak Bo\u017cena<\/td><td class=\"has-text-align-center\" data-align=\"center\">pi\u0105tek<\/td><td class=\"has-text-align-center\" data-align=\"center\">13\u00b2\u2070 \u2013 14\u00b2\u2070<\/td><\/tr><tr><td class=\"has-text-align-center\" data-align=\"center\">Ba\u0142ecka Anna<\/td><td class=\"has-text-align-center\" data-align=\"center\">czwartek<\/td><td class=\"has-text-align-center\" data-align=\"center\">8\u2074\u2075 \u2013 9\u2074\u2075<\/td><\/tr><tr><td class=\"has-text-align-center\" data-align=\"center\">Bednarczyk Marta<\/td><td class=\"has-text-align-center\" data-align=\"center\">pi\u0105tek<\/td><td class=\"has-text-align-center\" data-align=\"center\">7\u2074\u2075 \u2013 8\u2074\u2075<\/td><\/tr><tr><td class=\"has-text-align-center\" data-align=\"center\">Biesiada Piotr<\/td><td class=\"has-text-align-center\" data-align=\"center\">wtorek<\/td><td class=\"has-text-align-center\" data-align=\"center\">8\u2074\u2070 \u2013 9\u2074\u2070<\/td><\/tr><tr><td class=\"has-text-align-center\" data-align=\"center\">Borowiecka El\u017cbieta<\/td><td class=\"has-text-align-center\" data-align=\"center\">wtorek<\/td><td class=\"has-text-align-center\" data-align=\"center\">14\u00b3\u2070 \u2013 15\u00b3\u2070<\/td><\/tr><tr><td class=\"has-text-align-center\" data-align=\"center\">Boryczka Sylwia<\/td><td class=\"has-text-align-center\" data-align=\"center\">poniedzia\u0142ek<\/td><td class=\"has-text-align-center\" data-align=\"center\">13\u00b2\u2075 \u2013 14\u00b2\u2075<\/td><\/tr><tr><td class=\"has-text-align-center\" data-align=\"center\">Cortez Androna<\/td><td class=\"has-text-align-center\" data-align=\"center\">wtorek<\/td><td class=\"has-text-align-center\" data-align=\"center\">11\u00b3\u2070 -12\u00b3\u2070<\/td><\/tr><tr><td class=\"has-text-align-center\" data-align=\"center\">Czerwie\u0144 \u2013 Skipia\u0142a Ewa<\/td><td class=\"has-text-align-center\" data-align=\"center\">wtorek<\/td><td class=\"has-text-align-center\" data-align=\"center\">12\u00b3\u2075 \u2013 13\u00b3\u2075<\/td><\/tr><tr><td class=\"has-text-align-center\" data-align=\"center\">Dobranowska Anna<\/td><td class=\"has-text-align-center\" data-align=\"center\">poniedzia\u0142ek<\/td><td class=\"has-text-align-center\" data-align=\"center\">16\u00b3\u2070 \u2013 17\u00b3\u2070<\/td><\/tr><tr><td class=\"has-text-align-center\" data-align=\"center\">Drzewiecka Ma\u0142gorzata<\/td><td class=\"has-text-align-center\" data-align=\"center\">\u015broda<\/td><td class=\"has-text-align-center\" data-align=\"center\">14\u00b3\u2070 \u2013 15\u00b3\u2070<\/td><\/tr><tr><td class=\"has-text-align-center\" data-align=\"center\">Faber Klaudia<\/td><td class=\"has-text-align-center\" data-align=\"center\">poniedzia\u0142ek<\/td><td class=\"has-text-align-center\" data-align=\"center\">13\u00b3\u2070 \u2013 14\u00b3\u2070<\/td><\/tr><tr><td class=\"has-text-align-center\" data-align=\"center\">Flak Ma\u0142gorzata<\/td><td class=\"has-text-align-center\" data-align=\"center\">pi\u0105tek<\/td><td class=\"has-text-align-center\" data-align=\"center\">7\u2070\u2070 \u2013 8\u2070\u2070<\/td><\/tr><tr><td class=\"has-text-align-center\" data-align=\"center\">Glinka \u2013 Kalisz Jolanta<\/td><td class=\"has-text-align-center\" data-align=\"center\">czwartek<\/td><td class=\"has-text-align-center\" data-align=\"center\">12\u00b3\u2070 \u2013 13\u00b3\u2070<\/td><\/tr><tr><td class=\"has-text-align-center\" data-align=\"center\">G\u0142uc Ewa<\/td><td class=\"has-text-align-center\" data-align=\"center\">\u015broda<\/td><td class=\"has-text-align-center\" data-align=\"center\">14\u00b3\u2070 \u2013 15\u00b3\u2070<\/td><\/tr><tr><td class=\"has-text-align-center\" data-align=\"center\">Hadamek \u2013 Go\u017adziewicz Marta<\/td><td class=\"has-text-align-center\" data-align=\"center\">poniedzia\u0142ek<\/td><td class=\"has-text-align-center\" data-align=\"center\">12\u00b3\u2075 \u2013 13\u00b3\u2075<\/td><\/tr><tr><td class=\"has-text-align-center\" data-align=\"center\">Henkel Anita<\/td><td class=\"has-text-align-center\" data-align=\"center\">\u015broda<\/td><td class=\"has-text-align-center\" data-align=\"center\">8\u00b3\u2070 \u2013 9\u00b3\u2070<\/td><\/tr><tr><td class=\"has-text-align-center\" data-align=\"center\">Hunia Ewa<\/td><td class=\"has-text-align-center\" data-align=\"center\">wtorek<\/td><td class=\"has-text-align-center\" data-align=\"center\">11\u2074\u2070 \u2013 12\u2074\u2070<\/td><\/tr><tr><td class=\"has-text-align-center\" data-align=\"center\">Komiakiewicz Halina<\/td><td class=\"has-text-align-center\" data-align=\"center\">\u015broda<\/td><td class=\"has-text-align-center\" data-align=\"center\">7\u2070\u2070 \u2013 8\u2070\u2070<\/td><\/tr><tr><td class=\"has-text-align-center\" data-align=\"center\">Kopacz Karolina<\/td><td class=\"has-text-align-center\" data-align=\"center\">pi\u0105tek<\/td><td class=\"has-text-align-center\" data-align=\"center\">7\u2074\u2075 \u2013 8\u2074\u2075<\/td><\/tr><tr><td class=\"has-text-align-center\" data-align=\"center\">Korczyk Beata<\/td><td class=\"has-text-align-center\" data-align=\"center\">pi\u0105tek<\/td><td class=\"has-text-align-center\" data-align=\"center\">14\u00b3\u2070 \u2013 15\u00b3\u2070<\/td><\/tr><tr><td class=\"has-text-align-center\" data-align=\"center\">Kozak Barbara<\/td><td class=\"has-text-align-center\" data-align=\"center\">wtorek<\/td><td class=\"has-text-align-center\" data-align=\"center\">15\u00b9\u2075 \u2013 16\u00b9\u2075<\/td><\/tr><tr><td class=\"has-text-align-center\" data-align=\"center\">Krypel B\u0142a\u017cej<\/td><td class=\"has-text-align-center\" data-align=\"center\">wtorek<\/td><td class=\"has-text-align-center\" data-align=\"center\">15\u00b9\u2075 \u2013 16\u00b9\u2075<\/td><\/tr><tr><td class=\"has-text-align-center\" data-align=\"center\">Kuptsevych Natalia<\/td><td class=\"has-text-align-center\" data-align=\"center\">\u015broda<\/td><td class=\"has-text-align-center\" data-align=\"center\">8\u2074\u2075 \u2013 9\u2074\u2075<\/td><\/tr><tr><td class=\"has-text-align-center\" data-align=\"center\">Kwieci\u0144ska Magdalena<\/td><td class=\"has-text-align-center\" data-align=\"center\">wtorek<\/td><td class=\"has-text-align-center\" data-align=\"center\">13\u00b2\u2070 \u2013 14\u00b2\u2070<\/td><\/tr><tr><td class=\"has-text-align-center\" data-align=\"center\">Lewicka Wiktoria<\/td><td class=\"has-text-align-center\" data-align=\"center\">czwartek<\/td><td class=\"has-text-align-center\" data-align=\"center\">13\u00b2\u2070 \u2013 14\u00b2\u2070<\/td><\/tr><tr><td class=\"has-text-align-center\" data-align=\"center\">Lorek Agnieszka<\/td><td class=\"has-text-align-center\" data-align=\"center\">czwartek<\/td><td class=\"has-text-align-center\" data-align=\"center\">10\u2070\u2070 \u2013 11\u2070\u2070<\/td><\/tr><tr><td class=\"has-text-align-center\" data-align=\"center\">Matela \u017baneta<\/td><td class=\"has-text-align-center\" data-align=\"center\">wtorek<\/td><td class=\"has-text-align-center\" data-align=\"center\">7\u2070\u2070 \u2013 8\u2070\u2070<\/td><\/tr><tr><td class=\"has-text-align-center\" data-align=\"center\">Mazurkiewicz \u2013 Mirocha Ewa<\/td><td class=\"has-text-align-center\" data-align=\"center\">wtorek<\/td><td class=\"has-text-align-center\" data-align=\"center\">16\u00b3\u2070 \u2013 17\u00b3\u2070<\/td><\/tr><tr><td class=\"has-text-align-center\" data-align=\"center\">Mielczarek \u2013 Kozicka Ewa<\/td><td class=\"has-text-align-center\" data-align=\"center\">wtorek<\/td><td class=\"has-text-align-center\" data-align=\"center\">7\u2074\u2075 \u2013 8\u2074\u2075<\/td><\/tr><tr><td class=\"has-text-align-center\" data-align=\"center\">Mi\u0119tus Gra\u017cyna<\/td><td class=\"has-text-align-center\" data-align=\"center\">poniedzia\u0142ek<\/td><td class=\"has-text-align-center\" data-align=\"center\">7\u2070\u2070 \u2013 8\u2070\u2070<\/td><\/tr><tr><td class=\"has-text-align-center\" data-align=\"center\">Olchawa Barbara<\/td><td class=\"has-text-align-center\" data-align=\"center\">poniedzia\u0142ek<\/td><td class=\"has-text-align-center\" data-align=\"center\">7\u2070\u2070 \u2013 8\u2070\u2070<\/td><\/tr><tr><td class=\"has-text-align-center\" data-align=\"center\" rowspan=\"2\">Pi\u00f3rkowski Zygmunt<\/td><td class=\"has-text-align-center\" data-align=\"center\">wtorek<\/td><td class=\"has-text-align-center\" data-align=\"center\">14\u00b3\u2070 \u2013 14\u2075\u2070<\/td><\/tr><tr><td class=\"has-text-align-center\" data-align=\"center\">czwartek<\/td><td class=\"has-text-align-center\" data-align=\"center\">9\u2074\u2070 \u2013 10\u00b2\u2070<\/td><\/tr><tr><td class=\"has-text-align-center\" data-align=\"center\">Potoczna Izabela<\/td><td class=\"has-text-align-center\" data-align=\"center\">\u015broda<\/td><td class=\"has-text-align-center\" data-align=\"center\">7\u2070\u2070 \u2013 8\u2070\u2070<\/td><\/tr><tr><td class=\"has-text-align-center\" data-align=\"center\">Pr\u0105tnicka Magdalena<\/td><td class=\"has-text-align-center\" data-align=\"center\">\u015broda<\/td><td class=\"has-text-align-center\" data-align=\"center\">14\u00b2\u2075 \u2013 15\u00b2\u2075<\/td><\/tr><tr><td class=\"has-text-align-center\" data-align=\"center\">Przybylska Monika<\/td><td class=\"has-text-align-center\" data-align=\"center\">\u015broda<\/td><td class=\"has-text-align-center\" data-align=\"center\">13\u00b3\u2070 \u2013 14\u00b3\u2070<\/td><\/tr><tr><td class=\"has-text-align-center\" data-align=\"center\">Pustoselov Oleksii<\/td><td class=\"has-text-align-center\" data-align=\"center\">poniedzia\u0142ek<\/td><td class=\"has-text-align-center\" data-align=\"center\">13\u00b2\u2070 \u2013 14\u00b2\u2070<\/td><\/tr><tr><td class=\"has-text-align-center\" data-align=\"center\">Sadowska Klaudia<\/td><td class=\"has-text-align-center\" data-align=\"center\">\u015broda<\/td><td class=\"has-text-align-center\" data-align=\"center\">10\u00b3\u2075 \u2013 11\u00b3\u2075<\/td><\/tr><tr><td class=\"has-text-align-center\" data-align=\"center\">Sojka Aneta<\/td><td class=\"has-text-align-center\" data-align=\"center\">\u015broda<\/td><td class=\"has-text-align-center\" data-align=\"center\">15\u00b2\u2070 \u2013 16\u00b2\u2070<\/td><\/tr><tr><td class=\"has-text-align-center\" data-align=\"center\">Stolbova Inna<\/td><td class=\"has-text-align-center\" data-align=\"center\">\u015broda<\/td><td class=\"has-text-align-center\" data-align=\"center\">14\u00b3\u2070 &#8211; 15\u00b3\u2070<\/td><\/tr><tr><td class=\"has-text-align-center\" data-align=\"center\">\u015aci\u015blewska Dorota<\/td><td class=\"has-text-align-center\" data-align=\"center\">wtorek<\/td><td class=\"has-text-align-center\" data-align=\"center\">16\u00b3\u2070 \u2013 17\u00b3\u2070<\/td><\/tr><tr><td class=\"has-text-align-center\" data-align=\"center\">\u015aliwi\u0144ska Joanna<\/td><td class=\"has-text-align-center\" data-align=\"center\">wtorek<\/td><td class=\"has-text-align-center\" data-align=\"center\">16\u2075\u2075 \u2013 17\u2075\u2075<\/td><\/tr><tr><td class=\"has-text-align-center\" data-align=\"center\">\u015awierczek Wiktoria<\/td><td class=\"has-text-align-center\" data-align=\"center\">poniedzia\u0142ek<\/td><td class=\"has-text-align-center\" data-align=\"center\">7\u2070\u2070 \u2013 8\u2070\u2070<\/td><\/tr><tr><td class=\"has-text-align-center\" data-align=\"center\">Wallon Aleksandra<\/td><td class=\"has-text-align-center\" data-align=\"center\">pi\u0105tek<\/td><td class=\"has-text-align-center\" data-align=\"center\">9\u2074\u2070 \u2013 10\u2074\u2070<\/td><\/tr><tr><td class=\"has-text-align-center\" data-align=\"center\">Wardencka \u2013 Iwan Jolanta<\/td><td class=\"has-text-align-center\" data-align=\"center\">\u015broda<\/td><td class=\"has-text-align-center\" data-align=\"center\">11\u00b3\u2070- 12\u00b3\u2070<\/td><\/tr><tr><td class=\"has-text-align-center\" data-align=\"center\">Wilczopolska Anna<\/td><td class=\"has-text-align-center\" data-align=\"center\">poniedzia\u0142ek<\/td><td class=\"has-text-align-center\" data-align=\"center\">15\u00b3\u2070 \u2013 16\u00b3\u2070<\/td><\/tr><tr><td class=\"has-text-align-center\" data-align=\"center\">Wr\u00f3bel Bernard<\/td><td class=\"has-text-align-center\" data-align=\"center\">wtorek<\/td><td class=\"has-text-align-center\" data-align=\"center\">12\u00b3\u2075 \u2013 13\u00b3\u2075<\/td><\/tr><tr><td class=\"has-text-align-center\" data-align=\"center\">Zasadzie\u0144 Barbara<\/td><td class=\"has-text-align-center\" data-align=\"center\">poniedzia\u0142ek<\/td><td class=\"has-text-align-center\" data-align=\"center\">14\u00b2\u2070 \u2013 15\u00b2\u2070<\/td><\/tr><tr><td class=\"has-text-align-center\" data-align=\"center\">Zelent Ewa<\/td><td class=\"has-text-align-center\" data-align=\"center\">wtorek<\/td><td class=\"has-text-align-center\" data-align=\"center\">8\u2074\u2075 \u2013 9\u2074\u2075<\/td><\/tr><tr><td class=\"has-text-align-center\" data-align=\"center\">Zielaskiewicz Joanna<\/td><td class=\"has-text-align-center\" data-align=\"center\">wtorek<\/td><td class=\"has-text-align-center\" data-align=\"center\">7\u2070\u2070 \u2013 8\u2070\u2070<\/td><\/tr><\/tbody><\/table><\/figure>\n","protected":false},"excerpt":{"rendered":"<p>Nazwisko i imi\u0119 nauczyciela dzie\u0144 tygodnia zakres godzin Augustyniak Bo\u017cena pi\u0105tek 13\u00b2\u2070 \u2013 14\u00b2\u2070 Ba\u0142ecka Anna czwartek 8\u2074\u2075 \u2013 9\u2074\u2075 Bednarczyk Marta pi\u0105tek 7\u2074\u2075 \u2013 8\u2074\u2075 Biesiada Piotr wtorek 8\u2074\u2070&#8230;<\/p>\n","protected":false},"author":11,"featured_media":18767,"parent":0,"menu_order":0,"comment_status":"closed","ping_status":"closed","template":"","meta":{"inline_featured_image":false,"ngg_post_thumbnail":0,"footnotes":""},"class_list":["post-18765","page","type-page","status-publish","has-post-thumbnail","hentry"],"_links":{"self":[{"href":"https:\/\/zsp12.gliwice.pl\/sp15\/wp-json\/wp\/v2\/pages\/18765"}],"collection":[{"href":"https:\/\/zsp12.gliwice.pl\/sp15\/wp-json\/wp\/v2\/pages"}],"about":[{"href":"https:\/\/zsp12.gliwice.pl\/sp15\/wp-json\/wp\/v2\/types\/page"}],"author":[{"embeddable":true,"href":"https:\/\/zsp12.gliwice.pl\/sp15\/wp-json\/wp\/v2\/users\/11"}],"replies":[{"embeddable":true,"href":"https:\/\/zsp12.gliwice.pl\/sp15\/wp-json\/wp\/v2\/comments?post=18765"}],"version-history":[{"count":7,"href":"https:\/\/zsp12.gliwice.pl\/sp15\/wp-json\/wp\/v2\/pages\/18765\/revisions"}],"predecessor-version":[{"id":19298,"href":"https:\/\/zsp12.gliwice.pl\/sp15\/wp-json\/wp\/v2\/pages\/18765\/revisions\/19298"}],"wp:featuredmedia":[{"embeddable":true,"href":"https:\/\/zsp12.gliwice.pl\/sp15\/wp-json\/wp\/v2\/media\/18767"}],"wp:attachment":[{"href":"https:\/\/zsp12.gliwice.pl\/sp15\/wp-json\/wp\/v2\/media?parent=18765"}],"curies":[{"name":"wp","href":"https:\/\/api.w.org\/{rel}","templated":true}]}}