{"id":17668,"date":"2023-10-04T21:34:05","date_gmt":"2023-10-04T19:34:05","guid":{"rendered":"https:\/\/zsp12.gliwice.pl\/sp15\/?page_id=17668"},"modified":"2024-07-31T12:46:57","modified_gmt":"2024-07-31T10:46:57","slug":"2023-2024-2","status":"publish","type":"page","link":"https:\/\/zsp12.gliwice.pl\/sp15\/2023-2024-2\/","title":{"rendered":"2023\/2024"},"content":{"rendered":"\n<p class=\"has-text-align-center\"><\/p>\n\n\n<p style=\"text-align: center\"><em><strong data-rich-text-format-boundary=\"true\">\u015aWIETLICA INTEGRACYJNA \u201ePOD LIPAMI\u201d DLA DZIECI ROMSKICH I NIEROMSKICH<\/strong><\/em><\/p>\n<p style=\"text-align: left\"><em>I zn\u00f3w rozpocz\u0119li\u015bmy nasz\u0105 przygod\u0119. Co prawda spotykamy si\u0119 rzadziej, ale jeste\u015bmy zn\u00f3w razem. Zaj\u0119cia odbywaj\u0105 si\u0119 w poniedzia\u0142ki i wtorki od 14:00 do 17:00 oraz w soboty zaj\u0119cia taneczne od 9:00 do 13:00. W taki spos\u00f3b b\u0119dziemy dzia\u0142a\u0107 od 19 lutego 2024 r. do 31 maja 2024 r. W ramach dzia\u0142alno\u015bci \u015bwietlicy uczestnicy mog\u0105 skorzysta\u0107 z takich zaj\u0119\u0107, jak: odrabianie zada\u0144 domowych, zaj\u0119cia sportowe, zaj\u0119cia artystyczne, zaj\u0119cia taneczne oraz mog\u0105 liczy\u0107 na sta\u0142e wsparcie asystenta edukacji romskiej. Do naszej \u015bwietlicy ucz\u0119szcza 75 uczni\u00f3w, czyli mamy 60 uczestnik\u00f3w i 15 sympatyk\u00f3w. Prawie 50% stanowi\u0105 dzieci pochodzenia romskiego. Oczywi\u015bcie ka\u017cdemu uczestnikowi przys\u0142uguje bezp\u0142atny ciep\u0142y posi\u0142ek regeneracyjny, do tego owoc lub jogurt i 05 litra wody mineralnej.<\/em><\/p>\n<p style=\"text-align: left\"><br data-rich-text-line-break=\"true\"><em><strong>Kadra naszej \u015bwietlicy:<\/strong><\/em><br data-rich-text-line-break=\"true\"><em>Kierownik \u015bwietlicy: Magdalena Kwiatkowska<br data-rich-text-line-break=\"true\">Odrabianie zada\u0144 domowych: Izydora Antczak<br data-rich-text-line-break=\"true\">Zaj\u0119cia sportowe: Anna Dobranowska<br data-rich-text-line-break=\"true\">Zaj\u0119cia artystyczne: Anna Magdalewicz<br data-rich-text-line-break=\"true\">Zaj\u0119cia taneczne: Inga Mirga<br data-rich-text-line-break=\"true\">Asystent edukacji romskiej: Marzena Men\u017cyk<\/em><br data-rich-text-line-break=\"true\"><em>Osoba sprz\u0105taj\u0105ca po naszych ba\u0142aganiarzach: Teresa Kami\u0144ska<\/em><\/p>\n<p style=\"text-align: center\"><br data-rich-text-line-break=\"true\"><em><strong>W OKRESIE OD 19 LUTEGO 2024 DO 31 MAJA 2024 \u015aWIETLICA INTEGRACYJNA \u201ePOD LIPAMI\u201d<br>DOFINANSOWANA JEST ZE \u015aRODK\u00d3W MIASTA GLIWICE<\/strong><\/em><\/p>\n<p>&nbsp;<\/p>\n\n\n<div class=\"wp-block-file\"><a id=\"wp-block-file--media-fefe858b-d5a1-4af1-8b6d-e1146b0fef8c\" href=\"https:\/\/zsp12.gliwice.pl\/sp15\/wp-content\/uploads\/sites\/11\/2024\/03\/SWIETLICA-INTEGRACYJNA.pdf\">\u015aWIETLICA INTEGRACYJNA \u201ePOD LIPAMI\u201d DLA DZIECI ROMSKICH I NIEROMSKICH<\/a><a href=\"https:\/\/zsp12.gliwice.pl\/sp15\/wp-content\/uploads\/sites\/11\/2024\/03\/SWIETLICA-INTEGRACYJNA.pdf\" class=\"wp-block-file__button wp-element-button\" download aria-describedby=\"wp-block-file--media-fefe858b-d5a1-4af1-8b6d-e1146b0fef8c\">Pobierz<\/a><\/div>\n\n\n\n<div class=\"wp-block-file\"><a id=\"wp-block-file--media-371d276a-a31e-4f7f-8c91-b0327315c21d\" href=\"https:\/\/zsp12.gliwice.pl\/sp15\/wp-content\/uploads\/sites\/11\/2024\/03\/HARMONOGRAM-SWIETLICY-INTEGRACYJNEJ-1.pdf\">HARMONOGRAM \u015aWIETLICY INTEGRACYJNEJ \u201ePOD LIPAMI\u201d<\/a><a href=\"https:\/\/zsp12.gliwice.pl\/sp15\/wp-content\/uploads\/sites\/11\/2024\/03\/HARMONOGRAM-SWIETLICY-INTEGRACYJNEJ-1.pdf\" class=\"wp-block-file__button wp-element-button\" download aria-describedby=\"wp-block-file--media-371d276a-a31e-4f7f-8c91-b0327315c21d\">Pobierz<\/a><\/div>\n\n\n\n<div class=\"wp-block-file\"><a id=\"wp-block-file--media-60ed0a7f-06ec-4cb5-b88e-1361b074bcbe\" href=\"https:\/\/zsp12.gliwice.pl\/sp15\/wp-content\/uploads\/sites\/11\/2024\/03\/regulamin_swietlicy_2023-2024-1.pdf\">REGULAMIN \u015aWIETLICY INTEGRACYJNEJ DLA DZIECI ROMSKICH I NIEROMSKICH \u201ePOD LIPAMI\u201d<\/a><a href=\"https:\/\/zsp12.gliwice.pl\/sp15\/wp-content\/uploads\/sites\/11\/2024\/03\/regulamin_swietlicy_2023-2024-1.pdf\" class=\"wp-block-file__button wp-element-button\" download aria-describedby=\"wp-block-file--media-60ed0a7f-06ec-4cb5-b88e-1361b074bcbe\">Pobierz<\/a><\/div>\n\n\n\n<div class=\"wp-block-media-text alignwide is-stacked-on-mobile\" style=\"grid-template-columns:15% auto\"><figure class=\"wp-block-media-text__media\"><img loading=\"lazy\" decoding=\"async\" width=\"150\" height=\"150\" src=\"https:\/\/zsp12.gliwice.pl\/sp15\/wp-content\/uploads\/sites\/11\/2024\/01\/Projekt-bez-nazwy-1-150x150.jpg\" alt=\"\" class=\"wp-image-18905 size-thumbnail\" srcset=\"https:\/\/zsp12.gliwice.pl\/sp15\/wp-content\/uploads\/sites\/11\/2024\/01\/Projekt-bez-nazwy-1-150x150.jpg 150w, https:\/\/zsp12.gliwice.pl\/sp15\/wp-content\/uploads\/sites\/11\/2024\/01\/Projekt-bez-nazwy-1-300x300.jpg 300w\" sizes=\"(max-width: 150px) 100vw, 150px\" \/><\/figure><div class=\"wp-block-media-text__content\">\n<p><a href=\"https:\/\/zsp12.gliwice.pl\/sp15\/blog\/2024\/07\/24\/sprawozdanie-z-realizacji-zadania-polkolonie-letnie-dla-dzieci-romskich-z-terenu-miasta-gliwice-oraz-nieromskich-uczeszczajacych-do-zsp-12-w-2024-roku\/\">Sprawozdanie z realizacji zadania \u201e P\u00f3\u0142kolonie letnie dla dzieci romskich z terenu miasta Gliwice oraz nieromskich ucz\u0119szczaj\u0105cych do ZSP 12 w 2024 roku\u201d<\/a><\/p>\n<\/div><\/div>\n\n\n\n<div class=\"wp-block-media-text alignwide is-stacked-on-mobile\" style=\"grid-template-columns:15% auto\"><figure class=\"wp-block-media-text__media\"><img loading=\"lazy\" decoding=\"async\" width=\"150\" height=\"150\" src=\"https:\/\/zsp12.gliwice.pl\/sp15\/wp-content\/uploads\/sites\/11\/2024\/01\/Projekt-bez-nazwy-1-150x150.jpg\" alt=\"\" class=\"wp-image-18905 size-thumbnail\" srcset=\"https:\/\/zsp12.gliwice.pl\/sp15\/wp-content\/uploads\/sites\/11\/2024\/01\/Projekt-bez-nazwy-1-150x150.jpg 150w, https:\/\/zsp12.gliwice.pl\/sp15\/wp-content\/uploads\/sites\/11\/2024\/01\/Projekt-bez-nazwy-1-300x300.jpg 300w\" sizes=\"(max-width: 150px) 100vw, 150px\" \/><\/figure><div class=\"wp-block-media-text__content\">\n<p><a href=\"https:\/\/zsp12.gliwice.pl\/sp15\/blog\/2024\/07\/01\/sprawozdanie-z-dzialanosci-swietlicy-integracyjnej-pod-lipami-dla-dzieci-romskich-i-nieromskich-za-okres-od-19-02-2024-r-do-31-05-2024-r\/\">SPRAWOZDANIE Z DZIA\u0141ANO\u015aCI \u015aWIETLICY INTEGRACYJNEJ \u201ePOD LIPAMI\u201d DLA DZIECI ROMSKICH I NIEROMSKICH ZA OKRES OD 19.02.2024 R. DO 31.05.2024 R.<\/a><\/p>\n<\/div><\/div>\n\n\n\n<div class=\"wp-block-media-text alignwide is-stacked-on-mobile\" style=\"grid-template-columns:15% auto\"><figure class=\"wp-block-media-text__media\"><img loading=\"lazy\" decoding=\"async\" width=\"300\" height=\"300\" src=\"https:\/\/zsp12.gliwice.pl\/sp15\/wp-content\/uploads\/sites\/11\/2024\/06\/558b9ed2-4a84-4019-9f59-75aa0bca5877-Copy-300x300.jpg\" alt=\"\" class=\"wp-image-20653 size-medium\" srcset=\"https:\/\/zsp12.gliwice.pl\/sp15\/wp-content\/uploads\/sites\/11\/2024\/06\/558b9ed2-4a84-4019-9f59-75aa0bca5877-Copy-300x300.jpg 300w, https:\/\/zsp12.gliwice.pl\/sp15\/wp-content\/uploads\/sites\/11\/2024\/06\/558b9ed2-4a84-4019-9f59-75aa0bca5877-Copy-150x150.jpg 150w\" sizes=\"(max-width: 300px) 100vw, 300px\" \/><\/figure><div class=\"wp-block-media-text__content\">\n<p><a href=\"https:\/\/zsp12.gliwice.pl\/sp15\/blog\/2024\/06\/24\/polkolonie-letnie-3\/\">P\u00d3\u0141KOLONIE LETNIE<\/a><\/p>\n<\/div><\/div>\n\n\n\n<div class=\"wp-block-media-text alignwide is-stacked-on-mobile\" style=\"grid-template-columns:15% auto\"><figure class=\"wp-block-media-text__media\"><img loading=\"lazy\" decoding=\"async\" width=\"150\" height=\"150\" src=\"https:\/\/zsp12.gliwice.pl\/sp15\/wp-content\/uploads\/sites\/11\/2024\/04\/aad1513c-7388-4c47-99e0-7bf8d77472ca-Copy-150x150.jpg\" alt=\"\" class=\"wp-image-19614 size-thumbnail\" srcset=\"https:\/\/zsp12.gliwice.pl\/sp15\/wp-content\/uploads\/sites\/11\/2024\/04\/aad1513c-7388-4c47-99e0-7bf8d77472ca-Copy-150x150.jpg 150w, https:\/\/zsp12.gliwice.pl\/sp15\/wp-content\/uploads\/sites\/11\/2024\/04\/aad1513c-7388-4c47-99e0-7bf8d77472ca-Copy-300x300.jpg 300w\" sizes=\"(max-width: 150px) 100vw, 150px\" \/><\/figure><div class=\"wp-block-media-text__content\">\n<p><a href=\"https:\/\/zsp12.gliwice.pl\/sp15\/blog\/2024\/04\/10\/zajecia-dodatkowe-dla-uczniow-pochodzenia-romskiego-uczeszczajacych-do-gliwickich-szkol-w-2024-roku\/\">Zaj\u0119cia dodatkowe dla uczni\u00f3w pochodzenia romskiego, ucz\u0119szczaj\u0105cych do gliwickich szk\u00f3\u0142 w 2024 roku<\/a><\/p>\n<\/div><\/div>\n\n\n\n<div class=\"wp-block-media-text alignwide is-stacked-on-mobile\" style=\"grid-template-columns:15% auto\"><figure class=\"wp-block-media-text__media\"><img loading=\"lazy\" decoding=\"async\" width=\"150\" height=\"150\" src=\"https:\/\/zsp12.gliwice.pl\/sp15\/wp-content\/uploads\/sites\/11\/2024\/01\/Projekt-bez-nazwy-1-150x150.jpg\" alt=\"\" class=\"wp-image-18905 size-thumbnail\" srcset=\"https:\/\/zsp12.gliwice.pl\/sp15\/wp-content\/uploads\/sites\/11\/2024\/01\/Projekt-bez-nazwy-1-150x150.jpg 150w, https:\/\/zsp12.gliwice.pl\/sp15\/wp-content\/uploads\/sites\/11\/2024\/01\/Projekt-bez-nazwy-1-300x300.jpg 300w\" sizes=\"(max-width: 150px) 100vw, 150px\" \/><\/figure><div class=\"wp-block-media-text__content\">\n<p><a href=\"https:\/\/zsp12.gliwice.pl\/sp15\/blog\/2024\/01\/11\/sprawozdanie-merytoryczne-z-realizacji-zadania-dofinsowansowania-ze-srodkow-programu-integracji-spolecznej-i-obywatelskiej-romow-w-polsce-na-lata-2021-2030\/\">Sprawozdanie merytoryczne z realizacji zadania dofinansowania ze \u015brodk\u00f3w Programu Integracji spo\u0142ecznej i obywatelskiej Rom\u00f3w w Polsce na lata 2021 \u2013 2030<\/a><\/p>\n<\/div><\/div>\n\n\n\n<div class=\"wp-block-media-text alignwide is-stacked-on-mobile\" style=\"grid-template-columns:15% auto\"><figure class=\"wp-block-media-text__media\"><img loading=\"lazy\" decoding=\"async\" width=\"150\" height=\"150\" src=\"https:\/\/zsp12.gliwice.pl\/sp15\/wp-content\/uploads\/sites\/11\/2023\/10\/c87f8ada-ff69-4783-9f7b-3af456d3e4ba-Copy-150x150.jpg\" alt=\"\" class=\"wp-image-18444 size-thumbnail\" srcset=\"https:\/\/zsp12.gliwice.pl\/sp15\/wp-content\/uploads\/sites\/11\/2023\/10\/c87f8ada-ff69-4783-9f7b-3af456d3e4ba-Copy-150x150.jpg 150w, https:\/\/zsp12.gliwice.pl\/sp15\/wp-content\/uploads\/sites\/11\/2023\/10\/c87f8ada-ff69-4783-9f7b-3af456d3e4ba-Copy-300x300.jpg 300w\" sizes=\"(max-width: 150px) 100vw, 150px\" \/><\/figure><div class=\"wp-block-media-text__content\">\n<p class=\"has-small-font-size\"><a href=\"https:\/\/zsp12.gliwice.pl\/sp15\/blog\/2023\/10\/23\/wycieczka-park-linowy-linaadrena-gliwice-czechowice\/\">PARK LINOWY LINAADRENA GLIWICE \u2013 CZECHOWICE<\/a><\/p>\n<\/div><\/div>\n\n\n\n<div class=\"wp-block-media-text alignwide is-stacked-on-mobile\" style=\"grid-template-columns:15% auto\"><figure class=\"wp-block-media-text__media\"><img loading=\"lazy\" decoding=\"async\" width=\"150\" height=\"150\" src=\"https:\/\/zsp12.gliwice.pl\/sp15\/wp-content\/uploads\/sites\/11\/2023\/10\/62e23ca1-3d19-4be1-a576-b4a72c68a04d-Copy-150x150.jpg\" alt=\"\" class=\"wp-image-18139 size-thumbnail\" srcset=\"https:\/\/zsp12.gliwice.pl\/sp15\/wp-content\/uploads\/sites\/11\/2023\/10\/62e23ca1-3d19-4be1-a576-b4a72c68a04d-Copy-150x150.jpg 150w, https:\/\/zsp12.gliwice.pl\/sp15\/wp-content\/uploads\/sites\/11\/2023\/10\/62e23ca1-3d19-4be1-a576-b4a72c68a04d-Copy-300x300.jpg 300w\" sizes=\"(max-width: 150px) 100vw, 150px\" \/><\/figure><div class=\"wp-block-media-text__content\">\n<p class=\"has-small-font-size\"><a href=\"https:\/\/zsp12.gliwice.pl\/sp15\/blog\/2023\/10\/05\/zajecia-taneczne\/\">Zaj\u0119cia taneczne \u201cPod lipami\u201d<\/a><\/p>\n<\/div><\/div>\n\n\n\n<div class=\"wp-block-media-text alignwide is-stacked-on-mobile\" style=\"grid-template-columns:15% auto\"><figure class=\"wp-block-media-text__media\"><img loading=\"lazy\" decoding=\"async\" width=\"150\" height=\"150\" src=\"https:\/\/zsp12.gliwice.pl\/sp15\/wp-content\/uploads\/sites\/11\/2023\/10\/3cacaaa9-a971-4a3a-aae3-02962e92a2fa-Copy-150x150.jpg\" alt=\"\" class=\"wp-image-18109 size-thumbnail\" srcset=\"https:\/\/zsp12.gliwice.pl\/sp15\/wp-content\/uploads\/sites\/11\/2023\/10\/3cacaaa9-a971-4a3a-aae3-02962e92a2fa-Copy-150x150.jpg 150w, https:\/\/zsp12.gliwice.pl\/sp15\/wp-content\/uploads\/sites\/11\/2023\/10\/3cacaaa9-a971-4a3a-aae3-02962e92a2fa-Copy-300x300.jpg 300w\" sizes=\"(max-width: 150px) 100vw, 150px\" \/><\/figure><div class=\"wp-block-media-text__content\">\n<p class=\"has-small-font-size\"><a href=\"https:\/\/zsp12.gliwice.pl\/sp15\/blog\/2023\/10\/05\/warsztaty-kulinarne\/\">Warsztaty kulinarne \u201cPod lipami\u201d<\/a><\/p>\n<\/div><\/div>\n\n\n\n<div class=\"wp-block-media-text alignwide is-stacked-on-mobile\" style=\"grid-template-columns:15% auto\"><figure class=\"wp-block-media-text__media\"><img loading=\"lazy\" decoding=\"async\" width=\"150\" height=\"150\" src=\"https:\/\/zsp12.gliwice.pl\/sp15\/wp-content\/uploads\/sites\/11\/2023\/10\/ae0107c0-0f45-4d30-8b72-6f90fe50a6e9-Copy-150x150.jpg\" alt=\"\" class=\"wp-image-18006 size-thumbnail\" srcset=\"https:\/\/zsp12.gliwice.pl\/sp15\/wp-content\/uploads\/sites\/11\/2023\/10\/ae0107c0-0f45-4d30-8b72-6f90fe50a6e9-Copy-150x150.jpg 150w, https:\/\/zsp12.gliwice.pl\/sp15\/wp-content\/uploads\/sites\/11\/2023\/10\/ae0107c0-0f45-4d30-8b72-6f90fe50a6e9-Copy-300x300.jpg 300w\" sizes=\"(max-width: 150px) 100vw, 150px\" \/><\/figure><div class=\"wp-block-media-text__content\">\n<p class=\"has-small-font-size\"><a href=\"https:\/\/zsp12.gliwice.pl\/sp15\/blog\/2023\/10\/04\/realizacja-programu-integracji-spolecznej-i-obywatelskiej-romow-w-polsce-na-lata-2021-2030\/\">PROMOCJA ZDROWIA W\u015aR\u00d3D OS\u00d3B POCHODZENIA ROMSKIEGO W ROKU 2023 w ramach PROGRAMU INTEGRACJI SPO\u0141ECZNEJ I OBYWATELSKIEJ ROM\u00d3W<\/a><\/p>\n<\/div><\/div>\n\n\n\n<div class=\"wp-block-media-text alignwide is-stacked-on-mobile\" style=\"grid-template-columns:15% auto\"><figure class=\"wp-block-media-text__media\"><img loading=\"lazy\" decoding=\"async\" width=\"150\" height=\"150\" src=\"https:\/\/zsp12.gliwice.pl\/sp15\/wp-content\/uploads\/sites\/11\/2023\/10\/a507f5ea-0903-4f7b-92a1-1972eb9bdc88-Copy-150x150.jpg\" alt=\"\" class=\"wp-image-17997 size-thumbnail\" srcset=\"https:\/\/zsp12.gliwice.pl\/sp15\/wp-content\/uploads\/sites\/11\/2023\/10\/a507f5ea-0903-4f7b-92a1-1972eb9bdc88-Copy-150x150.jpg 150w, https:\/\/zsp12.gliwice.pl\/sp15\/wp-content\/uploads\/sites\/11\/2023\/10\/a507f5ea-0903-4f7b-92a1-1972eb9bdc88-Copy-300x300.jpg 300w\" sizes=\"(max-width: 150px) 100vw, 150px\" \/><\/figure><div class=\"wp-block-media-text__content\">\n<p class=\"has-small-font-size\"><a href=\"https:\/\/zsp12.gliwice.pl\/sp15\/blog\/2023\/10\/04\/rejs-statkiem-fokstrot-do-plawniowic\/\">REJS STATKIEM FOKSTROT DO P\u0141AWNIOWIC<\/a><\/p>\n<\/div><\/div>\n\n\n\n<div class=\"wp-block-media-text alignwide is-stacked-on-mobile\" style=\"grid-template-columns:15% auto\"><figure class=\"wp-block-media-text__media\"><img loading=\"lazy\" decoding=\"async\" width=\"150\" height=\"150\" src=\"https:\/\/zsp12.gliwice.pl\/sp15\/wp-content\/uploads\/sites\/11\/2023\/10\/339c3c89-4966-49a1-b9e1-4505d9a5fa94-Copy-150x150.jpg\" alt=\"\" class=\"wp-image-18040 size-thumbnail\" srcset=\"https:\/\/zsp12.gliwice.pl\/sp15\/wp-content\/uploads\/sites\/11\/2023\/10\/339c3c89-4966-49a1-b9e1-4505d9a5fa94-Copy-150x150.jpg 150w, https:\/\/zsp12.gliwice.pl\/sp15\/wp-content\/uploads\/sites\/11\/2023\/10\/339c3c89-4966-49a1-b9e1-4505d9a5fa94-Copy-300x300.jpg 300w\" sizes=\"(max-width: 150px) 100vw, 150px\" \/><\/figure><div class=\"wp-block-media-text__content\">\n<p class=\"has-small-font-size\"><a href=\"https:\/\/zsp12.gliwice.pl\/sp15\/blog\/2023\/10\/03\/prowadzenie-swietlicy-integracyjnej-pod-lipami-dla-dzieci-romskich-i-nieromskich-w-ramach-programu-integracji-spolecznej-i-obywatelskiej-romow\/\">PROWADZENIE \u015aWIETLICY INTEGRACYJNEJ POD LIPAMI DLA DZIECI ROMSKICH I NIEROMSKICH w ramach PROGRAMU INTEGRACJI SPO\u0141ECZNEJ I OBYWATELSKIEJ ROM\u00d3W<\/a><\/p>\n<\/div><\/div>\n\n\n\nngg_shortcode_0_placeholder\n","protected":false},"excerpt":{"rendered":"<p>\u015aWIETLICA INTEGRACYJNA \u201ePOD LIPAMI\u201d DLA DZIECI ROMSKICH I NIEROMSKICH I zn\u00f3w rozpocz\u0119li\u015bmy nasz\u0105 przygod\u0119. Co prawda spotykamy si\u0119 rzadziej, ale jeste\u015bmy zn\u00f3w razem. Zaj\u0119cia odbywaj\u0105 si\u0119 w poniedzia\u0142ki i wtorki&#8230;<\/p>\n","protected":false},"author":2,"featured_media":18905,"parent":0,"menu_order":0,"comment_status":"closed","ping_status":"closed","template":"","meta":{"inline_featured_image":false,"ngg_post_thumbnail":0,"footnotes":""},"class_list":["post-17668","page","type-page","status-publish","has-post-thumbnail","hentry"],"_links":{"self":[{"href":"https:\/\/zsp12.gliwice.pl\/sp15\/wp-json\/wp\/v2\/pages\/17668"}],"collection":[{"href":"https:\/\/zsp12.gliwice.pl\/sp15\/wp-json\/wp\/v2\/pages"}],"about":[{"href":"https:\/\/zsp12.gliwice.pl\/sp15\/wp-json\/wp\/v2\/types\/page"}],"author":[{"embeddable":true,"href":"https:\/\/zsp12.gliwice.pl\/sp15\/wp-json\/wp\/v2\/users\/2"}],"replies":[{"embeddable":true,"href":"https:\/\/zsp12.gliwice.pl\/sp15\/wp-json\/wp\/v2\/comments?post=17668"}],"version-history":[{"count":20,"href":"https:\/\/zsp12.gliwice.pl\/sp15\/wp-json\/wp\/v2\/pages\/17668\/revisions"}],"predecessor-version":[{"id":21080,"href":"https:\/\/zsp12.gliwice.pl\/sp15\/wp-json\/wp\/v2\/pages\/17668\/revisions\/21080"}],"wp:featuredmedia":[{"embeddable":true,"href":"https:\/\/zsp12.gliwice.pl\/sp15\/wp-json\/wp\/v2\/media\/18905"}],"wp:attachment":[{"href":"https:\/\/zsp12.gliwice.pl\/sp15\/wp-json\/wp\/v2\/media?parent=17668"}],"curies":[{"name":"wp","href":"https:\/\/api.w.org\/{rel}","templated":true}]}}