{"id":17296,"date":"2023-08-16T14:25:45","date_gmt":"2023-08-16T12:25:45","guid":{"rendered":"https:\/\/zsp12.gliwice.pl\/sp15\/?page_id=17296"},"modified":"2023-08-16T16:17:57","modified_gmt":"2023-08-16T14:17:57","slug":"patron-2","status":"publish","type":"page","link":"https:\/\/zsp12.gliwice.pl\/sp15\/patron-2\/","title":{"rendered":"Patron"},"content":{"rendered":"<div class=\"wp-block-image\">\n<figure class=\"aligncenter size-full\"><img loading=\"lazy\" decoding=\"async\" width=\"318\" height=\"379\" src=\"https:\/\/zsp12.gliwice.pl\/sp15\/wp-content\/uploads\/sites\/11\/2023\/08\/5.png\" alt=\"\" class=\"wp-image-17308\" \/><\/figure><\/div>\n\n\n<p class=\"has-text-align-center\">Ignacy Jan Paderewski urodzi\u0142 si\u0119 w 6 listopada 1860 roku w Kury\u0142\u00f3wce na Podolu. \u017bycie Ignacego Jana Paderewskiego to opowie\u015b\u0107 o cz\u0142owieku, kt\u00f3ry mia\u0142 w \u017cyciu szcz\u0119\u015bcie, ale te\u017c umia\u0142 je w pe\u0142ni wykorzysta\u0107 i odwdzi\u0119czy\u0107 si\u0119 ziemi, kt\u00f3ra go wyda\u0142a na \u015bwiat. Paderewski, syn zamo\u017cnych polskich ziemian z Podola, od ma\u0142ego wykazywa\u0142 zainteresowanie muzyk\u0105. Z rodzinnej wsi trafi\u0142 w wieku 12 lat do Warszawy, gdzie nauczy\u0142 si\u0119 muzycznego kunsztu. Pocz\u0105tkowo studiowa\u0142 gr\u0119 na fortepianie w warszawskim Instytucie Muzycznym (lata 1873-78), nast\u0119pnie w Wiedniu   u jednego z najwybitniejszych pedagog\u00f3w owego czasu, Teodora Leszetyckiego, a nast\u0119pnie w Berlinie.<\/p>\n\n\n\n<p class=\"has-text-align-center\">Zdoby\u0142 wielkie powodzenie wykonuj\u0105c koncerty w Europie, a potem i w Ameryce. Znawcy nie uwa\u017cali go za szczeg\u00f3lnie genialnego pianist\u0119, lecz zawsze oczarowywa\u0142 on publiczno\u015b\u0107. By\u0142 bardzo przystojny, umia\u0142 si\u0119 wypowiada\u0107 celnie i dowcipnie, a jego koncerty by\u0142y pe\u0142ne pasji. Komponowa\u0142 utwory na r\u00f3\u017cnorodne obsady wykonawcze. Przede wszystkim skupia\u0142 si\u0119 na gatunkach fortepianowych, co oczywi\u015bcie mia\u0142o zwi\u0105zek z jego karier\u0105 pianistyczn\u0105. Jego spu\u015bcizna kompozytorska nie jest obszerna. <\/p>\n\n\n\n<p class=\"has-text-align-center\">Obejmuje jedynie  24 utwory dopuszczone przez tw\u00f3rc\u0119 do publikacji (opatrzone numerem opusowym) oraz niewielk\u0105 grup\u0119 kompozycji nieopusowanych.<\/p>\n\n\n\n<p class=\"has-text-align-center\">W\u015br\u00f3d dzie\u0142 opusowanych znajdziemy utwory monumentalne:<\/p>\n\n\n\n<ul class=\"wp-block-list\">\n<li>Koncert fortepianowy,<\/li>\n\n\n\n<li>Fantazj\u0119 polsk\u0105 na fortepian z orkiestr\u0105,<\/li>\n\n\n\n<li>Sonat\u0119 na fortepian,<\/li>\n\n\n\n<li>Symfoni\u0119,<\/li>\n\n\n\n<li>fortepianowe miniatury taneczne i salonowe.<\/li>\n<\/ul>\n\n\n\n<p class=\"has-text-align-center\">Debiutowa\u0142 on w muzycznych stolicach Europy \u2013 Wiedniu, Pary\u017cu i Londynie \u2013 w drugiej po\u0142owie lat osiemdziesi\u0105tych XIX w. Jego pianistyk\u0119, poza doskona\u0142o\u015bci\u0105 techniczn\u0105, cechowa\u0142o d\u0105\u017cenie do pog\u0142\u0119bionej interpretacji wykonywanych dzie\u0142. Koncertowa\u0142 ponad pi\u0119\u0107dziesi\u0105t lat, z wyj\u0105tkiem okresu odradzania si\u0119 i pocz\u0105tku polskiej pa\u0144stwowo\u015bci, kiedy skupiony by\u0142 wy\u0142\u0105cznie na dzia\u0142alno\u015bci politycznej, w tym na pe\u0142nieniu funkcji premiera rz\u0105du.<\/p>\n\n\n\n<p class=\"has-text-align-center\">Po I wojnie \u015bwiatowej przyjecha\u0142 do Polski. Jego przem\u00f3wienie w Poznaniu 26 grudnia 1918r. wznieci\u0142o powstanie wielkopolskie. Paderewski, jako cz\u0142owiek znany i lubiany na zachodzie, a tak\u017ce przedstawiciel Komitetu Narodowego Polskiego, kt\u00f3ry rz\u0105dy Ententy uwa\u017ca\u0142y za reprezentacj\u0119 Polski, zosta\u0142 16 stycznia 1919r. mianowany premierem, pe\u0142ni\u0105c r\u00f3wnie\u017c funkcj\u0119 ministra spraw zagranicznych. Negocjowa\u0142 i podpisa\u0142 Traktat Wersalski, jako przedstawiciel Polski, uzyskuj\u0105c dla niej Wielkopolsk\u0119 i cz\u0119\u015b\u0107 Pomorza. Paderewskiemu nie zale\u017ca\u0142o nigdy&nbsp;na stanowiskach politycznych, dzia\u0142alno\u015b\u0107 niepodleg\u0142o\u015bciow\u0105 traktowa\u0142 jako powinno\u015b\u0107 wzgl\u0119dem kraju ojczystego. Swe koncerty poprzedza\u0142 cz\u0119sto przem\u00f3wieniami na rzecz niepodleg\u0142o\u015bci Polski.<\/p>\n\n\n\n<p class=\"has-text-align-center\">Po tych wydarzeniach Paderewski stopniowo wycofywa\u0142 si\u0119 z polityki, uznawszy, \u017ce spe\u0142ni\u0142 swoj\u0105 misj\u0119       i powr\u00f3ci\u0142 do koncertowania. Po zamachu stanu Pi\u0142sudskiego z 1926 r. przyjmowa\u0142 w swojej rezydencji      w Morges w Szwajcarii emigrant\u00f3w politycznych z kraju. Po 1939 powr\u00f3ci\u0142 do \u017cycia publicznego.        Zosta\u0142 przewodnicz\u0105cym Rady Narodowej Rzeczypospolitej Polskiej w Londynie, kt\u00f3ra stanowi\u0142a substytut Sejmu na emigracji.<\/p>\n\n\n\n<p class=\"has-text-align-center\">Jego dzia\u0142alno\u015b\u0107 muzyczna, jako wirtuoza i kompozytora, by\u0142a jednym z wyk\u0142adnik\u00f3w jego postawy patriotycznej. Warto zauwa\u017cy\u0107, \u017ce sam Paderewski uznawa\u0142 kompozytorski rozdzia\u0142 swej biografii za szczeg\u00f3lnie istotny. W powsta\u0142ych ju\u017c w Ameryce w latach 30-tych Pami\u0119tnikach czytamy:<\/p>\n\n\n\n<p class=\"has-text-align-center\"><strong><em>\u201eNigdy nie dozna\u0142em w mojej karierze artystycznej wi\u0119kszego zadowolenia jak podczas owego 1903 roku, poniewa\u017c tym, co daje w \u017cyciu najwi\u0119ksze szcz\u0119\u015bcie, jest praca tw\u00f3rcza. [\u2026] Pracuj\u0105c tw\u00f3rczo, cz\u0142owiek stwarza sobie nowe \u017cycie. [\u2026] Gdy si\u0119 komponuje, \u017cyje si\u0119 w szczeg\u00f3lnej atmosferze, kt\u00f3ra      w rzeczywisto\u015bci wyklucza wszystko inne.\u201d<\/em><\/strong><\/p>\n\n\n\n<p class=\"has-text-align-center\">Zdania te precyzyjnie definiuj\u0105 priorytety i rzucaj\u0105 \u015bwiat\u0142o na kulisy niezwyk\u0142ej kariery pianistycznej Paderewskiego.<\/p>\n\n\n\n<p class=\"has-text-align-center\">Uznanie, jakim cieszy\u0142 si\u0119 Paderewski na \u015bwiecie, po\u015bwiadczaj\u0105 obok licznych odznacze\u0144 pa\u0144stwowych r\u00f3wnie\u017c tytu\u0142y doktora honoris causa przyznane mi\u0119dzy innymi przez uniwersytety Yale, Columbia, Oxford i Cambridge. Paderewski zmar\u0142 29 czerwca 1941 r. w Nowym Jorku.<\/p>\n\n\n\n<p class=\"has-text-align-center\"><em>Ignacy Paderewski by\u0142 jedn\u0105 z najwa\u017cniejszych postaci w historii Polski. Jego dzi\u0142alno\u015b\u0107 \u2013 jako muzyka,        a zarazem polityka oraz filantropa \u2013 wyr\u00f3\u017cnia\u0142a Go spo\u015br\u00f3d grona najwi\u0119kszych osobowo\u015bci \u015bwiata kultury       i polityki ubieg\u0142ego wieku.<\/em><\/p>\n\n\n\n<p class=\"has-text-align-center\"><em>Szczeg\u00f3lnego podkre\u015blenia wymaga Jego wk\u0142ad w dzie\u0142o odzyskania niepodleg\u0142o\u015bci Naszej Ojczyzny,           o co zabiega\u0142 jako charyzmatyczny artysta \u2013 propaguj\u0105c podczas swoich koncert\u00f3w w Europie i USA spraw\u0119 niepodleg\u0142o\u015bci Polski, oraz jako wytrawny polityk \u2013 pe\u0142ni\u0105c funkcj\u0119 premiera i ministra spraw zagranicznych a tak\u017ce reprezentuj\u0105c Polsk\u0119 na konferencji pokojowej w Pary\u017cu.<\/em><\/p>\n\n\n<div class=\"wp-block-image\">\n<figure class=\"aligncenter size-full is-resized\"><img loading=\"lazy\" decoding=\"async\" src=\"https:\/\/zsp12.gliwice.pl\/sp15\/wp-content\/uploads\/sites\/11\/2023\/08\/6.png\" alt=\"\" class=\"wp-image-17311\" width=\"408\" height=\"129\" \/><\/figure><\/div>","protected":false},"excerpt":{"rendered":"<p>Ignacy Jan Paderewski urodzi\u0142 si\u0119 w 6 listopada 1860 roku w Kury\u0142\u00f3wce na Podolu. \u017bycie Ignacego Jana Paderewskiego to opowie\u015b\u0107 o cz\u0142owieku, kt\u00f3ry mia\u0142 w \u017cyciu szcz\u0119\u015bcie, ale te\u017c umia\u0142&#8230;<\/p>\n","protected":false},"author":11,"featured_media":17308,"parent":0,"menu_order":0,"comment_status":"closed","ping_status":"closed","template":"","meta":{"inline_featured_image":false,"ngg_post_thumbnail":0,"footnotes":""},"class_list":["post-17296","page","type-page","status-publish","has-post-thumbnail","hentry"],"_links":{"self":[{"href":"https:\/\/zsp12.gliwice.pl\/sp15\/wp-json\/wp\/v2\/pages\/17296"}],"collection":[{"href":"https:\/\/zsp12.gliwice.pl\/sp15\/wp-json\/wp\/v2\/pages"}],"about":[{"href":"https:\/\/zsp12.gliwice.pl\/sp15\/wp-json\/wp\/v2\/types\/page"}],"author":[{"embeddable":true,"href":"https:\/\/zsp12.gliwice.pl\/sp15\/wp-json\/wp\/v2\/users\/11"}],"replies":[{"embeddable":true,"href":"https:\/\/zsp12.gliwice.pl\/sp15\/wp-json\/wp\/v2\/comments?post=17296"}],"version-history":[{"count":4,"href":"https:\/\/zsp12.gliwice.pl\/sp15\/wp-json\/wp\/v2\/pages\/17296\/revisions"}],"predecessor-version":[{"id":17312,"href":"https:\/\/zsp12.gliwice.pl\/sp15\/wp-json\/wp\/v2\/pages\/17296\/revisions\/17312"}],"wp:featuredmedia":[{"embeddable":true,"href":"https:\/\/zsp12.gliwice.pl\/sp15\/wp-json\/wp\/v2\/media\/17308"}],"wp:attachment":[{"href":"https:\/\/zsp12.gliwice.pl\/sp15\/wp-json\/wp\/v2\/media?parent=17296"}],"curies":[{"name":"wp","href":"https:\/\/api.w.org\/{rel}","templated":true}]}}