{"id":17020,"date":"2023-07-10T16:34:56","date_gmt":"2023-07-10T14:34:56","guid":{"rendered":"https:\/\/zsp12.gliwice.pl\/sp15\/?page_id=17020"},"modified":"2025-11-24T07:26:59","modified_gmt":"2025-11-24T06:26:59","slug":"dokumenty-2","status":"publish","type":"page","link":"https:\/\/zsp12.gliwice.pl\/sp15\/dokumenty-2\/","title":{"rendered":"PROCEDURY I REGULAMINY"},"content":{"rendered":"\n<div class=\"wp-block-file\"><a id=\"wp-block-file--media-b4196d4c-5c02-452a-aa20-79a83e021d0d\" href=\"https:\/\/zsp12.gliwice.pl\/sp15\/wp-content\/uploads\/sites\/11\/2025\/09\/Statut-ZSP-12-1.09.2025.pdf\">Statut ZSP 12 &#8211; 1.09.2025<\/a><a href=\"https:\/\/zsp12.gliwice.pl\/sp15\/wp-content\/uploads\/sites\/11\/2025\/09\/Statut-ZSP-12-1.09.2025.pdf\" class=\"wp-block-file__button wp-element-button\" download aria-describedby=\"wp-block-file--media-b4196d4c-5c02-452a-aa20-79a83e021d0d\">Pobierz<\/a><\/div>\n\n\n\n<div class=\"wp-block-file\"><a id=\"wp-block-file--media-fde34390-6e23-4ddf-b917-4e08582b0afb\" href=\"https:\/\/zsp12.gliwice.pl\/sp15\/wp-content\/uploads\/sites\/11\/2025\/09\/Statut-SP-15-1.09.2025.pdf\">Statut SP 15 &#8211; 1.09.2025<\/a><a href=\"https:\/\/zsp12.gliwice.pl\/sp15\/wp-content\/uploads\/sites\/11\/2025\/09\/Statut-SP-15-1.09.2025.pdf\" class=\"wp-block-file__button wp-element-button\" download aria-describedby=\"wp-block-file--media-fde34390-6e23-4ddf-b917-4e08582b0afb\">Pobierz<\/a><\/div>\n\n\n\n<div class=\"wp-block-file\"><a id=\"wp-block-file--media-d0ab9913-adbe-40b4-be9f-88f39f34ca9a\" href=\"http:\/\/zsp12.gliwice.pl\/wp-content\/uploads\/2021\/04\/ZSP-nr-12-program-WP-20-21-15-09-2020-3.pdf\">ZSP 12 Program Wychowawczy<\/a><a href=\"http:\/\/zsp12.gliwice.pl\/wp-content\/uploads\/2021\/04\/ZSP-nr-12-program-WP-20-21-15-09-2020-3.pdf\" class=\"wp-block-file__button wp-element-button\" download aria-describedby=\"wp-block-file--media-d0ab9913-adbe-40b4-be9f-88f39f34ca9a\">Pobierz<\/a><\/div>\n\n\n\n<div class=\"wp-block-file\"><a id=\"wp-block-file--media-90a64236-f468-44af-af91-6c72ebc6edd0\" href=\"https:\/\/zsp12.gliwice.pl\/sp15\/wp-content\/uploads\/sites\/11\/2023\/09\/ZSP12-Regulamin-wyjsc-i-wycieczek.pdf\">ZSP12 Regulamin wyj\u015b\u0107 i wycieczek<\/a><a href=\"https:\/\/zsp12.gliwice.pl\/sp15\/wp-content\/uploads\/sites\/11\/2023\/09\/ZSP12-Regulamin-wyjsc-i-wycieczek.pdf\" class=\"wp-block-file__button wp-element-button\" download aria-describedby=\"wp-block-file--media-90a64236-f468-44af-af91-6c72ebc6edd0\">Pobierz<\/a><\/div>\n\n\n\n<div class=\"wp-block-file\"><a id=\"wp-block-file--media-81a5b8fc-3c5b-4dee-9bde-a1d07c538b23\" href=\"https:\/\/zsp12.gliwice.pl\/sp15\/wp-content\/uploads\/sites\/11\/2023\/09\/SP15-Regulamin-swietlicy-szkolnej.pdf\">SP15 Regulamin \u015bwietlicy szkolnej<\/a><a href=\"https:\/\/zsp12.gliwice.pl\/sp15\/wp-content\/uploads\/sites\/11\/2023\/09\/SP15-Regulamin-swietlicy-szkolnej.pdf\" class=\"wp-block-file__button wp-element-button\" download aria-describedby=\"wp-block-file--media-81a5b8fc-3c5b-4dee-9bde-a1d07c538b23\">Pobierz<\/a><\/div>\n\n\n\n<div class=\"wp-block-file\"><a id=\"wp-block-file--media-26402fc4-7700-4dac-8953-4bd78685275e\" href=\"https:\/\/zsp12.gliwice.pl\/sp15\/wp-content\/uploads\/sites\/11\/2023\/09\/SP15-Procedura-w-przypadku-wystapienia-wszawicy.pdf\">SP15 Procedura w przypadku wyst\u0105pienia wszawicy<\/a><a href=\"https:\/\/zsp12.gliwice.pl\/sp15\/wp-content\/uploads\/sites\/11\/2023\/09\/SP15-Procedura-w-przypadku-wystapienia-wszawicy.pdf\" class=\"wp-block-file__button wp-element-button\" download aria-describedby=\"wp-block-file--media-26402fc4-7700-4dac-8953-4bd78685275e\">Pobierz<\/a><\/div>\n\n\n\n<div class=\"wp-block-file\"><a id=\"wp-block-file--media-bbd680c3-3727-4bd6-8115-c890f1fc05ee\" href=\"https:\/\/zsp12.gliwice.pl\/sp15\/wp-content\/uploads\/sites\/11\/2023\/09\/SP15-Procedura-Zasady-postepowania-w-przypadku-ucznia-znajdujacego-sie-pod-wplywem-1.pdf\">SP15 Procedura &#8211; zasady post\u0119powania w przypadku ucznia znajduj\u0105cego si\u0119 pod wp\u0142ywem<\/a><a href=\"https:\/\/zsp12.gliwice.pl\/sp15\/wp-content\/uploads\/sites\/11\/2023\/09\/SP15-Procedura-Zasady-postepowania-w-przypadku-ucznia-znajdujacego-sie-pod-wplywem-1.pdf\" class=\"wp-block-file__button wp-element-button\" download aria-describedby=\"wp-block-file--media-bbd680c3-3727-4bd6-8115-c890f1fc05ee\">Pobierz<\/a><\/div>\n\n\n\n<div class=\"wp-block-file\"><a id=\"wp-block-file--media-e3c05662-3171-44d3-9fb3-78b5f19afba9\" href=\"https:\/\/zsp12.gliwice.pl\/sp15\/wp-content\/uploads\/sites\/11\/2023\/09\/SP-15-Procedura-przyprowadzania-i-odbierania-ucznia-ze-szkoly.pdf\">SP15 Procedura przyprowadzania i odbierania ucznia ze szko\u0142y<\/a><a href=\"https:\/\/zsp12.gliwice.pl\/sp15\/wp-content\/uploads\/sites\/11\/2023\/09\/SP-15-Procedura-przyprowadzania-i-odbierania-ucznia-ze-szkoly.pdf\" class=\"wp-block-file__button wp-element-button\" download aria-describedby=\"wp-block-file--media-e3c05662-3171-44d3-9fb3-78b5f19afba9\">Pobierz<\/a><\/div>\n\n\n\n<div class=\"wp-block-file\"><a id=\"wp-block-file--media-5034c4bb-5815-4e79-b508-079ff108b97a\" href=\"https:\/\/zsp12.gliwice.pl\/sp15\/wp-content\/uploads\/sites\/11\/2023\/09\/SP15-Procedura-postepowania-w-przypadku-wystapienia-zachowan-agresywnych.pdf\">SP15 Procedura post\u0119powania w przypadku wyst\u0105pienia zachowa\u0144 agresywnych<\/a><a href=\"https:\/\/zsp12.gliwice.pl\/sp15\/wp-content\/uploads\/sites\/11\/2023\/09\/SP15-Procedura-postepowania-w-przypadku-wystapienia-zachowan-agresywnych.pdf\" class=\"wp-block-file__button wp-element-button\" download aria-describedby=\"wp-block-file--media-5034c4bb-5815-4e79-b508-079ff108b97a\">Pobierz<\/a><\/div>\n\n\n\n<div class=\"wp-block-file\"><a id=\"wp-block-file--media-4ef0b8b5-e9fc-4e7d-b8f5-dfdd63d88598\" href=\"https:\/\/zsp12.gliwice.pl\/sp15\/wp-content\/uploads\/sites\/11\/2023\/09\/SP15-Procedura-postepowania-wobec-ucznia-utrudniajacego-lub-uniemozliwiajacego-prowadzenie-zajec-dydaktycznych.pdf\">SP15 Procedura post\u0119powania wobec ucznia utrudniaj\u0105cego lub uniemo\u017cliwiaj\u0105cego prowadzenie zaj\u0119\u0107 dydaktycznych<\/a><a href=\"https:\/\/zsp12.gliwice.pl\/sp15\/wp-content\/uploads\/sites\/11\/2023\/09\/SP15-Procedura-postepowania-wobec-ucznia-utrudniajacego-lub-uniemozliwiajacego-prowadzenie-zajec-dydaktycznych.pdf\" class=\"wp-block-file__button wp-element-button\" download aria-describedby=\"wp-block-file--media-4ef0b8b5-e9fc-4e7d-b8f5-dfdd63d88598\">Pobierz<\/a><\/div>\n\n\n\n<div class=\"wp-block-file\"><a id=\"wp-block-file--media-5965239a-f570-4580-8e24-90c6e2c1a87b\" href=\"http:\/\/zsp12.gliwice.pl\/wp-content\/uploads\/2022\/04\/zal_do_zarzadzenia_11_2022_Zarzadzenie_Rodzaje_stopni_alarmowych_procedura.pdf\">PROCEDURY POST\u0118POWANIA W ZSP NR 12 W GLIWICACH PO WPROWADZENIU PRZEZ PREZESA RADY MINISTR\u00d3W STOPNI ALARMOWYCH I STOPNI ALARMOWYCH CRP<\/a><a href=\"http:\/\/zsp12.gliwice.pl\/wp-content\/uploads\/2022\/04\/zal_do_zarzadzenia_11_2022_Zarzadzenie_Rodzaje_stopni_alarmowych_procedura.pdf\" class=\"wp-block-file__button wp-element-button\" download aria-describedby=\"wp-block-file--media-5965239a-f570-4580-8e24-90c6e2c1a87b\">Pobierz<\/a><\/div>\n\n\n\n<div class=\"wp-block-file\"><a id=\"wp-block-file--media-24ee9340-6890-4918-ba46-9ad117223f4c\" href=\"https:\/\/zsp12.gliwice.pl\/sp15\/wp-content\/uploads\/sites\/11\/2024\/02\/Kodeks-etyki-w-ZSP12-w-Gliwicach.pdf\">ZSP12 Kodeks etyki w ZSP12 w Gliwicach<\/a><a href=\"https:\/\/zsp12.gliwice.pl\/sp15\/wp-content\/uploads\/sites\/11\/2024\/02\/Kodeks-etyki-w-ZSP12-w-Gliwicach.pdf\" class=\"wp-block-file__button wp-element-button\" download aria-describedby=\"wp-block-file--media-24ee9340-6890-4918-ba46-9ad117223f4c\">Pobierz<\/a><\/div>\n\n\n\n<div class=\"wp-block-file\"><a id=\"wp-block-file--media-cf503f85-08d3-4e28-80f5-1db63aff9e5e\" href=\"https:\/\/zsp12.gliwice.pl\/sp15\/wp-content\/uploads\/sites\/11\/2024\/02\/ZSP12_STANDARDY_OCHRONY_MALOLETNICH.pdf\">ZSP12 STANDARDY OCHRONY MALOLETNICH<\/a><a href=\"https:\/\/zsp12.gliwice.pl\/sp15\/wp-content\/uploads\/sites\/11\/2024\/02\/ZSP12_STANDARDY_OCHRONY_MALOLETNICH.pdf\" class=\"wp-block-file__button wp-element-button\" download aria-describedby=\"wp-block-file--media-cf503f85-08d3-4e28-80f5-1db63aff9e5e\">Pobierz<\/a><\/div>\n\n\n\n<div class=\"wp-block-file\"><a id=\"wp-block-file--media-cc5c9f8c-a1b2-4cdb-8402-c3ef3c172b2f\" href=\"https:\/\/zsp12.gliwice.pl\/sp15\/wp-content\/uploads\/sites\/11\/2024\/10\/19-Procedura-nietrzezwy-rodzic-1.pdf\">PROCEDURA post\u0119powania w razie podejrzenia, \u017ce dziecko odbiera z przedszkola\/szko\u0142y rodzic\/prawny opiekun, b\u0119d\u0105cy pod wp\u0142ywem alkoholu<\/a><a href=\"https:\/\/zsp12.gliwice.pl\/sp15\/wp-content\/uploads\/sites\/11\/2024\/10\/19-Procedura-nietrzezwy-rodzic-1.pdf\" class=\"wp-block-file__button wp-element-button\" download aria-describedby=\"wp-block-file--media-cc5c9f8c-a1b2-4cdb-8402-c3ef3c172b2f\">Pobierz<\/a><\/div>\n\n\n\n<div class=\"wp-block-file\"><a id=\"wp-block-file--media-243ab1d7-2689-424b-bce6-5309b29aca5b\" href=\"https:\/\/zsp12.gliwice.pl\/sp15\/wp-content\/uploads\/sites\/11\/2025\/09\/Procedura-Ochrony-Sygnalistow.pdf\">Procedura Ochrony Sygnalist\u00f3w<\/a><a href=\"https:\/\/zsp12.gliwice.pl\/sp15\/wp-content\/uploads\/sites\/11\/2025\/09\/Procedura-Ochrony-Sygnalistow.pdf\" class=\"wp-block-file__button wp-element-button\" download aria-describedby=\"wp-block-file--media-243ab1d7-2689-424b-bce6-5309b29aca5b\">Pobierz<\/a><\/div>\n\n\n\n<div class=\"wp-block-file\"><a id=\"wp-block-file--media-3b22ade9-dd6c-42e2-9a5f-211ef745921f\" href=\"https:\/\/zsp12.gliwice.pl\/sp15\/wp-content\/uploads\/sites\/11\/2025\/11\/Procedura-procesu-egzekwowania-i-dochodzenia-naleznosci-z-tytulu-oplat-za-wyzywienie-dzieci-w-przedszkolu-i-szkole-w-Zespole-Szkolno-Przedszkolnym-nr-12-w-Gliwicach.pdf\">Procedura procesu egzekwowania i dochodzenia nale\u017cno\u015bci z tytu\u0142u op\u0142at za wy\u017cywienie dzieci w przedszkolu i szkole w Zespole Szkolno-Przedszkolnym nr 12 w Gliwicach.<\/a><a href=\"https:\/\/zsp12.gliwice.pl\/sp15\/wp-content\/uploads\/sites\/11\/2025\/11\/Procedura-procesu-egzekwowania-i-dochodzenia-naleznosci-z-tytulu-oplat-za-wyzywienie-dzieci-w-przedszkolu-i-szkole-w-Zespole-Szkolno-Przedszkolnym-nr-12-w-Gliwicach.pdf\" class=\"wp-block-file__button wp-element-button\" download aria-describedby=\"wp-block-file--media-3b22ade9-dd6c-42e2-9a5f-211ef745921f\">Pobierz<\/a><\/div>\n","protected":false},"excerpt":{"rendered":"","protected":false},"author":2,"featured_media":16568,"parent":0,"menu_order":0,"comment_status":"closed","ping_status":"closed","template":"","meta":{"inline_featured_image":false,"ngg_post_thumbnail":0,"footnotes":""},"class_list":["post-17020","page","type-page","status-publish","has-post-thumbnail","hentry"],"_links":{"self":[{"href":"https:\/\/zsp12.gliwice.pl\/sp15\/wp-json\/wp\/v2\/pages\/17020"}],"collection":[{"href":"https:\/\/zsp12.gliwice.pl\/sp15\/wp-json\/wp\/v2\/pages"}],"about":[{"href":"https:\/\/zsp12.gliwice.pl\/sp15\/wp-json\/wp\/v2\/types\/page"}],"author":[{"embeddable":true,"href":"https:\/\/zsp12.gliwice.pl\/sp15\/wp-json\/wp\/v2\/users\/2"}],"replies":[{"embeddable":true,"href":"https:\/\/zsp12.gliwice.pl\/sp15\/wp-json\/wp\/v2\/comments?post=17020"}],"version-history":[{"count":21,"href":"https:\/\/zsp12.gliwice.pl\/sp15\/wp-json\/wp\/v2\/pages\/17020\/revisions"}],"predecessor-version":[{"id":26420,"href":"https:\/\/zsp12.gliwice.pl\/sp15\/wp-json\/wp\/v2\/pages\/17020\/revisions\/26420"}],"wp:featuredmedia":[{"embeddable":true,"href":"https:\/\/zsp12.gliwice.pl\/sp15\/wp-json\/wp\/v2\/media\/16568"}],"wp:attachment":[{"href":"https:\/\/zsp12.gliwice.pl\/sp15\/wp-json\/wp\/v2\/media?parent=17020"}],"curies":[{"name":"wp","href":"https:\/\/api.w.org\/{rel}","templated":true}]}}