{"id":17010,"date":"2023-07-10T14:11:37","date_gmt":"2023-07-10T12:11:37","guid":{"rendered":"https:\/\/zsp12.gliwice.pl\/sp15\/?page_id=17010"},"modified":"2025-03-24T13:19:20","modified_gmt":"2025-03-24T12:19:20","slug":"druki-do-pobrania","status":"publish","type":"page","link":"https:\/\/zsp12.gliwice.pl\/sp15\/druki-do-pobrania\/","title":{"rendered":"DRUKI DO POBRANIA"},"content":{"rendered":"\n<div class=\"wp-block-file\"><a id=\"wp-block-file--media-1fcf811e-2e96-4627-b770-cf3d931fe9a0\" href=\"https:\/\/zsp12.gliwice.pl\/sp15\/wp-content\/uploads\/sites\/11\/2025\/03\/SP15-Karta-informacyjna-ucznia-zapisanie-do-szkoly.doc\">SP15 Karta informacyjna ucznia &#8211; zapisanie do szko\u0142y<\/a><a href=\"https:\/\/zsp12.gliwice.pl\/sp15\/wp-content\/uploads\/sites\/11\/2025\/03\/SP15-Karta-informacyjna-ucznia-zapisanie-do-szkoly.doc\" class=\"wp-block-file__button wp-element-button\" download aria-describedby=\"wp-block-file--media-1fcf811e-2e96-4627-b770-cf3d931fe9a0\">Pobierz<\/a><\/div>\n\n\n\n<div class=\"wp-block-file\"><a id=\"wp-block-file--media-bb308278-4baa-4c00-98ef-34fde62031b8\" href=\"https:\/\/zsp12.gliwice.pl\/sp15\/wp-content\/uploads\/sites\/11\/2023\/09\/SP15-Deklaracja-o-powrocie-ucznia-ze-szkoly.pdf\">SP15 Deklaracja o samodzielnym powrocie ucznia ze szko\u0142y<\/a><a href=\"https:\/\/zsp12.gliwice.pl\/sp15\/wp-content\/uploads\/sites\/11\/2023\/09\/SP15-Deklaracja-o-powrocie-ucznia-ze-szkoly.pdf\" class=\"wp-block-file__button wp-element-button\" download aria-describedby=\"wp-block-file--media-bb308278-4baa-4c00-98ef-34fde62031b8\">Pobierz<\/a><\/div>\n\n\n\n<div class=\"wp-block-file\"><a id=\"wp-block-file--media-3c5468d8-c0b8-48ff-b75f-97655a1f0690\" href=\"https:\/\/zsp12.gliwice.pl\/sp15\/wp-content\/uploads\/sites\/11\/2023\/09\/SP15-Deklaracja-przeniesienia-ucznia-do-szkoly.pdf\">SP15 Deklaracja przeniesienia ucznia do szko\u0142y<\/a><a href=\"https:\/\/zsp12.gliwice.pl\/sp15\/wp-content\/uploads\/sites\/11\/2023\/09\/SP15-Deklaracja-przeniesienia-ucznia-do-szkoly.pdf\" class=\"wp-block-file__button wp-element-button\" download aria-describedby=\"wp-block-file--media-3c5468d8-c0b8-48ff-b75f-97655a1f0690\">Pobierz<\/a><\/div>\n\n\n\n<div class=\"wp-block-file\"><a id=\"wp-block-file--media-19b0a4bd-5fd8-4f5c-abe3-481c711f8fd8\" href=\"https:\/\/zsp12.gliwice.pl\/sp15\/wp-content\/uploads\/sites\/11\/2023\/09\/SP15-Deklaracja-udzialu-w-zajeciach-swietlicowych.pdf\">SP15 Deklaracja udzia\u0142u w zaj\u0119ciach \u015bwietlicowych<\/a><a href=\"https:\/\/zsp12.gliwice.pl\/sp15\/wp-content\/uploads\/sites\/11\/2023\/09\/SP15-Deklaracja-udzialu-w-zajeciach-swietlicowych.pdf\" class=\"wp-block-file__button wp-element-button\" download aria-describedby=\"wp-block-file--media-19b0a4bd-5fd8-4f5c-abe3-481c711f8fd8\">Pobierz<\/a><\/div>\n\n\n\n<div class=\"wp-block-file\"><a id=\"wp-block-file--media-00672340-ddfb-48e4-a80c-847dc7a65286\" href=\"https:\/\/zsp12.gliwice.pl\/sp15\/wp-content\/uploads\/sites\/11\/2023\/09\/SP15-Deklaracja-udzialu-w-zajeciach-opiekunczo-wychowawczych-w-dniu-wolnym-od-zajec-dydaktycznych.pdf\">SP15 Deklaracja udzia\u0142u w zaj\u0119ciach opieku\u0144czo &#8211; wychowawczych  w dniu wolnym od zaj\u0119\u0107 dydaktycznych<\/a><a href=\"https:\/\/zsp12.gliwice.pl\/sp15\/wp-content\/uploads\/sites\/11\/2023\/09\/SP15-Deklaracja-udzialu-w-zajeciach-opiekunczo-wychowawczych-w-dniu-wolnym-od-zajec-dydaktycznych.pdf\" class=\"wp-block-file__button wp-element-button\" download aria-describedby=\"wp-block-file--media-00672340-ddfb-48e4-a80c-847dc7a65286\">Pobierz<\/a><\/div>\n\n\n\n<div class=\"wp-block-file\"><a id=\"wp-block-file--media-4ff43c47-a6ba-451b-ac1a-4bc519cf1077\" href=\"https:\/\/zsp12.gliwice.pl\/sp15\/wp-content\/uploads\/sites\/11\/2023\/09\/SP15-Deklaracja-wyboru-drugiego-jezyka-obcego.pdf\">SP15 Deklaracja wyboru obowi\u0105zkowego drugiego j\u0119zyka obcego<\/a><a href=\"https:\/\/zsp12.gliwice.pl\/sp15\/wp-content\/uploads\/sites\/11\/2023\/09\/SP15-Deklaracja-wyboru-drugiego-jezyka-obcego.pdf\" class=\"wp-block-file__button wp-element-button\" download aria-describedby=\"wp-block-file--media-4ff43c47-a6ba-451b-ac1a-4bc519cf1077\">Pobierz<\/a><\/div>\n\n\n\n<div class=\"wp-block-file\"><a id=\"wp-block-file--media-692b60a2-470c-4dfd-b9d0-4af8ba72e275\" href=\"https:\/\/zsp12.gliwice.pl\/sp15\/wp-content\/uploads\/sites\/11\/2024\/09\/SP15-Deklaracja-udzialu-w-zajeciach-basenowych.doc\">SP15 Deklaracja udzia\u0142u w zaj\u0119ciach basenowych<\/a><a href=\"https:\/\/zsp12.gliwice.pl\/sp15\/wp-content\/uploads\/sites\/11\/2024\/09\/SP15-Deklaracja-udzialu-w-zajeciach-basenowych.doc\" class=\"wp-block-file__button wp-element-button\" download aria-describedby=\"wp-block-file--media-692b60a2-470c-4dfd-b9d0-4af8ba72e275\">Pobierz<\/a><\/div>\n\n\n\n<div class=\"wp-block-file\"><a id=\"wp-block-file--media-e89c96ae-9a6c-4dcf-aad4-0c8e71bf002d\" href=\"https:\/\/zsp12.gliwice.pl\/sp15\/wp-content\/uploads\/sites\/11\/2023\/09\/SP15-Formularz-aktualizacji-danych-osobowych.pdf\">SP15 Formularz aktualizacji danych osobowych<\/a><a href=\"https:\/\/zsp12.gliwice.pl\/sp15\/wp-content\/uploads\/sites\/11\/2023\/09\/SP15-Formularz-aktualizacji-danych-osobowych.pdf\" class=\"wp-block-file__button wp-element-button\" download aria-describedby=\"wp-block-file--media-e89c96ae-9a6c-4dcf-aad4-0c8e71bf002d\">Pobierz<\/a><\/div>\n\n\n\n<div class=\"wp-block-file\"><a id=\"wp-block-file--media-ca65a6e8-5cb5-4b10-8a6f-6af9ff417af6\" href=\"https:\/\/zsp12.gliwice.pl\/sp15\/wp-content\/uploads\/sites\/11\/2023\/09\/SP15-Jednorazowe-upowaznienie-do-odbioru-dziecka-ze-szkoly.pdf\">SP15 Jednorazowe upowa\u017cnienie do odbioru dziecka ze szko\u0142y<\/a><a href=\"https:\/\/zsp12.gliwice.pl\/sp15\/wp-content\/uploads\/sites\/11\/2023\/09\/SP15-Jednorazowe-upowaznienie-do-odbioru-dziecka-ze-szkoly.pdf\" class=\"wp-block-file__button wp-element-button\" download aria-describedby=\"wp-block-file--media-ca65a6e8-5cb5-4b10-8a6f-6af9ff417af6\">Pobierz<\/a><\/div>\n\n\n\n<div class=\"wp-block-file\"><a id=\"wp-block-file--media-c847a226-310f-4d11-9d94-707ea753da0b\" href=\"https:\/\/zsp12.gliwice.pl\/sp15\/wp-content\/uploads\/sites\/11\/2023\/09\/SP15-Jednorazowe-zezwolenie-na-samodzielny-powrot-ze-szkoly.pdf\">SP15 Jednorazowe zezwolenie na samodzielny powr\u00f3t ze szko\u0142y<\/a><a href=\"https:\/\/zsp12.gliwice.pl\/sp15\/wp-content\/uploads\/sites\/11\/2023\/09\/SP15-Jednorazowe-zezwolenie-na-samodzielny-powrot-ze-szkoly.pdf\" class=\"wp-block-file__button wp-element-button\" download aria-describedby=\"wp-block-file--media-c847a226-310f-4d11-9d94-707ea753da0b\">Pobierz<\/a><\/div>\n\n\n\n<div class=\"wp-block-file\"><a id=\"wp-block-file--media-a16f2ee9-08eb-454f-b169-2004eadac5e6\" href=\"https:\/\/zsp12.gliwice.pl\/sp15\/wp-content\/uploads\/sites\/11\/2023\/09\/SP15-Oswiadczenie-o-rezygnacji-udzial-w-lekcji-wychowanie-do-zycia-w-rodzinie.pdf\">SP15 O\u015bwiadczenie o rezygnacji udzia\u0142u w lekcji wychowanie do \u017cycia w rodzinie<\/a><a href=\"https:\/\/zsp12.gliwice.pl\/sp15\/wp-content\/uploads\/sites\/11\/2023\/09\/SP15-Oswiadczenie-o-rezygnacji-udzial-w-lekcji-wychowanie-do-zycia-w-rodzinie.pdf\" class=\"wp-block-file__button wp-element-button\" download aria-describedby=\"wp-block-file--media-a16f2ee9-08eb-454f-b169-2004eadac5e6\">Pobierz<\/a><\/div>\n\n\n\n<div class=\"wp-block-file\"><a id=\"wp-block-file--media-3dcedec4-08ba-42f0-b6fc-ad9ba438ea50\" href=\"https:\/\/zsp12.gliwice.pl\/sp15\/wp-content\/uploads\/sites\/11\/2025\/03\/SP15_Oswiadczenie-o-rezygnacja-z-udzialu-w-zajeciach-z-edukacji-zdrowotnej.pdf\">SP15_O\u015bwiadczenie o rezygnacja z udzia\u0142u w zaj\u0119ciach z edukacji zdrowotnej<\/a><a href=\"https:\/\/zsp12.gliwice.pl\/sp15\/wp-content\/uploads\/sites\/11\/2025\/03\/SP15_Oswiadczenie-o-rezygnacja-z-udzialu-w-zajeciach-z-edukacji-zdrowotnej.pdf\" class=\"wp-block-file__button wp-element-button\" download aria-describedby=\"wp-block-file--media-3dcedec4-08ba-42f0-b6fc-ad9ba438ea50\">Pobierz<\/a><\/div>\n\n\n\n<div class=\"wp-block-file\"><a id=\"wp-block-file--media-dbf12213-5660-4fcb-b8ee-0988b83337e7\" href=\"https:\/\/zsp12.gliwice.pl\/sp15\/wp-content\/uploads\/sites\/11\/2023\/09\/SP15-Oswiadczenie-o-udzial-w-zajeciach-religii_etyki.pdf\">SP15 O\u015bwiadczenie\/rezygnacja o udziale w zaj\u0119ciach religii\/etyki<\/a><a href=\"https:\/\/zsp12.gliwice.pl\/sp15\/wp-content\/uploads\/sites\/11\/2023\/09\/SP15-Oswiadczenie-o-udzial-w-zajeciach-religii_etyki.pdf\" class=\"wp-block-file__button wp-element-button\" download aria-describedby=\"wp-block-file--media-dbf12213-5660-4fcb-b8ee-0988b83337e7\">Pobierz<\/a><\/div>\n\n\n\n<div class=\"wp-block-file\"><a id=\"wp-block-file--media-3ef19294-20a4-47c7-82a0-004adcfbf09e\" href=\"https:\/\/zsp12.gliwice.pl\/sp15\/wp-content\/uploads\/sites\/11\/2023\/09\/SP15-Rezygnazja-z-udzialu-w-zajeciach-jezyka-polskiego-jako-jezyka-obcego.pdf\">SP15 Rezygnacja z udzia\u0142u w zaj\u0119ciach j\u0119zyka polskiego jako j\u0119zyka obcego<\/a><a href=\"https:\/\/zsp12.gliwice.pl\/sp15\/wp-content\/uploads\/sites\/11\/2023\/09\/SP15-Rezygnazja-z-udzialu-w-zajeciach-jezyka-polskiego-jako-jezyka-obcego.pdf\" class=\"wp-block-file__button wp-element-button\" download aria-describedby=\"wp-block-file--media-3ef19294-20a4-47c7-82a0-004adcfbf09e\">Pobierz<\/a><\/div>\n\n\n\n<div class=\"wp-block-file\"><a id=\"wp-block-file--media-9e9f1a0e-10d1-4297-a938-88f4133eac78\" href=\"https:\/\/zsp12.gliwice.pl\/sp15\/wp-content\/uploads\/sites\/11\/2023\/09\/SP15-Rezygnazja-z-udzialu-w-zajeciach-mniejszosci-narodowej-niemieckiego.pdf\">SP15 Rezygnacja z udzia\u0142u w zaj\u0119ciach mniejszo\u015bci narodowej &#8211; niemieckiego<\/a><a href=\"https:\/\/zsp12.gliwice.pl\/sp15\/wp-content\/uploads\/sites\/11\/2023\/09\/SP15-Rezygnazja-z-udzialu-w-zajeciach-mniejszosci-narodowej-niemieckiego.pdf\" class=\"wp-block-file__button wp-element-button\" download aria-describedby=\"wp-block-file--media-9e9f1a0e-10d1-4297-a938-88f4133eac78\">Pobierz<\/a><\/div>\n\n\n\n<div class=\"wp-block-file\"><a id=\"wp-block-file--media-ccf45e13-af68-431d-a4ae-cbc1ef22e4bb\" href=\"https:\/\/zsp12.gliwice.pl\/sp15\/wp-content\/uploads\/sites\/11\/2023\/09\/SP15-Upowaznienie-do-odbioru-dziecka-ze-szkoly.pdf\">SP15 Upowa\u017cnienie do odbioru dziecka ze szko\u0142y<\/a><a href=\"https:\/\/zsp12.gliwice.pl\/sp15\/wp-content\/uploads\/sites\/11\/2023\/09\/SP15-Upowaznienie-do-odbioru-dziecka-ze-szkoly.pdf\" class=\"wp-block-file__button wp-element-button\" download aria-describedby=\"wp-block-file--media-ccf45e13-af68-431d-a4ae-cbc1ef22e4bb\">Pobierz<\/a><\/div>\n\n\n\n<div class=\"wp-block-file\"><a id=\"wp-block-file--media-0f6ec3e1-0ac7-4545-90c2-d24fbc116c97\" href=\"https:\/\/zsp12.gliwice.pl\/sp15\/wp-content\/uploads\/sites\/11\/2023\/09\/SP15-Deklaracja-udzialu-w-zajeciach-mniejszosci-narodowej-niemieckiego.pdf\">SP15  Wniosek o obj\u0119cie ucznia nauk\u0105 j\u0119zyka mniejszo\u015bci narodowej &#8211; niemieckiego<\/a><a href=\"https:\/\/zsp12.gliwice.pl\/sp15\/wp-content\/uploads\/sites\/11\/2023\/09\/SP15-Deklaracja-udzialu-w-zajeciach-mniejszosci-narodowej-niemieckiego.pdf\" class=\"wp-block-file__button wp-element-button\" download aria-describedby=\"wp-block-file--media-0f6ec3e1-0ac7-4545-90c2-d24fbc116c97\">Pobierz<\/a><\/div>\n\n\n\n<div class=\"wp-block-file\"><a id=\"wp-block-file--media-03774332-d5b6-4ba5-9f23-fa833a144923\" href=\"https:\/\/zsp12.gliwice.pl\/sp15\/wp-content\/uploads\/sites\/11\/2023\/09\/SP15-Deklaracja-objecia-ucznia-nauka-jezyka-polskiego-jako-obcego.pdf\">SP15 Wniosek o obj\u0119cie ucznia nauk\u0105 j\u0119zyka polskiego jako obcego<\/a><a href=\"https:\/\/zsp12.gliwice.pl\/sp15\/wp-content\/uploads\/sites\/11\/2023\/09\/SP15-Deklaracja-objecia-ucznia-nauka-jezyka-polskiego-jako-obcego.pdf\" class=\"wp-block-file__button wp-element-button\" download aria-describedby=\"wp-block-file--media-03774332-d5b6-4ba5-9f23-fa833a144923\">Pobierz<\/a><\/div>\n\n\n\n<div class=\"wp-block-file\"><a id=\"wp-block-file--media-ddb5fffd-2465-42c2-b728-7574706b4bc3\" href=\"https:\/\/zsp12.gliwice.pl\/sp15\/wp-content\/uploads\/sites\/11\/2023\/09\/SP15-Wniosek-o-wydanie-legitymacji-szkolnej.pdf\">SP15 Wniosek o wydanie legitymacji szkolnej<\/a><a href=\"https:\/\/zsp12.gliwice.pl\/sp15\/wp-content\/uploads\/sites\/11\/2023\/09\/SP15-Wniosek-o-wydanie-legitymacji-szkolnej.pdf\" class=\"wp-block-file__button wp-element-button\" download aria-describedby=\"wp-block-file--media-ddb5fffd-2465-42c2-b728-7574706b4bc3\">Pobierz<\/a><\/div>\n\n\n\n<div class=\"wp-block-file\"><a id=\"wp-block-file--media-d2b18d65-e611-48a2-8c6f-3aebad04a863\" href=\"https:\/\/zsp12.gliwice.pl\/sp15\/wp-content\/uploads\/sites\/11\/2023\/09\/SP15-Wniosek-o-wydanie-duplikatu-legitymacji-szkolnej.pdf\">SP15 Wniosek o wydanie duplikatu legitymacji szkolnej<\/a><a href=\"https:\/\/zsp12.gliwice.pl\/sp15\/wp-content\/uploads\/sites\/11\/2023\/09\/SP15-Wniosek-o-wydanie-duplikatu-legitymacji-szkolnej.pdf\" class=\"wp-block-file__button wp-element-button\" download aria-describedby=\"wp-block-file--media-d2b18d65-e611-48a2-8c6f-3aebad04a863\">Pobierz<\/a><\/div>\n\n\n\n<div class=\"wp-block-file\"><a id=\"wp-block-file--media-4d7d5d0a-715f-4d3c-8f08-96dc3a566321\" href=\"https:\/\/zsp12.gliwice.pl\/sp15\/wp-content\/uploads\/sites\/11\/2023\/09\/SP15-Wniosek-o-sporzadzenie-duplikatu-swiadectwa.pdf\">SP15 Wniosek o sporz\u0105dzenie duplikatu \u015bwiadectwa<\/a><a href=\"https:\/\/zsp12.gliwice.pl\/sp15\/wp-content\/uploads\/sites\/11\/2023\/09\/SP15-Wniosek-o-sporzadzenie-duplikatu-swiadectwa.pdf\" class=\"wp-block-file__button wp-element-button\" download aria-describedby=\"wp-block-file--media-4d7d5d0a-715f-4d3c-8f08-96dc3a566321\">Pobierz<\/a><\/div>\n\n\n\n<div class=\"wp-block-file\"><a id=\"wp-block-file--media-d4f57443-a4bc-4035-b933-478eec28dfef\" href=\"https:\/\/zsp12.gliwice.pl\/sp15\/wp-content\/uploads\/sites\/11\/2023\/09\/SP15-Wniosek-o-wydanie-duplikatu-Karty-rowerowej.pdf\">SP15 Wniosek o wydanie duplikatu karty rowerowej<\/a><a href=\"https:\/\/zsp12.gliwice.pl\/sp15\/wp-content\/uploads\/sites\/11\/2023\/09\/SP15-Wniosek-o-wydanie-duplikatu-Karty-rowerowej.pdf\" class=\"wp-block-file__button wp-element-button\" download aria-describedby=\"wp-block-file--media-d4f57443-a4bc-4035-b933-478eec28dfef\">Pobierz<\/a><\/div>\n\n\n\n<div class=\"wp-block-file\"><a id=\"wp-block-file--media-c5500ccb-3398-4033-9d28-cdfb6c5b4620\" href=\"https:\/\/zsp12.gliwice.pl\/sp15\/wp-content\/uploads\/sites\/11\/2023\/09\/SP15-Zgoda-na-przeprowadzenie-kontroli-czystosci-glowy.pdf\">SP15 Zgoda na przeprowadzenie kontroli czysto\u015bci g\u0142owy<\/a><a href=\"https:\/\/zsp12.gliwice.pl\/sp15\/wp-content\/uploads\/sites\/11\/2023\/09\/SP15-Zgoda-na-przeprowadzenie-kontroli-czystosci-glowy.pdf\" class=\"wp-block-file__button wp-element-button\" download aria-describedby=\"wp-block-file--media-c5500ccb-3398-4033-9d28-cdfb6c5b4620\">Pobierz<\/a><\/div>\n","protected":false},"excerpt":{"rendered":"","protected":false},"author":2,"featured_media":16568,"parent":0,"menu_order":0,"comment_status":"closed","ping_status":"closed","template":"","meta":{"inline_featured_image":false,"ngg_post_thumbnail":0,"footnotes":""},"class_list":["post-17010","page","type-page","status-publish","has-post-thumbnail","hentry"],"_links":{"self":[{"href":"https:\/\/zsp12.gliwice.pl\/sp15\/wp-json\/wp\/v2\/pages\/17010"}],"collection":[{"href":"https:\/\/zsp12.gliwice.pl\/sp15\/wp-json\/wp\/v2\/pages"}],"about":[{"href":"https:\/\/zsp12.gliwice.pl\/sp15\/wp-json\/wp\/v2\/types\/page"}],"author":[{"embeddable":true,"href":"https:\/\/zsp12.gliwice.pl\/sp15\/wp-json\/wp\/v2\/users\/2"}],"replies":[{"embeddable":true,"href":"https:\/\/zsp12.gliwice.pl\/sp15\/wp-json\/wp\/v2\/comments?post=17010"}],"version-history":[{"count":9,"href":"https:\/\/zsp12.gliwice.pl\/sp15\/wp-json\/wp\/v2\/pages\/17010\/revisions"}],"predecessor-version":[{"id":23475,"href":"https:\/\/zsp12.gliwice.pl\/sp15\/wp-json\/wp\/v2\/pages\/17010\/revisions\/23475"}],"wp:featuredmedia":[{"embeddable":true,"href":"https:\/\/zsp12.gliwice.pl\/sp15\/wp-json\/wp\/v2\/media\/16568"}],"wp:attachment":[{"href":"https:\/\/zsp12.gliwice.pl\/sp15\/wp-json\/wp\/v2\/media?parent=17010"}],"curies":[{"name":"wp","href":"https:\/\/api.w.org\/{rel}","templated":true}]}}