{"id":16043,"date":"2023-05-04T21:54:50","date_gmt":"2023-05-04T19:54:50","guid":{"rendered":"https:\/\/zsp12.gliwice.pl\/sp15\/?page_id=16043"},"modified":"2024-04-24T07:21:51","modified_gmt":"2024-04-24T05:21:51","slug":"karta-rowerowa","status":"publish","type":"page","link":"https:\/\/zsp12.gliwice.pl\/sp15\/karta-rowerowa\/","title":{"rendered":"Karta rowerowa"},"content":{"rendered":"\n<figure class=\"wp-block-image size-large\"><img loading=\"lazy\" decoding=\"async\" width=\"1024\" height=\"442\" src=\"https:\/\/zsp12.gliwice.pl\/sp15\/wp-content\/uploads\/sites\/11\/2024\/04\/1-1024x442.png\" alt=\"\" class=\"wp-image-19691\" srcset=\"https:\/\/zsp12.gliwice.pl\/sp15\/wp-content\/uploads\/sites\/11\/2024\/04\/1-1024x442.png 1024w, https:\/\/zsp12.gliwice.pl\/sp15\/wp-content\/uploads\/sites\/11\/2024\/04\/1-768x332.png 768w, https:\/\/zsp12.gliwice.pl\/sp15\/wp-content\/uploads\/sites\/11\/2024\/04\/1.png 1035w\" sizes=\"(max-width: 1024px) 100vw, 1024px\" \/><\/figure>\n\n\n\n<div class=\"wp-block-group\"><div class=\"wp-block-group__inner-container is-layout-constrained wp-block-group-is-layout-constrained\">\n<p><strong><em>Informacje og\u00f3lne:<\/em><\/strong><\/p>\n\n\n\n<p><em>Karta rowerowa uprawnia do kierowania rowerami.<\/em> <em>Dla wielu m\u0142odych os\u00f3b jest pierwszym dokumentem uprawniaj\u0105cym do legalnego poruszania si\u0119 po drogach publicznych.<\/em><\/p>\n\n\n\n<p><em>Dzi\u0119ki wychowaniu komunikacyjnemu i zdaniu egzaminu na kart\u0119 rowerow\u0105 przysz\u0142y kierowca ju\u017c w bardzo m\u0142odym wieku opanowuje podstawowe zasady ruchu drogowego.<\/em><\/p>\n\n\n\n<p><em>Wymagany wiek minimalny osoby przyst\u0119puj\u0105cej do egzaminu na kart\u0119 rowerow\u0105 wynosi 10 lat. Uprawnienia do kierowania rowerami i innymi pojazdami na kart\u0119 rowerow\u0105 maj\u0105 osoby posiadaj\u0105ce prawo jazdy \u2013 w przypadku niepe\u0142noletnich \u2013 kategorie AM (od 14 lat) i A1, B1 lub T (od 16 lat). Po uko\u0144czeniu 18 lat nie trzeba posiada\u0107 \u017cadnych uprawnie\u0144 do kierowania pojazdami uj\u0119tymi w karcie rowerowej (\u201ezawiera\u201d je w sobie dow\u00f3d osobisty).<\/em><\/p>\n\n\n\n<p><em>Dzieci, kt\u00f3re nie uko\u0144czy\u0142y 10 lat, mog\u0105 porusza\u0107 si\u0119 rowerami jedynie pod opiek\u0105 doros\u0142ych (hulajnogami elektrycznymi i innymi urz\u0105dzeniami transportu osobistego \u2013 jedynie<br>w strefie zamieszkania).<\/em><\/p>\n\n\n\n<p><em>W wyniku zmiany przepis\u00f3w w 2021 roku posiadacze karty rowerowej mog\u0105 tak\u017ce legalnie porusza\u0107 si\u0119 hulajnogami elektrycznymi i pojazdami typu UTO, czyli urz\u0105dzeniami transportu osobistego (deskorolkami elektrycznymi lub urz\u0105dzeniami samobalansuj\u0105cymi). Ponadto posiadacze karty rowerowej od 15 roku \u017cycia mog\u0105 porusza\u0107 si\u0119 pojazdami zaprz\u0119gowymi, a od 17 roku \u017cycia \u2013 przewozi\u0107 rowerem inne osoby, prowadzi\u0107 rowery wieloosobowe oraz kierowa\u0107 rikszami.<\/em><\/p>\n\n\n\n<p><em>Za kierowanie pojazdem innym ni\u017c mechaniczny na drodze publicznej, w strefie zamieszkania lub strefie ruchu przez osob\u0119 niemaj\u0105c\u0105 do tego uprawnienia grozi mandat<br>w wysoko\u015bci 200 z\u0142. Nagminne \u0142amanie tego przepisu, jak i stworzenie zagro\u017cenia w ruchu l\u0105dowym, mo\u017ce skutkowa\u0107 skierowaniem sprawy do s\u0105du rodzinnego i na\u0142o\u017cenia grzywny do 1500 z\u0142. Powy\u017csze kary dotycz\u0105 jednak tylko os\u00f3b podlegaj\u0105cych odpowiedzialno\u015bci wykroczeniowej, czyli maj\u0105cych minimum 17 lat. Przy\u0142apanie m\u0142odszego dziecka na poruszaniu si\u0119 rowerem bez uprawnie\u0144 najprawdopodobniej sko\u0144czy si\u0119 pouczeniem (jego lub opiekun\u00f3w prawnych).<\/em><\/p>\n<\/div><\/div>\n\n\n\n<p><\/p>\n\n\n\n<div class=\"wp-block-buttons is-content-justification-center is-layout-flex wp-container-core-buttons-is-layout-1 wp-block-buttons-is-layout-flex\">\n<div class=\"wp-block-button has-custom-width wp-block-button__width-75 has-custom-font-size is-style-fill has-medium-font-size\"><a class=\"wp-block-button__link wp-element-button\" href=\"https:\/\/zsp12.gliwice.pl\/sp15\/procedury-uzyskania-karty-rowerowej\/\" target=\"_blank\" rel=\"noreferrer noopener\">PROCEDURY UZYSKANIA KARTY ROWEROWEJ<\/a><\/div>\n<\/div>\n\n\n\n<p><\/p>\n\n\n\n<p><em>Wydawaniem kart rowerowych zajmuj\u0105 si\u0119 trzy podmioty:<\/em><\/p>\n\n\n\n<ul class=\"wp-block-list\">\n<li><em>Dyrektor szko\u0142y (je\u015bli dziecko jest uczniem szko\u0142y podstawowej i posiada zgod\u0119 rodzica lub opiekuna);<\/em><\/li>\n\n\n\n<li><em>Dyrektor wojew\u00f3dzkiego o\u015brodka ruchu drogowego (je\u015bli dziecko uko\u0144czy\u0142o szko\u0142\u0119 podstawow\u0105);<\/em><\/li>\n\n\n\n<li><em>Przedsi\u0119biorca prowadz\u0105cy o\u015brodek szkolenia kierowc\u00f3w, w przypadku gdy posiada specjalne po\u015bwiadczenie potwierdzaj\u0105ce spe\u0142nienie przez niego dodatkowych wymaga\u0144 (je\u015bli dziecko uko\u0144czy\u0142o szko\u0142\u0119 podstawow\u0105).<\/em><\/li>\n<\/ul>\n\n\n\n<p><em>W szkole zaj\u0119cia przygotowuj\u0105ce do egzaminu na kart\u0119 rowerow\u0105 przeprowadza nauczyciel posiadaj\u0105cy specjalistyczne przeszkolenie z zakresu ruchu drogowego. Dla poprawy jako\u015bci kursu mo\u017ce on do nauki dzieci zaanga\u017cowa\u0107 policjant\u00f3w. Kurs mo\u017ce si\u0119 odbywa\u0107 zar\u00f3wno w szkole, jak i w wojew\u00f3dzkim o\u015brodku ruchu drogowego lub o\u015brodku szkolenia kierowc\u00f3w spe\u0142niaj\u0105cym dodatkowe wymagania.<\/em><\/p>\n\n\n\n<p><em><strong>Warunek:<\/strong> mi\u0119dzy tymi podmiotami a dyrektorem szko\u0142y musi zosta\u0107 zawarte porozumienie<br>o bezp\u0142atnym uczestnictwie uczni\u00f3w w zaj\u0119ciach organizowanych przez o\u015brodek. Osoby nie b\u0119d\u0105ce ju\u017c uczniami szko\u0142y podstawowej mog\u0105 wyrobi\u0107 kart\u0119 rowerow\u0105 tylko w wojew\u00f3dzkim o\u015brodku ruchu drogowego lub w o\u015brodku szkolenia kierowc\u00f3w z po\u015bwiadczeniem potwierdzaj\u0105cym spe\u0142nienie dodatkowych wymaga\u0144.<\/em><\/p>\n\n\n\n<p><em>Do zapisania na kurs karty rowerowej potrzebna jest jedynie zgoda rodzica lub prawnego opiekuna oraz zdj\u0119cie legitymacyjne o wymiarach 45 x 35 mm. Kursy w szko\u0142ach realizowane s\u0105<br>z regu\u0142y pod koniec roku szkolnego (w maju lub czerwcu).<\/em><\/p>\n\n\n\n<p><em>Kurs na kart\u0119 rowerow\u0105 poza szko\u0142\u0105 trwa \u0142\u0105cznie 8 godzin \u2013 6 godzin zaj\u0119\u0107 teoretycznych i 2 godziny zaj\u0119\u0107 praktycznych. Ko\u0144czy si\u0119 dwoma egzaminami: teoretycznym i praktycznym.<\/em><\/p>\n\n\n\n<p><\/p>\n\n\n\n<div class=\"wp-block-buttons is-horizontal is-content-justification-center is-layout-flex wp-container-core-buttons-is-layout-2 wp-block-buttons-is-layout-flex\">\n<div class=\"wp-block-button has-custom-font-size is-style-fill has-medium-font-size\"><a class=\"wp-block-button__link wp-element-button\" href=\"https:\/\/zsp12.gliwice.pl\/sp15\/regulamin-egzamin-u-na-karte-rowerowa\/\" target=\"_blank\" rel=\"noreferrer noopener\">REGULAMIN EGZAMINU NA KART\u0118 ROWEROW\u0104<\/a><\/div>\n<\/div>\n\n\n\n<p><\/p>\n\n\n\n<p><em><strong>Egzamin teoretyczny<\/strong>, bez wzgl\u0119du na miejsce zdawania, realizowany jest w formie testu (25 pyta\u0144 z wariantami odpowiedzi A, B lub C), na kt\u00f3rego wykonanie przewidziane jest 35 minut. Do zaliczenia egzaminu potrzeba co najmniej 20 poprawnych odpowiedzi.<\/em><\/p>\n\n\n\n<p><em><strong>Egzamin praktyczny<\/strong> odbywa si\u0119 z kolei na placu manewrowym zlokalizowanym np. na odpowiednio przygotowanym boisku szkolnym. By go zaliczy\u0107, trzeba prawid\u0142owo wykona\u0107 90% przewidzianych manewr\u00f3w.<\/em><\/p>\n\n\n\n<p><strong><em>Przed przyst\u0105pieniem do egzaminu mo\u017cna sprawdzi\u0107 swoj\u0105 wiedz\u0119 w testach:<\/em><\/strong><\/p>\n\n\n\n<p><a href=\"https:\/\/kartarowerowa.net.pl\/\">https:\/\/kartarowerowa.net.pl\/<\/a><\/p>\n\n\n\n<p><a href=\"https:\/\/brd.edu.pl\/\">https:\/\/brd.edu.pl\/<\/a><\/p>\n\n\n\n<div class=\"wp-block-file\"><a id=\"wp-block-file--media-1a473c00-92a4-40d6-99f2-48e81aec7f5e\" href=\"https:\/\/zsp12.gliwice.pl\/sp15\/wp-content\/uploads\/sites\/11\/2023\/05\/Arkusz-zaliczen_MEN-VI_28.pdf\">Arkusz-zaliczen_MEN-VI_28<\/a><a href=\"https:\/\/zsp12.gliwice.pl\/sp15\/wp-content\/uploads\/sites\/11\/2023\/05\/Arkusz-zaliczen_MEN-VI_28.pdf\" class=\"wp-block-file__button wp-element-button\" download aria-describedby=\"wp-block-file--media-1a473c00-92a4-40d6-99f2-48e81aec7f5e\">Pobierz<\/a><\/div>\n\n\n\n<div class=\"wp-block-file\"><a id=\"wp-block-file--media-9de93a99-5b69-4e55-8304-677ff17f69d9\" href=\"https:\/\/zsp12.gliwice.pl\/sp15\/wp-content\/uploads\/sites\/11\/2023\/05\/Wniosek-o-wydanie-duplikatu-karty-rowerowej.pdf\">Wniosek-o-wydanie-duplikatu-karty-rowerowej<\/a><a href=\"https:\/\/zsp12.gliwice.pl\/sp15\/wp-content\/uploads\/sites\/11\/2023\/05\/Wniosek-o-wydanie-duplikatu-karty-rowerowej.pdf\" class=\"wp-block-file__button wp-element-button\" download aria-describedby=\"wp-block-file--media-9de93a99-5b69-4e55-8304-677ff17f69d9\">Pobierz<\/a><\/div>\n","protected":false},"excerpt":{"rendered":"<p>Informacje og\u00f3lne: Karta rowerowa uprawnia do kierowania rowerami. Dla wielu m\u0142odych os\u00f3b jest pierwszym dokumentem uprawniaj\u0105cym do legalnego poruszania si\u0119 po drogach publicznych. Dzi\u0119ki wychowaniu komunikacyjnemu i zdaniu egzaminu na&#8230;<\/p>\n","protected":false},"author":2,"featured_media":16141,"parent":0,"menu_order":0,"comment_status":"closed","ping_status":"closed","template":"","meta":{"inline_featured_image":false,"ngg_post_thumbnail":0,"footnotes":""},"class_list":["post-16043","page","type-page","status-publish","has-post-thumbnail","hentry"],"_links":{"self":[{"href":"https:\/\/zsp12.gliwice.pl\/sp15\/wp-json\/wp\/v2\/pages\/16043"}],"collection":[{"href":"https:\/\/zsp12.gliwice.pl\/sp15\/wp-json\/wp\/v2\/pages"}],"about":[{"href":"https:\/\/zsp12.gliwice.pl\/sp15\/wp-json\/wp\/v2\/types\/page"}],"author":[{"embeddable":true,"href":"https:\/\/zsp12.gliwice.pl\/sp15\/wp-json\/wp\/v2\/users\/2"}],"replies":[{"embeddable":true,"href":"https:\/\/zsp12.gliwice.pl\/sp15\/wp-json\/wp\/v2\/comments?post=16043"}],"version-history":[{"count":19,"href":"https:\/\/zsp12.gliwice.pl\/sp15\/wp-json\/wp\/v2\/pages\/16043\/revisions"}],"predecessor-version":[{"id":19693,"href":"https:\/\/zsp12.gliwice.pl\/sp15\/wp-json\/wp\/v2\/pages\/16043\/revisions\/19693"}],"wp:featuredmedia":[{"embeddable":true,"href":"https:\/\/zsp12.gliwice.pl\/sp15\/wp-json\/wp\/v2\/media\/16141"}],"wp:attachment":[{"href":"https:\/\/zsp12.gliwice.pl\/sp15\/wp-json\/wp\/v2\/media?parent=16043"}],"curies":[{"name":"wp","href":"https:\/\/api.w.org\/{rel}","templated":true}]}}