{"id":13693,"date":"2022-10-10T17:18:56","date_gmt":"2022-10-10T15:18:56","guid":{"rendered":"https:\/\/zsp12.gliwice.pl\/sp15\/?page_id=13693"},"modified":"2023-07-04T18:17:44","modified_gmt":"2023-07-04T16:17:44","slug":"2022-2023","status":"publish","type":"page","link":"https:\/\/zsp12.gliwice.pl\/sp15\/2022-2023\/","title":{"rendered":"2022\/2023"},"content":{"rendered":"\n<p><\/p>\n\n\n\n<div class=\"wp-block-media-text alignwide is-stacked-on-mobile\" style=\"grid-template-columns:15% auto\"><figure class=\"wp-block-media-text__media\"><img loading=\"lazy\" decoding=\"async\" width=\"768\" height=\"1024\" src=\"https:\/\/zsp12.gliwice.pl\/sp15\/wp-content\/uploads\/sites\/11\/2023\/07\/ffd4d0fe-6c96-419b-8f39-b15a597c00a6-Copy-768x1024.jpg\" alt=\"\" class=\"wp-image-16972 size-thumbnail\" srcset=\"https:\/\/zsp12.gliwice.pl\/sp15\/wp-content\/uploads\/sites\/11\/2023\/07\/ffd4d0fe-6c96-419b-8f39-b15a597c00a6-Copy-768x1024.jpg 768w, https:\/\/zsp12.gliwice.pl\/sp15\/wp-content\/uploads\/sites\/11\/2023\/07\/ffd4d0fe-6c96-419b-8f39-b15a597c00a6-Copy.jpg 900w\" sizes=\"(max-width: 768px) 100vw, 768px\" \/><\/figure><div class=\"wp-block-media-text__content\">\n<p><a href=\"https:\/\/zsp12.gliwice.pl\/sp15\/blog\/2023\/07\/04\/polkolonie-letnie-28-06-202\/\">P\u00f3\u0142kolonie letnie \u2013 28.06.2023<\/a><\/p>\n<\/div><\/div>\n\n\n\n<div class=\"wp-block-media-text alignwide is-stacked-on-mobile\" style=\"grid-template-columns:15% auto\"><figure class=\"wp-block-media-text__media\"><img loading=\"lazy\" decoding=\"async\" width=\"772\" height=\"647\" src=\"https:\/\/zsp12.gliwice.pl\/sp15\/wp-content\/uploads\/sites\/11\/2023\/07\/d4338a7e-e038-415a-a1f2-81c18b687eb3-Copy.jpg\" alt=\"\" class=\"wp-image-16925 size-thumbnail\" srcset=\"https:\/\/zsp12.gliwice.pl\/sp15\/wp-content\/uploads\/sites\/11\/2023\/07\/d4338a7e-e038-415a-a1f2-81c18b687eb3-Copy.jpg 772w, https:\/\/zsp12.gliwice.pl\/sp15\/wp-content\/uploads\/sites\/11\/2023\/07\/d4338a7e-e038-415a-a1f2-81c18b687eb3-Copy-768x644.jpg 768w\" sizes=\"(max-width: 772px) 100vw, 772px\" \/><\/figure><div class=\"wp-block-media-text__content\">\n<p><a href=\"https:\/\/zsp12.gliwice.pl\/sp15\/blog\/2023\/07\/04\/polkolonie-letnie-27-06-2023\/\">P\u00f3\u0142kolonie letnie \u2013 27.06.2023<\/a><\/p>\n<\/div><\/div>\n\n\n\n<div class=\"wp-block-media-text alignwide is-stacked-on-mobile\" style=\"grid-template-columns:15% auto\"><figure class=\"wp-block-media-text__media\"><img loading=\"lazy\" decoding=\"async\" width=\"768\" height=\"1024\" src=\"https:\/\/zsp12.gliwice.pl\/sp15\/wp-content\/uploads\/sites\/11\/2023\/07\/9c7f1f4a-0768-4fd4-bc8c-6fb5eede94cb-Copy-768x1024.jpg\" alt=\"\" class=\"wp-image-16897 size-thumbnail\" srcset=\"https:\/\/zsp12.gliwice.pl\/sp15\/wp-content\/uploads\/sites\/11\/2023\/07\/9c7f1f4a-0768-4fd4-bc8c-6fb5eede94cb-Copy-768x1024.jpg 768w, https:\/\/zsp12.gliwice.pl\/sp15\/wp-content\/uploads\/sites\/11\/2023\/07\/9c7f1f4a-0768-4fd4-bc8c-6fb5eede94cb-Copy.jpg 900w\" sizes=\"(max-width: 768px) 100vw, 768px\" \/><\/figure><div class=\"wp-block-media-text__content\">\n<p><a href=\"https:\/\/zsp12.gliwice.pl\/sp15\/blog\/2023\/07\/04\/polkolonie-letnie-26-06-2023\/\">P\u00f3\u0142kolonie letnie \u2013 26.06.2023<\/a><\/p>\n<\/div><\/div>\n\n\n\n<div class=\"wp-block-media-text alignwide is-stacked-on-mobile\" style=\"grid-template-columns:15% auto\"><figure class=\"wp-block-media-text__media\"><img loading=\"lazy\" decoding=\"async\" width=\"150\" height=\"150\" src=\"https:\/\/zsp12.gliwice.pl\/sp15\/wp-content\/uploads\/sites\/11\/2023\/06\/IMG-20230610-WA0016-Copy-1-150x150.jpg\" alt=\"\" class=\"wp-image-16699 size-thumbnail\" srcset=\"https:\/\/zsp12.gliwice.pl\/sp15\/wp-content\/uploads\/sites\/11\/2023\/06\/IMG-20230610-WA0016-Copy-1-150x150.jpg 150w, https:\/\/zsp12.gliwice.pl\/sp15\/wp-content\/uploads\/sites\/11\/2023\/06\/IMG-20230610-WA0016-Copy-1-300x300.jpg 300w\" sizes=\"(max-width: 150px) 100vw, 150px\" \/><\/figure><div class=\"wp-block-media-text__content\">\n<p><a href=\"https:\/\/zsp12.gliwice.pl\/sp15\/blog\/2023\/06\/12\/konferencja-edukacyjna-spolecznosc-romska-tradycja-i-wspolczesnosc-v-edycja-6-czerwca-lublin\/\">Konferencja edukacyjna \u201d Spo\u0142eczno\u015b\u0107 romska- tradycja i wsp\u00f3\u0142czesno\u015b\u0107 \u201d V edycja&nbsp;6 czerwca Lublin<\/a><\/p>\n<\/div><\/div>\n\n\n\n<div class=\"wp-block-media-text alignwide is-stacked-on-mobile\" style=\"grid-template-columns:15% auto\"><figure class=\"wp-block-media-text__media\"><img loading=\"lazy\" decoding=\"async\" width=\"1024\" height=\"726\" src=\"https:\/\/zsp12.gliwice.pl\/sp15\/wp-content\/uploads\/sites\/11\/2023\/05\/Projekt-bez-nazwy-1-1024x726.png\" alt=\"\" class=\"wp-image-16246 size-thumbnail\" srcset=\"https:\/\/zsp12.gliwice.pl\/sp15\/wp-content\/uploads\/sites\/11\/2023\/05\/Projekt-bez-nazwy-1-1024x726.png 1024w, https:\/\/zsp12.gliwice.pl\/sp15\/wp-content\/uploads\/sites\/11\/2023\/05\/Projekt-bez-nazwy-1-768x545.png 768w, https:\/\/zsp12.gliwice.pl\/sp15\/wp-content\/uploads\/sites\/11\/2023\/05\/Projekt-bez-nazwy-1-1536x1090.png 1536w, https:\/\/zsp12.gliwice.pl\/sp15\/wp-content\/uploads\/sites\/11\/2023\/05\/Projekt-bez-nazwy-1.png 1748w\" sizes=\"(max-width: 1024px) 100vw, 1024px\" \/><\/figure><div class=\"wp-block-media-text__content\">\n<p><a href=\"https:\/\/zsp12.gliwice.pl\/sp15\/blog\/2023\/01\/02\/prowadzenie-swietlicy-integracyjnej-pod-lipami-dla-dzieci-romskich-i-nieromskich-z-terenu-miasta-gliwice\/\">Prowadzenie \u015bwietlicy integracyjnej \u201cPod lipami\u201d dla dzieci romskich i nieromskich z terenu miasta Gliwice\u201d<\/a><\/p>\n<\/div><\/div>\n\n\n\n<div class=\"wp-block-media-text alignwide is-stacked-on-mobile\" style=\"grid-template-columns:15% auto\"><figure class=\"wp-block-media-text__media\"><img loading=\"lazy\" decoding=\"async\" width=\"1024\" height=\"726\" src=\"https:\/\/zsp12.gliwice.pl\/sp15\/wp-content\/uploads\/sites\/11\/2023\/05\/Projekt-bez-nazwy-1-1024x726.png\" alt=\"\" class=\"wp-image-16246 size-thumbnail\" srcset=\"https:\/\/zsp12.gliwice.pl\/sp15\/wp-content\/uploads\/sites\/11\/2023\/05\/Projekt-bez-nazwy-1-1024x726.png 1024w, https:\/\/zsp12.gliwice.pl\/sp15\/wp-content\/uploads\/sites\/11\/2023\/05\/Projekt-bez-nazwy-1-768x545.png 768w, https:\/\/zsp12.gliwice.pl\/sp15\/wp-content\/uploads\/sites\/11\/2023\/05\/Projekt-bez-nazwy-1-1536x1090.png 1536w, https:\/\/zsp12.gliwice.pl\/sp15\/wp-content\/uploads\/sites\/11\/2023\/05\/Projekt-bez-nazwy-1.png 1748w\" sizes=\"(max-width: 1024px) 100vw, 1024px\" \/><\/figure><div class=\"wp-block-media-text__content\">\n<p><a href=\"https:\/\/zsp12.gliwice.pl\/sp15\/blog\/2023\/01\/02\/zajecia-dodatkowe-dla-uczniow-pochodzenia-romskiego-realizujacych-obowiazek-szkolny-na-terenie-gliwic-w-2022-roku\/\">Zaj\u0119cia dodatkowe dla uczni\u00f3w pochodzenia romskiego, realizuj\u0105cych obowi\u0105zek szkolny na terenie Gliwic w 2022 roku\u201d<\/a><\/p>\n<\/div><\/div>\n\n\n\n<div class=\"wp-block-media-text alignwide is-stacked-on-mobile\" style=\"grid-template-columns:15% auto\"><figure class=\"wp-block-media-text__media\"><img loading=\"lazy\" decoding=\"async\" width=\"768\" height=\"1024\" src=\"https:\/\/zsp12.gliwice.pl\/sp15\/wp-content\/uploads\/sites\/11\/2022\/10\/a4a676bc-6a93-4d06-a8f8-3d641d625830-Copy-768x1024.jpg\" alt=\"\" class=\"wp-image-14138 size-thumbnail\" srcset=\"https:\/\/zsp12.gliwice.pl\/sp15\/wp-content\/uploads\/sites\/11\/2022\/10\/a4a676bc-6a93-4d06-a8f8-3d641d625830-Copy-768x1024.jpg 768w, https:\/\/zsp12.gliwice.pl\/sp15\/wp-content\/uploads\/sites\/11\/2022\/10\/a4a676bc-6a93-4d06-a8f8-3d641d625830-Copy.jpg 900w\" sizes=\"(max-width: 768px) 100vw, 768px\" \/><\/figure><div class=\"wp-block-media-text__content\">\n<p><a href=\"https:\/\/zsp12.gliwice.pl\/sp15\/blog\/2022\/10\/26\/wycieczka-do-muzeum-drukarstwa-w-cieszynie\/\">Wycieczka do  Muzeum Drukarstwa w Cieszynie<\/a><\/p>\n<\/div><\/div>\n\n\n\n<div class=\"wp-block-media-text alignwide is-stacked-on-mobile\" style=\"grid-template-columns:15% auto\"><figure class=\"wp-block-media-text__media\"><img loading=\"lazy\" decoding=\"async\" width=\"766\" height=\"1024\" src=\"https:\/\/zsp12.gliwice.pl\/sp15\/wp-content\/uploads\/sites\/11\/2022\/10\/311118123_472782461535207_8016981888972034520_n-Copy-766x1024.jpg\" alt=\"\" class=\"wp-image-13961 size-thumbnail\" srcset=\"https:\/\/zsp12.gliwice.pl\/sp15\/wp-content\/uploads\/sites\/11\/2022\/10\/311118123_472782461535207_8016981888972034520_n-Copy-766x1024.jpg 766w, https:\/\/zsp12.gliwice.pl\/sp15\/wp-content\/uploads\/sites\/11\/2022\/10\/311118123_472782461535207_8016981888972034520_n-Copy-768x1026.jpg 768w, https:\/\/zsp12.gliwice.pl\/sp15\/wp-content\/uploads\/sites\/11\/2022\/10\/311118123_472782461535207_8016981888972034520_n-Copy.jpg 898w\" sizes=\"(max-width: 766px) 100vw, 766px\" \/><\/figure><div class=\"wp-block-media-text__content\">\n<p><a href=\"https:\/\/zsp12.gliwice.pl\/sp15\/blog\/2022\/10\/18\/zajecia-dodatkowe-dla-uczniow-pochodzenia-romskiego-realizujacych-obowiazek-szkolny-na-terenie-gliwic-w-2022\/\">ZAJ\u0118CIA DODATKOWE DLA UCZNI\u00d3W POCHODZENIA ROMSKIEGO, REALIZUJ\u0104CYCH OBOWI\u0104ZEK SZKOLNY NA TERENIE GLIWIC W 2022<\/a><\/p>\n<\/div><\/div>\n\n\n\n<div class=\"wp-block-media-text alignwide is-stacked-on-mobile\" style=\"grid-template-columns:15% auto\"><figure class=\"wp-block-media-text__media\"><img loading=\"lazy\" decoding=\"async\" width=\"768\" height=\"1024\" src=\"https:\/\/zsp12.gliwice.pl\/sp15\/wp-content\/uploads\/sites\/11\/2022\/10\/42940704-60ec-4426-8820-b88704353284-Copy-768x1024.jpg\" alt=\"\" class=\"wp-image-13843 size-thumbnail\" srcset=\"https:\/\/zsp12.gliwice.pl\/sp15\/wp-content\/uploads\/sites\/11\/2022\/10\/42940704-60ec-4426-8820-b88704353284-Copy-768x1024.jpg 768w, https:\/\/zsp12.gliwice.pl\/sp15\/wp-content\/uploads\/sites\/11\/2022\/10\/42940704-60ec-4426-8820-b88704353284-Copy.jpg 900w\" sizes=\"(max-width: 768px) 100vw, 768px\" \/><\/figure><div class=\"wp-block-media-text__content\">\n<p><a href=\"https:\/\/zsp12.gliwice.pl\/sp15\/blog\/2022\/10\/10\/wycieczka-do-kopalni-ignacy-powiecie-rybnickim\/\">Wycieczka do Kopalni Ignacy powiecie rybnickim<\/a><\/p>\n<\/div><\/div>\n\n\n\n<div class=\"wp-block-media-text alignwide is-stacked-on-mobile\" style=\"grid-template-columns:15% auto\"><figure class=\"wp-block-media-text__media\"><img loading=\"lazy\" decoding=\"async\" width=\"1024\" height=\"768\" src=\"https:\/\/zsp12.gliwice.pl\/sp15\/wp-content\/uploads\/sites\/11\/2022\/10\/DSCN3756-Copy-1024x768.jpg\" alt=\"\" class=\"wp-image-13769 size-thumbnail\" srcset=\"https:\/\/zsp12.gliwice.pl\/sp15\/wp-content\/uploads\/sites\/11\/2022\/10\/DSCN3756-Copy-1024x768.jpg 1024w, https:\/\/zsp12.gliwice.pl\/sp15\/wp-content\/uploads\/sites\/11\/2022\/10\/DSCN3756-Copy-768x576.jpg 768w, https:\/\/zsp12.gliwice.pl\/sp15\/wp-content\/uploads\/sites\/11\/2022\/10\/DSCN3756-Copy-1536x1152.jpg 1536w, https:\/\/zsp12.gliwice.pl\/sp15\/wp-content\/uploads\/sites\/11\/2022\/10\/DSCN3756-Copy.jpg 1600w\" sizes=\"(max-width: 1024px) 100vw, 1024px\" \/><\/figure><div class=\"wp-block-media-text__content\">\n<p><a href=\"https:\/\/zsp12.gliwice.pl\/sp15\/blog\/2022\/10\/10\/wycieczka-edukacyjno-integracyjna-do-muzeum-pozarnictwa-i-muzeum-miejskiego-w-myslowicach\/\">Wycieczka edukacyjno \u2013 integracyjna do Muzeum Po\u017carnictwa i Muzeum Miejskiego w Mys\u0142owicach<\/a><\/p>\n<\/div><\/div>\n\n\n\n<div class=\"wp-block-media-text alignwide is-stacked-on-mobile\" style=\"grid-template-columns:15% auto\"><figure class=\"wp-block-media-text__media\"><img loading=\"lazy\" decoding=\"async\" width=\"1024\" height=\"726\" src=\"https:\/\/zsp12.gliwice.pl\/sp15\/wp-content\/uploads\/sites\/11\/2023\/05\/Projekt-bez-nazwy-1-1024x726.png\" alt=\"\" class=\"wp-image-16246 size-thumbnail\" srcset=\"https:\/\/zsp12.gliwice.pl\/sp15\/wp-content\/uploads\/sites\/11\/2023\/05\/Projekt-bez-nazwy-1-1024x726.png 1024w, https:\/\/zsp12.gliwice.pl\/sp15\/wp-content\/uploads\/sites\/11\/2023\/05\/Projekt-bez-nazwy-1-768x545.png 768w, https:\/\/zsp12.gliwice.pl\/sp15\/wp-content\/uploads\/sites\/11\/2023\/05\/Projekt-bez-nazwy-1-1536x1090.png 1536w, https:\/\/zsp12.gliwice.pl\/sp15\/wp-content\/uploads\/sites\/11\/2023\/05\/Projekt-bez-nazwy-1.png 1748w\" sizes=\"(max-width: 1024px) 100vw, 1024px\" \/><\/figure><div class=\"wp-block-media-text__content\">\n<p><a href=\"https:\/\/zsp12.gliwice.pl\/sp15\/blog\/2022\/10\/10\/dofinansowanie-do-edukacji-przedszkolnej-dla-dzieci-pochodzenia-romskiego-zamieszkujacych-teren-miasta-gliwice-w-2022-r\/\">Dofinansowanie do edukacji przedszkolnej dla dzieci pochodzenia romskiego, zamieszkuj\u0105cych teren miasta Gliwice w 2022 r.<\/a><\/p>\n<\/div><\/div>\n\n\n\n<div class=\"wp-block-media-text alignwide is-stacked-on-mobile\" style=\"grid-template-columns:15% auto\"><figure class=\"wp-block-media-text__media\"><img loading=\"lazy\" decoding=\"async\" width=\"1024\" height=\"726\" src=\"https:\/\/zsp12.gliwice.pl\/sp15\/wp-content\/uploads\/sites\/11\/2023\/05\/Projekt-bez-nazwy-1-1024x726.png\" alt=\"\" class=\"wp-image-16246 size-thumbnail\" srcset=\"https:\/\/zsp12.gliwice.pl\/sp15\/wp-content\/uploads\/sites\/11\/2023\/05\/Projekt-bez-nazwy-1-1024x726.png 1024w, https:\/\/zsp12.gliwice.pl\/sp15\/wp-content\/uploads\/sites\/11\/2023\/05\/Projekt-bez-nazwy-1-768x545.png 768w, https:\/\/zsp12.gliwice.pl\/sp15\/wp-content\/uploads\/sites\/11\/2023\/05\/Projekt-bez-nazwy-1-1536x1090.png 1536w, https:\/\/zsp12.gliwice.pl\/sp15\/wp-content\/uploads\/sites\/11\/2023\/05\/Projekt-bez-nazwy-1.png 1748w\" sizes=\"(max-width: 1024px) 100vw, 1024px\" \/><\/figure><div class=\"wp-block-media-text__content\">\n<p><a href=\"https:\/\/zsp12.gliwice.pl\/sp15\/blog\/2022\/10\/10\/wyprawka-szkolna-dla-uczniow-pochodzenia-romskiego-uczeszczajaca-do-szkol-ponadpodstawowych-na-terenie-miasta-gliwice-w-2022-roku\/\">Wyprawka szkolna dla uczni\u00f3w pochodzenia romskiego, ucz\u0119szczaj\u0105ca do szk\u00f3\u0142 ponadpodstawowych na terenie miasta Gliwice w 2022 roku<\/a><\/p>\n<\/div><\/div>\n\n\n\n<div class=\"wp-block-query is-layout-flow wp-block-query-is-layout-flow\">\n<hr class=\"wp-block-separator has-alpha-channel-opacity\" \/>\n\n\n\n<p class=\"has-text-align-center\"><em><strong>Prowadzenie \u015bwietlicy integracyjnej \u201ePod lipami\u201d dla dzieci romskich i nieromskich <\/strong><br><strong>z terenu miasta Gliwice<\/strong><\/em><\/p>\n\n\n\n<p><em>Nasza \u015bwietlica wznowi\u0142a swoj\u0105 dzia\u0142alno\u015b\u0107 10 wrze\u015bnia 2022 i b\u0119dzie dzia\u0142a\u0107 do 9 grudnia 2022. Zaj\u0119cia odbywaj\u0105 si\u0119 5 razy w tygodniu, czyli od poniedzia\u0142ku do czwartku w godzinach od 14:30 do 17:00 oraz w soboty od 10:00 \u2013 14:00, ale tylko zaj\u0119cia nauki ta\u0144ca romskiego. W przypadku, gdy odbywaj\u0105 si\u0119 wycieczki, zaj\u0119cia taneczne nie odbywaj\u0105 si\u0119.<br>Dzieci maj\u0105 do wyboru takie zaj\u0119cia jak: odrabianie zada\u0144 domowych, uzupe\u0142nienie zaleg\u0142o\u015bci, przygotowanie do sprawdzian\u00f3w, zaj\u0119cia sportowe, zaj\u0119cia artystyczne, zaj\u0119cia r\u0119kodzielnicze, zaj\u0119cia biblioteczne oraz matematyczne r\u0119kodzielnictwo i w\u0142a\u015bnie na tych zaj\u0119ciach dzieci widz\u0105, \u017ce matematyka, to nie taki straszny przedmiot i przez zabaw\u0119 wiele mo\u017cna si\u0119 nauczy\u0107. Ponadto \u015bwietlica oferuje ciep\u0142y posi\u0142ek, owoc lub jogurt i 0,5 l wody mineralnej dla ka\u017cdego uczestnika.<\/em><\/p>\n\n\n\n<p class=\"has-text-align-center\"><em>Realizacja tego zadania by\u0142a mo\u017cliwa dzi\u0119ki dofinansowaniu z:<br><strong>PROGRAMU INTEGRACJI SPO\u0141ECZNEJ I OBYWATELSKIEJ ROM\u00d3W W POLSCE NA LATA 2021 \u2013 2030<\/strong>,<br>kt\u00f3ry dzia\u0142a dzi\u0119ki<br><strong>MINISTERSTWU SPRAW WEWN\u0118TRZNYCH I ADMINISTRACJI<br><\/strong>oraz<br><strong>\u015aL\u0104SKIEGO URZ\u0118DU WOJEW\u00d3DZKIEMU W KATOWICACH.<\/strong><\/em><\/p>\n<\/div>\n\n\n\nngg_shortcode_0_placeholder\n","protected":false},"excerpt":{"rendered":"<p>P\u00f3\u0142kolonie letnie \u2013 28.06.2023 P\u00f3\u0142kolonie letnie \u2013 27.06.2023 P\u00f3\u0142kolonie letnie \u2013 26.06.2023 Konferencja edukacyjna \u201d Spo\u0142eczno\u015b\u0107 romska- tradycja i wsp\u00f3\u0142czesno\u015b\u0107 \u201d V edycja&nbsp;6 czerwca Lublin Prowadzenie \u015bwietlicy integracyjnej \u201cPod lipami\u201d&#8230;<\/p>\n","protected":false},"author":2,"featured_media":16921,"parent":0,"menu_order":0,"comment_status":"closed","ping_status":"closed","template":"","meta":{"inline_featured_image":false,"ngg_post_thumbnail":0,"footnotes":""},"class_list":["post-13693","page","type-page","status-publish","has-post-thumbnail","hentry"],"_links":{"self":[{"href":"https:\/\/zsp12.gliwice.pl\/sp15\/wp-json\/wp\/v2\/pages\/13693"}],"collection":[{"href":"https:\/\/zsp12.gliwice.pl\/sp15\/wp-json\/wp\/v2\/pages"}],"about":[{"href":"https:\/\/zsp12.gliwice.pl\/sp15\/wp-json\/wp\/v2\/types\/page"}],"author":[{"embeddable":true,"href":"https:\/\/zsp12.gliwice.pl\/sp15\/wp-json\/wp\/v2\/users\/2"}],"replies":[{"embeddable":true,"href":"https:\/\/zsp12.gliwice.pl\/sp15\/wp-json\/wp\/v2\/comments?post=13693"}],"version-history":[{"count":17,"href":"https:\/\/zsp12.gliwice.pl\/sp15\/wp-json\/wp\/v2\/pages\/13693\/revisions"}],"predecessor-version":[{"id":16974,"href":"https:\/\/zsp12.gliwice.pl\/sp15\/wp-json\/wp\/v2\/pages\/13693\/revisions\/16974"}],"wp:featuredmedia":[{"embeddable":true,"href":"https:\/\/zsp12.gliwice.pl\/sp15\/wp-json\/wp\/v2\/media\/16921"}],"wp:attachment":[{"href":"https:\/\/zsp12.gliwice.pl\/sp15\/wp-json\/wp\/v2\/media?parent=13693"}],"curies":[{"name":"wp","href":"https:\/\/api.w.org\/{rel}","templated":true}]}}