{"id":19014,"date":"2025-09-30T16:39:36","date_gmt":"2025-09-30T14:39:36","guid":{"rendered":"https:\/\/zsp12.gliwice.pl\/pm7\/?page_id=19014"},"modified":"2026-04-07T08:04:29","modified_gmt":"2026-04-07T06:04:29","slug":"jadlospis","status":"publish","type":"page","link":"https:\/\/zsp12.gliwice.pl\/pm7\/jadlospis\/","title":{"rendered":"JAD\u0141OSPIS"},"content":{"rendered":"<p><em>Szanowni Pa\u0144stwo,<br><\/em><em style=\"font-size: revert;color: initial\">z przykro\u015bci\u0105 informujemy o b\u0142\u0119dach, jakie zaistnia\u0142y w jad\u0142ospisie na miesi\u0105c grudzie\u0144 2025 r. tj.:<br><\/em><em>1. dzie\u0144 24.12.2025 r. WIGILIA jest dniem wolnym od pracy,<br><\/em><em>2. w dniach 03., 10. i 17.12 r. \u015brody &#8211; w \u015bniadaniach przez pomy\u0142k\u0119 zosta\u0142y dopisane porcje owoc\u00f3w.<br><\/em><em style=\"font-size: revert;color: initial\">Przepraszamy za korekty, jakie nast\u0105pi\u0142y w tym miesi\u0105cu.<\/em><\/p>\n<p><em>Z powa\u017caniem <\/em><em>Katarzyna Nazar Manager-Pol<\/em><\/p>\n\n\n<div class=\"wp-block-file\"><a id=\"wp-block-file--media-06ea7166-fc0b-4f5c-a9af-761738044838\" href=\"https:\/\/zsp12.gliwice.pl\/pm7\/wp-content\/uploads\/sites\/7\/2026\/04\/Jadlospis_PRZEDSZKOLE_04_26.pdf\">Jad\u0142ospis przedszkole &#8211; kwiecie\u0144<\/a><a href=\"https:\/\/zsp12.gliwice.pl\/pm7\/wp-content\/uploads\/sites\/7\/2026\/04\/Jadlospis_PRZEDSZKOLE_04_26.pdf\" class=\"wp-block-file__button wp-element-button\" download aria-describedby=\"wp-block-file--media-06ea7166-fc0b-4f5c-a9af-761738044838\">Pobierz<\/a><\/div>\n\n\n\n<div class=\"wp-block-file\"><a id=\"wp-block-file--media-7e3b7bb8-ff2a-4471-a4a6-48252ccc7e79\" href=\"https:\/\/zsp12.gliwice.pl\/pm7\/wp-content\/uploads\/sites\/7\/2026\/03\/Jadlospis_03_26_PRZEDSZKOLE.pdf\">Jad\u0142ospis przedszkole &#8211; marzec<\/a><a href=\"https:\/\/zsp12.gliwice.pl\/pm7\/wp-content\/uploads\/sites\/7\/2026\/03\/Jadlospis_03_26_PRZEDSZKOLE.pdf\" class=\"wp-block-file__button wp-element-button\" download aria-describedby=\"wp-block-file--media-7e3b7bb8-ff2a-4471-a4a6-48252ccc7e79\">Pobierz<\/a><\/div>\n\n\n\n<div class=\"wp-block-file\"><a id=\"wp-block-file--media-e94f8206-13ef-4b61-ba97-aa1c00d9f936\" href=\"https:\/\/zsp12.gliwice.pl\/pm7\/wp-content\/uploads\/sites\/7\/2026\/01\/PRZEDSZKOLE_02_26.pdf\">Jad\u0142ospis przedszkole &#8211; luty<\/a><a href=\"https:\/\/zsp12.gliwice.pl\/pm7\/wp-content\/uploads\/sites\/7\/2026\/01\/PRZEDSZKOLE_02_26.pdf\" class=\"wp-block-file__button wp-element-button\" download aria-describedby=\"wp-block-file--media-e94f8206-13ef-4b61-ba97-aa1c00d9f936\">Pobierz<\/a><\/div>\n\n\n\n<div class=\"wp-block-file\"><a id=\"wp-block-file--media-c4475dcf-9cc2-409e-a3ef-05d464a25b22\" href=\"https:\/\/zsp12.gliwice.pl\/pm7\/wp-content\/uploads\/sites\/7\/2026\/01\/Jadlospis_PRZEDSZKOLE_01_26.pdf\">Jad\u0142ospis przedszkole &#8211; stycze\u0144<\/a><a href=\"https:\/\/zsp12.gliwice.pl\/pm7\/wp-content\/uploads\/sites\/7\/2026\/01\/Jadlospis_PRZEDSZKOLE_01_26.pdf\" class=\"wp-block-file__button wp-element-button\" download aria-describedby=\"wp-block-file--media-c4475dcf-9cc2-409e-a3ef-05d464a25b22\">Pobierz<\/a><\/div>\n\n\n\n<div class=\"wp-block-file\"><a id=\"wp-block-file--media-1e42aec5-27ef-497f-b612-13af788a5a68\" href=\"https:\/\/zsp12.gliwice.pl\/pm7\/wp-content\/uploads\/sites\/7\/2025\/11\/PRZEDSZKOLE_12_25.pdf\">Jad\u0142ospis przedszkole &#8211; grudzie\u0144<\/a><a href=\"https:\/\/zsp12.gliwice.pl\/pm7\/wp-content\/uploads\/sites\/7\/2025\/11\/PRZEDSZKOLE_12_25.pdf\" class=\"wp-block-file__button wp-element-button\" download aria-describedby=\"wp-block-file--media-1e42aec5-27ef-497f-b612-13af788a5a68\">Pobierz<\/a><\/div>\n\n\n\n<div class=\"wp-block-file\"><a id=\"wp-block-file--media-a62e8c6b-3016-44b5-b2b9-530eac836822\" href=\"https:\/\/zsp12.gliwice.pl\/pm7\/wp-content\/uploads\/sites\/7\/2025\/11\/JADLOSPIS_11_25_PDF.pdf\">Jad\u0142ospis przedszkole &#8211; listopad<\/a><a href=\"https:\/\/zsp12.gliwice.pl\/pm7\/wp-content\/uploads\/sites\/7\/2025\/11\/JADLOSPIS_11_25_PDF.pdf\" class=\"wp-block-file__button wp-element-button\" download aria-describedby=\"wp-block-file--media-a62e8c6b-3016-44b5-b2b9-530eac836822\">Pobierz<\/a><\/div>\n\n\n\n<div class=\"wp-block-file\"><a id=\"wp-block-file--media-de04e2f9-e4ca-4506-8fd0-5b2f1ed3d164\" href=\"https:\/\/zsp12.gliwice.pl\/pm7\/wp-content\/uploads\/sites\/7\/2025\/09\/Jadlospi-przedszkole.pdf\">Jad\u0142ospis przedszkole &#8211; pa\u017adziernik<\/a><a href=\"https:\/\/zsp12.gliwice.pl\/pm7\/wp-content\/uploads\/sites\/7\/2025\/09\/Jadlospi-przedszkole.pdf\" class=\"wp-block-file__button wp-element-button\" download aria-describedby=\"wp-block-file--media-de04e2f9-e4ca-4506-8fd0-5b2f1ed3d164\">Pobierz<\/a><\/div>\n","protected":false},"excerpt":{"rendered":"<p>Szanowni Pa\u0144stwo,z przykro\u015bci\u0105 informujemy o b\u0142\u0119dach, jakie zaistnia\u0142y w jad\u0142ospisie na miesi\u0105c grudzie\u0144 2025 r. tj.:1. dzie\u0144 24.12.2025 r. WIGILIA&#8230;<\/p>\n","protected":false},"author":2,"featured_media":12152,"parent":0,"menu_order":0,"comment_status":"closed","ping_status":"closed","template":"","meta":{"inline_featured_image":false,"ngg_post_thumbnail":0,"footnotes":""},"class_list":["post-19014","page","type-page","status-publish","has-post-thumbnail","hentry"],"_links":{"self":[{"href":"https:\/\/zsp12.gliwice.pl\/pm7\/wp-json\/wp\/v2\/pages\/19014"}],"collection":[{"href":"https:\/\/zsp12.gliwice.pl\/pm7\/wp-json\/wp\/v2\/pages"}],"about":[{"href":"https:\/\/zsp12.gliwice.pl\/pm7\/wp-json\/wp\/v2\/types\/page"}],"author":[{"embeddable":true,"href":"https:\/\/zsp12.gliwice.pl\/pm7\/wp-json\/wp\/v2\/users\/2"}],"replies":[{"embeddable":true,"href":"https:\/\/zsp12.gliwice.pl\/pm7\/wp-json\/wp\/v2\/comments?post=19014"}],"version-history":[{"count":12,"href":"https:\/\/zsp12.gliwice.pl\/pm7\/wp-json\/wp\/v2\/pages\/19014\/revisions"}],"predecessor-version":[{"id":19987,"href":"https:\/\/zsp12.gliwice.pl\/pm7\/wp-json\/wp\/v2\/pages\/19014\/revisions\/19987"}],"wp:featuredmedia":[{"embeddable":true,"href":"https:\/\/zsp12.gliwice.pl\/pm7\/wp-json\/wp\/v2\/media\/12152"}],"wp:attachment":[{"href":"https:\/\/zsp12.gliwice.pl\/pm7\/wp-json\/wp\/v2\/media?parent=19014"}],"curies":[{"name":"wp","href":"https:\/\/api.w.org\/{rel}","templated":true}]}}