{"id":18834,"date":"2025-09-01T22:11:58","date_gmt":"2025-09-01T20:11:58","guid":{"rendered":"https:\/\/zsp12.gliwice.pl\/pm7\/?page_id=18834"},"modified":"2025-09-01T22:14:02","modified_gmt":"2025-09-01T20:14:02","slug":"catering","status":"publish","type":"page","link":"https:\/\/zsp12.gliwice.pl\/pm7\/catering\/","title":{"rendered":"Catering"},"content":{"rendered":"\n<h1 class=\"wp-block-heading\">\u017bywienie w ZSP12 od wrze\u015bnia 2025r.<\/h1>\n\n\n\n<p><strong>26 sierpnia 2025<\/strong><\/p>\n\n\n\n<p>Szanowni Pa\u0144stwo,<\/p>\n\n\n\n<p>informujemy, \u017ce od wrze\u015bnia \u017cywienie dzieci Przedszkola Miejskiego nr 7 oraz uczni\u00f3w Szko\u0142y Podstawowej nr 15 b\u0119dzie realizowane przez firm\u0119 P.M.U Manager \u2013 Pol sp. c. z Zabrza.<\/p>\n\n\n\n<p>Posi\u0142ki b\u0119d\u0105 wydawane dla dzieci Przedszkola od 1 wrze\u015bnia 2025r.<\/p>\n\n\n\n<p>Po wcze\u015bniejszym z\u0142o\u017ceniu w sekretariacie szko\u0142y wype\u0142nionego formularza zg\u0142oszenia dziecka do \u017cywienia&nbsp;<\/p>\n\n\n\n<div class=\"wp-block-file\"><a id=\"wp-block-file--media-5105e0a8-8924-4f31-a77d-a682d4f9c661\" href=\"https:\/\/zsp12.gliwice.pl\/pm7\/wp-content\/uploads\/sites\/7\/2025\/09\/Formularz_zgloszenia_dziecka_do_zywienia.doc\">Formularz_zgloszenia_dziecka_do_zywienia<\/a><a href=\"https:\/\/zsp12.gliwice.pl\/pm7\/wp-content\/uploads\/sites\/7\/2025\/09\/Formularz_zgloszenia_dziecka_do_zywienia.doc\" class=\"wp-block-file__button wp-element-button\" download aria-describedby=\"wp-block-file--media-5105e0a8-8924-4f31-a77d-a682d4f9c661\">Pobierz<\/a><\/div>\n\n\n\n<p>&nbsp;oraz podpisanego przez rodzica\/opiekuna prawnego regulaminu korzystania ze sto\u0142\u00f3wki przez wychowank\u00f3w Zespo\u0142u Szkolno \u2013 Przedszkolnego nr 12 w Gliwicach<\/p>\n\n\n\n<div class=\"wp-block-file\"><a id=\"wp-block-file--media-57b82891-6919-4872-8ac0-f59dc0f81c68\" href=\"https:\/\/zsp12.gliwice.pl\/pm7\/wp-content\/uploads\/sites\/7\/2025\/09\/Regulamin_stolowki_2025.doc\">Regulamin_stolowki_2025<\/a><a href=\"https:\/\/zsp12.gliwice.pl\/pm7\/wp-content\/uploads\/sites\/7\/2025\/09\/Regulamin_stolowki_2025.doc\" class=\"wp-block-file__button wp-element-button\" download aria-describedby=\"wp-block-file--media-57b82891-6919-4872-8ac0-f59dc0f81c68\">Pobierz<\/a><\/div>\n\n\n\n<p>Formularz oraz regulamin s\u0105 dost\u0119pne r\u00f3wnie\u017c w sekretariacie Zespo\u0142u.<\/p>\n\n\n\n<p>Z\u0142o\u017cenie, wymaganych dokument\u00f3w, jest niezb\u0119dne do wprowadzenia danych dziecka\/ucznia \u2013 do 3 dni roboczych, do systemu Alansystem, obs\u0142uguj\u0105cego p\u0142atno\u015bci oraz umo\u017cliwiaj\u0105cego odwo\u0142ywanie przez Pa\u0144stwa posi\u0142k\u00f3w, w razie konieczno\u015bci.<\/p>\n\n\n\n<p>Po zrejestrowanie dziecka\/ucznia w systemie zostanie wygenerowany i przekazany Pa\u0144stwu indywidualny login do zarejestrowania si\u0119 na stronie http:\/\/www.ePrzedszkole.com.pl wed\u0142ug poni\u017cszej instrukcji.<\/p>\n\n\n\n<figure class=\"wp-block-image size-full\"><img loading=\"lazy\" decoding=\"async\" width=\"963\" height=\"898\" src=\"https:\/\/zsp12.gliwice.pl\/pm7\/wp-content\/uploads\/sites\/7\/2025\/09\/Bez-tytulu.png\" alt=\"\" class=\"wp-image-18839\" srcset=\"https:\/\/zsp12.gliwice.pl\/pm7\/wp-content\/uploads\/sites\/7\/2025\/09\/Bez-tytulu.png 963w, https:\/\/zsp12.gliwice.pl\/pm7\/wp-content\/uploads\/sites\/7\/2025\/09\/Bez-tytulu-768x716.png 768w\" sizes=\"(max-width: 963px) 100vw, 963px\" \/><\/figure>\n","protected":false},"excerpt":{"rendered":"<p>\u017bywienie w ZSP12 od wrze\u015bnia 2025r. 26 sierpnia 2025 Szanowni Pa\u0144stwo, informujemy, \u017ce od wrze\u015bnia \u017cywienie dzieci Przedszkola Miejskiego nr&#8230;<\/p>\n","protected":false},"author":11,"featured_media":18839,"parent":0,"menu_order":0,"comment_status":"closed","ping_status":"closed","template":"","meta":{"inline_featured_image":false,"ngg_post_thumbnail":0,"footnotes":""},"class_list":["post-18834","page","type-page","status-publish","has-post-thumbnail","hentry"],"_links":{"self":[{"href":"https:\/\/zsp12.gliwice.pl\/pm7\/wp-json\/wp\/v2\/pages\/18834"}],"collection":[{"href":"https:\/\/zsp12.gliwice.pl\/pm7\/wp-json\/wp\/v2\/pages"}],"about":[{"href":"https:\/\/zsp12.gliwice.pl\/pm7\/wp-json\/wp\/v2\/types\/page"}],"author":[{"embeddable":true,"href":"https:\/\/zsp12.gliwice.pl\/pm7\/wp-json\/wp\/v2\/users\/11"}],"replies":[{"embeddable":true,"href":"https:\/\/zsp12.gliwice.pl\/pm7\/wp-json\/wp\/v2\/comments?post=18834"}],"version-history":[{"count":3,"href":"https:\/\/zsp12.gliwice.pl\/pm7\/wp-json\/wp\/v2\/pages\/18834\/revisions"}],"predecessor-version":[{"id":18842,"href":"https:\/\/zsp12.gliwice.pl\/pm7\/wp-json\/wp\/v2\/pages\/18834\/revisions\/18842"}],"wp:featuredmedia":[{"embeddable":true,"href":"https:\/\/zsp12.gliwice.pl\/pm7\/wp-json\/wp\/v2\/media\/18839"}],"wp:attachment":[{"href":"https:\/\/zsp12.gliwice.pl\/pm7\/wp-json\/wp\/v2\/media?parent=18834"}],"curies":[{"name":"wp","href":"https:\/\/api.w.org\/{rel}","templated":true}]}}