{"id":14949,"date":"2023-12-18T16:07:23","date_gmt":"2023-12-18T15:07:23","guid":{"rendered":"https:\/\/zsp12.gliwice.pl\/pm7\/?page_id=14949"},"modified":"2024-02-23T10:01:01","modified_gmt":"2024-02-23T09:01:01","slug":"godziny-dostepnosci","status":"publish","type":"page","link":"https:\/\/zsp12.gliwice.pl\/pm7\/godziny-dostepnosci\/","title":{"rendered":"Godziny dost\u0119pno\u015bci"},"content":{"rendered":"<div class=\"wp-block-image\">\n<figure class=\"aligncenter size-full\"><img loading=\"lazy\" decoding=\"async\" width=\"472\" height=\"86\" src=\"https:\/\/zsp12.gliwice.pl\/pm7\/wp-content\/uploads\/sites\/7\/2024\/02\/godziny-dostepnosci-pm.png\" alt=\"\" class=\"wp-image-15408\" \/><\/figure><\/div>\n\n\n<figure class=\"wp-block-table\"><table><tbody><tr><td class=\"has-text-align-center\" data-align=\"center\"><strong>Nazwisko i<\/strong> <strong>imi\u0119 nauczyciela<\/strong><\/td><td class=\"has-text-align-center\" data-align=\"center\"><strong>dzie\u0144 tygodnia<\/strong><\/td><td class=\"has-text-align-center\" data-align=\"center\"><strong>zakres godzin<\/strong><\/td><\/tr><tr><td class=\"has-text-align-center\" data-align=\"center\">Boryczka Sylwia<\/td><td class=\"has-text-align-center\" data-align=\"center\">poniedzia\u0142ek<\/td><td class=\"has-text-align-center\" data-align=\"center\">13\u00b2\u2075 \u2013 14\u00b2\u2075<\/td><\/tr><tr><td class=\"has-text-align-center\" data-align=\"center\">Dubkowiecka Monika<\/td><td class=\"has-text-align-center\" data-align=\"center\">pi\u0105tek<\/td><td class=\"has-text-align-center\" data-align=\"center\">11\u00b3\u2070 \u2013 12\u00b3\u2070<\/td><\/tr><tr><td class=\"has-text-align-center\" data-align=\"center\">Heinze Katarzyna<\/td><td class=\"has-text-align-center\" data-align=\"center\">czwartek<\/td><td class=\"has-text-align-center\" data-align=\"center\">11\u2070\u2070 \u2013 12\u2070\u2070<\/td><\/tr><tr><td class=\"has-text-align-center\" data-align=\"center\" rowspan=\"2\">Janik Aleksandra<\/td><td class=\"has-text-align-center\" data-align=\"center\">poniedzia\u0142ek<\/td><td class=\"has-text-align-center\" data-align=\"center\">7\u00b3\u2070\u2013 8\u2070\u2070<\/td><\/tr><tr><td class=\"has-text-align-center\" data-align=\"center\">wtorek<\/td><td class=\"has-text-align-center\" data-align=\"center\">7\u00b3\u2070\u2013 8\u2070\u2070<\/td><\/tr><tr><td class=\"has-text-align-center\" data-align=\"center\">Pr\u0105tnicka Magdalena<\/td><td class=\"has-text-align-center\" data-align=\"center\">\u015broda<\/td><td class=\"has-text-align-center\" data-align=\"center\">14\u00b2\u2075 \u2013 15\u00b2\u2075<\/td><\/tr><tr><td class=\"has-text-align-center\" data-align=\"center\">Rewucka Magdalena<\/td><td class=\"has-text-align-center\" data-align=\"center\">poniedzia\u0142ek<\/td><td class=\"has-text-align-center\" data-align=\"center\">13\u2070\u2070 \u2013 14\u2070\u2070<\/td><\/tr><tr><td class=\"has-text-align-center\" data-align=\"center\">Sadowska Klaudia<\/td><td class=\"has-text-align-center\" data-align=\"center\">\u015broda<\/td><td class=\"has-text-align-center\" data-align=\"center\">10\u00b3\u2075 \u2013 11\u00b3\u2075<\/td><\/tr><tr><td class=\"has-text-align-center\" data-align=\"center\" rowspan=\"2\">Siwiec Katarzyna<\/td><td class=\"has-text-align-center\" data-align=\"center\">poniedzia\u0142ek<\/td><td class=\"has-text-align-center\" data-align=\"center\">7\u00b3\u2070 \u2013 8\u2070\u2070<\/td><\/tr><tr><td class=\"has-text-align-center\" data-align=\"center\">wtorek<\/td><td class=\"has-text-align-center\" data-align=\"center\">7\u00b3\u2070 \u2013 8\u2070\u2070<\/td><\/tr><tr><td class=\"has-text-align-center\" data-align=\"center\">Skorupa Iwona<\/td><td class=\"has-text-align-center\" data-align=\"center\">pi\u0105tek<\/td><td class=\"has-text-align-center\" data-align=\"center\">10\u00b3\u2070 \u2013 11\u00b3\u2070<\/td><\/tr><tr><td class=\"has-text-align-center\" data-align=\"center\" rowspan=\"2\">Szymanek Katarzyna<\/td><td class=\"has-text-align-center\" data-align=\"center\">poniedzia\u0142ek<\/td><td class=\"has-text-align-center\" data-align=\"center\">6\u00b3\u2070\u2013 7\u2070\u2070<\/td><\/tr><tr><td class=\"has-text-align-center\" data-align=\"center\">\u015broda<\/td><td class=\"has-text-align-center\" data-align=\"center\">6\u00b3\u2070\u2013 7\u2070\u2070<\/td><\/tr><tr><td class=\"has-text-align-center\" data-align=\"center\">Wardencka \u2013 Iwan Jolanta<\/td><td class=\"has-text-align-center\" data-align=\"center\">\u015broda<\/td><td class=\"has-text-align-center\" data-align=\"center\">11\u00b3\u2070 \u2013 12\u00b3\u2070<\/td><\/tr><\/tbody><\/table><\/figure>\n","protected":false},"excerpt":{"rendered":"<p>Nazwisko i imi\u0119 nauczyciela dzie\u0144 tygodnia zakres godzin Boryczka Sylwia poniedzia\u0142ek 13\u00b2\u2075 \u2013 14\u00b2\u2075 Dubkowiecka Monika pi\u0105tek 11\u00b3\u2070 \u2013 12\u00b3\u2070&#8230;<\/p>\n","protected":false},"author":11,"featured_media":14952,"parent":0,"menu_order":0,"comment_status":"closed","ping_status":"closed","template":"","meta":{"inline_featured_image":false,"ngg_post_thumbnail":0,"footnotes":""},"class_list":["post-14949","page","type-page","status-publish","has-post-thumbnail","hentry"],"_links":{"self":[{"href":"https:\/\/zsp12.gliwice.pl\/pm7\/wp-json\/wp\/v2\/pages\/14949"}],"collection":[{"href":"https:\/\/zsp12.gliwice.pl\/pm7\/wp-json\/wp\/v2\/pages"}],"about":[{"href":"https:\/\/zsp12.gliwice.pl\/pm7\/wp-json\/wp\/v2\/types\/page"}],"author":[{"embeddable":true,"href":"https:\/\/zsp12.gliwice.pl\/pm7\/wp-json\/wp\/v2\/users\/11"}],"replies":[{"embeddable":true,"href":"https:\/\/zsp12.gliwice.pl\/pm7\/wp-json\/wp\/v2\/comments?post=14949"}],"version-history":[{"count":3,"href":"https:\/\/zsp12.gliwice.pl\/pm7\/wp-json\/wp\/v2\/pages\/14949\/revisions"}],"predecessor-version":[{"id":15410,"href":"https:\/\/zsp12.gliwice.pl\/pm7\/wp-json\/wp\/v2\/pages\/14949\/revisions\/15410"}],"wp:featuredmedia":[{"embeddable":true,"href":"https:\/\/zsp12.gliwice.pl\/pm7\/wp-json\/wp\/v2\/media\/14952"}],"wp:attachment":[{"href":"https:\/\/zsp12.gliwice.pl\/pm7\/wp-json\/wp\/v2\/media?parent=14949"}],"curies":[{"name":"wp","href":"https:\/\/api.w.org\/{rel}","templated":true}]}}