{"id":13345,"date":"2023-07-10T16:46:11","date_gmt":"2023-07-10T14:46:11","guid":{"rendered":"https:\/\/zsp12.gliwice.pl\/pm7\/?page_id=13345"},"modified":"2025-11-24T07:25:50","modified_gmt":"2025-11-24T06:25:50","slug":"procedury-i-regulaminy","status":"publish","type":"page","link":"https:\/\/zsp12.gliwice.pl\/pm7\/procedury-i-regulaminy\/","title":{"rendered":"PROCEDURY I REGULAMINY"},"content":{"rendered":"\n<div class=\"wp-block-file\"><a id=\"wp-block-file--media-34d9e32e-8ee3-4995-a3d7-a81c218c8766\" href=\"https:\/\/zsp12.gliwice.pl\/pm7\/wp-content\/uploads\/sites\/7\/2025\/09\/Statut-ZSP-12-1.09.2025.pdf\">Statut ZSP 12 &#8211; 1.09.2025<\/a><a href=\"https:\/\/zsp12.gliwice.pl\/pm7\/wp-content\/uploads\/sites\/7\/2025\/09\/Statut-ZSP-12-1.09.2025.pdf\" class=\"wp-block-file__button wp-element-button\" download aria-describedby=\"wp-block-file--media-34d9e32e-8ee3-4995-a3d7-a81c218c8766\">Pobierz<\/a><\/div>\n\n\n\n<div class=\"wp-block-file\"><a id=\"wp-block-file--media-5ea4cbe0-91ec-4223-9f68-9e563ee0c616\" href=\"https:\/\/zsp12.gliwice.pl\/pm7\/wp-content\/uploads\/sites\/7\/2025\/09\/Statut_PM7.docx\">Statut_PM7<\/a><a href=\"https:\/\/zsp12.gliwice.pl\/pm7\/wp-content\/uploads\/sites\/7\/2025\/09\/Statut_PM7.docx\" class=\"wp-block-file__button wp-element-button\" download aria-describedby=\"wp-block-file--media-5ea4cbe0-91ec-4223-9f68-9e563ee0c616\">Pobierz<\/a><\/div>\n\n\n\n<div class=\"wp-block-file\"><a id=\"wp-block-file--media-2214c2ee-65b3-4db8-b50c-96512c8564a2\" href=\"https:\/\/zsp12.gliwice.pl\/pm7\/wp-content\/uploads\/sites\/7\/2023\/09\/PM7-Procedura-ATMS.pdf\">PM7 Procedura korzystania z systemu Rejestracji Czasu Pobytu Dziecka<\/a><a href=\"https:\/\/zsp12.gliwice.pl\/pm7\/wp-content\/uploads\/sites\/7\/2023\/09\/PM7-Procedura-ATMS.pdf\" class=\"wp-block-file__button wp-element-button\" download aria-describedby=\"wp-block-file--media-2214c2ee-65b3-4db8-b50c-96512c8564a2\">Pobierz<\/a><\/div>\n\n\n\n<div class=\"wp-block-file\"><a id=\"wp-block-file--media-c934b795-43c1-4f13-a617-699af06efa03\" href=\"https:\/\/zsp12.gliwice.pl\/pm7\/wp-content\/uploads\/sites\/7\/2023\/09\/ZSP12-Regulamin-wyjsc-i-wycieczek.pdf\">ZSP12 Regulamin wyj\u015b\u0107 i wycieczek<\/a><a href=\"https:\/\/zsp12.gliwice.pl\/pm7\/wp-content\/uploads\/sites\/7\/2023\/09\/ZSP12-Regulamin-wyjsc-i-wycieczek.pdf\" class=\"wp-block-file__button wp-element-button\" download aria-describedby=\"wp-block-file--media-c934b795-43c1-4f13-a617-699af06efa03\">Pobierz<\/a><\/div>\n\n\n\n<div class=\"wp-block-file\"><a id=\"wp-block-file--media-dbb67a9c-bf37-4de9-b5fd-335f6a5e1bae\" href=\"https:\/\/zsp12.gliwice.pl\/pm7\/wp-content\/uploads\/sites\/7\/2023\/09\/PM7-Procedura-dotyczaca-sposobu-wnoszenia-oplat-za-korzystanie-z-przedszkola.pdf\">PM7 Procedura dotycz\u0105ca sposobu wnoszenia op\u0142at za korzystanie z przedszkola<\/a><a href=\"https:\/\/zsp12.gliwice.pl\/pm7\/wp-content\/uploads\/sites\/7\/2023\/09\/PM7-Procedura-dotyczaca-sposobu-wnoszenia-oplat-za-korzystanie-z-przedszkola.pdf\" class=\"wp-block-file__button wp-element-button\" download aria-describedby=\"wp-block-file--media-dbb67a9c-bf37-4de9-b5fd-335f6a5e1bae\">Pobierz<\/a><\/div>\n\n\n\n<div class=\"wp-block-file\"><a id=\"wp-block-file--media-769eb918-3ec2-48a4-9959-fb7f3daed042\" href=\"https:\/\/zsp12.gliwice.pl\/pm7\/wp-content\/uploads\/sites\/7\/2023\/11\/PM7-Procedura-egzekwowania-naleznosci.pdf\">PM7 Procedura egzekwowania nale\u017cno\u015bci<\/a><a href=\"https:\/\/zsp12.gliwice.pl\/pm7\/wp-content\/uploads\/sites\/7\/2023\/11\/PM7-Procedura-egzekwowania-naleznosci.pdf\" class=\"wp-block-file__button wp-element-button\" download aria-describedby=\"wp-block-file--media-769eb918-3ec2-48a4-9959-fb7f3daed042\">Pobierz<\/a><\/div>\n\n\n\n<div class=\"wp-block-file\"><a id=\"wp-block-file--media-6e184d43-eb6e-44ce-9826-0e088e505a40\" href=\"https:\/\/zsp12.gliwice.pl\/pm7\/wp-content\/uploads\/sites\/7\/2023\/09\/PM7-Procedura-przyprowadzania-i-odbierania-dziecka-do-i-z-przedszkola.pdf\">PM7 Procedura przyprowadzania i odbierania dziecka do i z przedszkola<\/a><a href=\"https:\/\/zsp12.gliwice.pl\/pm7\/wp-content\/uploads\/sites\/7\/2023\/09\/PM7-Procedura-przyprowadzania-i-odbierania-dziecka-do-i-z-przedszkola.pdf\" class=\"wp-block-file__button wp-element-button\" download aria-describedby=\"wp-block-file--media-6e184d43-eb6e-44ce-9826-0e088e505a40\">Pobierz<\/a><\/div>\n\n\n\n<div class=\"wp-block-file\"><a id=\"wp-block-file--media-506cebcb-26e9-473b-b526-9014d83fda4f\" href=\"https:\/\/zsp12.gliwice.pl\/pm7\/wp-content\/uploads\/sites\/7\/2023\/09\/PM7-Procedura-w-przypadku-wystapienia-wszawicy.pdf\">PM7 Procedura w przypadku wyst\u0105pienia wszawicy<\/a><a href=\"https:\/\/zsp12.gliwice.pl\/pm7\/wp-content\/uploads\/sites\/7\/2023\/09\/PM7-Procedura-w-przypadku-wystapienia-wszawicy.pdf\" class=\"wp-block-file__button wp-element-button\" download aria-describedby=\"wp-block-file--media-506cebcb-26e9-473b-b526-9014d83fda4f\">Pobierz<\/a><\/div>\n\n\n\n<div class=\"wp-block-file\"><a id=\"wp-block-file--media-3f698461-87e0-4018-9226-7e29d0d71891\" href=\"https:\/\/zsp12.gliwice.pl\/pm7\/wp-content\/uploads\/sites\/7\/2023\/09\/ZSP12-Procedura-postepowania-z-dzieckiem-przewlekle-chorym.pdf\">ZSP12 Procedura post\u0119powania z dzieckiem przewlekle chorym<\/a><a href=\"https:\/\/zsp12.gliwice.pl\/pm7\/wp-content\/uploads\/sites\/7\/2023\/09\/ZSP12-Procedura-postepowania-z-dzieckiem-przewlekle-chorym.pdf\" class=\"wp-block-file__button wp-element-button\" download aria-describedby=\"wp-block-file--media-3f698461-87e0-4018-9226-7e29d0d71891\">Pobierz<\/a><\/div>\n\n\n\n<div class=\"wp-block-file\"><a id=\"wp-block-file--media-ea0e25cb-cfb6-4db4-8715-95f4899881f1\" href=\"http:\/\/zsp12.gliwice.pl\/wp-content\/uploads\/2022\/04\/zal_do_zarzadzenia_11_2022_Zarzadzenie_Rodzaje_stopni_alarmowych_procedura-1.pdf\"> PROCEDURY POST\u0118POWANIA W ZSP NR 12 W GLIWICACH PO WPROWADZENIU PRZEZ PREZESA RADY MINISTR\u00d3W STOPNI ALARMOWYCH I STOPNI ALARMOWYCH CRP <\/a><a href=\"http:\/\/zsp12.gliwice.pl\/wp-content\/uploads\/2022\/04\/zal_do_zarzadzenia_11_2022_Zarzadzenie_Rodzaje_stopni_alarmowych_procedura-1.pdf\" class=\"wp-block-file__button wp-element-button\" download aria-describedby=\"wp-block-file--media-ea0e25cb-cfb6-4db4-8715-95f4899881f1\">Pobierz<\/a><\/div>\n\n\n\n<div class=\"wp-block-file\"><a id=\"wp-block-file--media-e9462e23-8eb7-40ba-b265-028cf9e232d0\" href=\"https:\/\/zsp12.gliwice.pl\/wp-content\/uploads\/2022\/10\/PM7_jak_zglosic_nieobecnosc_dziecka_w_przedszkolu.pdf\">INSTRUKCJA &#8211; Jak zg\u0142osi\u0107 nieobecno\u015b\u0107 dziecka w edzienniku<\/a><a href=\"https:\/\/zsp12.gliwice.pl\/wp-content\/uploads\/2022\/10\/PM7_jak_zglosic_nieobecnosc_dziecka_w_przedszkolu.pdf\" class=\"wp-block-file__button wp-element-button\" download aria-describedby=\"wp-block-file--media-e9462e23-8eb7-40ba-b265-028cf9e232d0\">Pobierz<\/a><\/div>\n\n\n\n<div class=\"wp-block-file\"><a id=\"wp-block-file--media-24ee9340-6890-4918-ba46-9ad117223f4c\" href=\"https:\/\/zsp12.gliwice.pl\/sp15\/wp-content\/uploads\/sites\/11\/2024\/02\/Kodeks-etyki-w-ZSP12-w-Gliwicach.pdf\">ZSP12 Kodeks etyki w ZSP12 w Gliwicach<\/a><a href=\"https:\/\/zsp12.gliwice.pl\/sp15\/wp-content\/uploads\/sites\/11\/2024\/02\/Kodeks-etyki-w-ZSP12-w-Gliwicach.pdf\" class=\"wp-block-file__button wp-element-button\" download aria-describedby=\"wp-block-file--media-24ee9340-6890-4918-ba46-9ad117223f4c\">Pobierz<\/a><\/div>\n\n\n\n<div class=\"wp-block-file\"><a id=\"wp-block-file--media-cf503f85-08d3-4e28-80f5-1db63aff9e5e\" href=\"https:\/\/zsp12.gliwice.pl\/sp15\/wp-content\/uploads\/sites\/11\/2024\/02\/ZSP12_STANDARDY_OCHRONY_MALOLETNICH.pdf\">ZSP12 STANDARDY OCHRONY MALOLETNICH<\/a><a href=\"https:\/\/zsp12.gliwice.pl\/sp15\/wp-content\/uploads\/sites\/11\/2024\/02\/ZSP12_STANDARDY_OCHRONY_MALOLETNICH.pdf\" class=\"wp-block-file__button wp-element-button\" download aria-describedby=\"wp-block-file--media-cf503f85-08d3-4e28-80f5-1db63aff9e5e\">Pobierz<\/a><\/div>\n\n\n\n<div class=\"wp-block-file\"><a id=\"wp-block-file--media-cc5c9f8c-a1b2-4cdb-8402-c3ef3c172b2f\" href=\"https:\/\/zsp12.gliwice.pl\/sp15\/wp-content\/uploads\/sites\/11\/2024\/10\/19-Procedura-nietrzezwy-rodzic-1.pdf\">PROCEDURA post\u0119powania w razie podejrzenia, \u017ce dziecko odbiera z przedszkola\/szko\u0142y rodzic\/prawny opiekun, b\u0119d\u0105cy pod wp\u0142ywem alkoholu<\/a><a href=\"https:\/\/zsp12.gliwice.pl\/sp15\/wp-content\/uploads\/sites\/11\/2024\/10\/19-Procedura-nietrzezwy-rodzic-1.pdf\" class=\"wp-block-file__button wp-element-button\" download aria-describedby=\"wp-block-file--media-cc5c9f8c-a1b2-4cdb-8402-c3ef3c172b2f\">Pobierz<\/a><\/div>\n\n\n\n<div class=\"wp-block-file\"><a id=\"wp-block-file--media-c39625a3-3a0a-4dcd-81c9-f5accce8dc0c\" href=\"https:\/\/zsp12.gliwice.pl\/pm7\/wp-content\/uploads\/sites\/7\/2025\/09\/Procedura-Ochrony-Sygnalistow.pdf\">Procedura Ochrony Sygnalist\u00f3w<\/a><a href=\"https:\/\/zsp12.gliwice.pl\/pm7\/wp-content\/uploads\/sites\/7\/2025\/09\/Procedura-Ochrony-Sygnalistow.pdf\" class=\"wp-block-file__button wp-element-button\" download aria-describedby=\"wp-block-file--media-c39625a3-3a0a-4dcd-81c9-f5accce8dc0c\">Pobierz<\/a><\/div>\n\n\n\n<div class=\"wp-block-file\"><a id=\"wp-block-file--media-3dd43e83-30a2-4583-a9c6-d8a80fe346b9\" href=\"https:\/\/zsp12.gliwice.pl\/pm7\/wp-content\/uploads\/sites\/7\/2025\/11\/Procedura-procesu-egzekwowania-i-dochodzenia-naleznosci-z-tytulu-oplat-za-wyzywienie-dzieci-w-przedszkolu-i-szkole-w-Zespole-Szkolno-Przedszkolnym-nr-12-w-Gliwicach.pdf\">Procedura procesu egzekwowania i dochodzenia nale\u017cno\u015bci z tytu\u0142u op\u0142at za wy\u017cywienie dzieci w przedszkolu i szkole w Zespole Szkolno-Przedszkolnym nr 12 w Gliwicach.<\/a><a href=\"https:\/\/zsp12.gliwice.pl\/pm7\/wp-content\/uploads\/sites\/7\/2025\/11\/Procedura-procesu-egzekwowania-i-dochodzenia-naleznosci-z-tytulu-oplat-za-wyzywienie-dzieci-w-przedszkolu-i-szkole-w-Zespole-Szkolno-Przedszkolnym-nr-12-w-Gliwicach.pdf\" class=\"wp-block-file__button wp-element-button\" download aria-describedby=\"wp-block-file--media-3dd43e83-30a2-4583-a9c6-d8a80fe346b9\">Pobierz<\/a><\/div>\n","protected":false},"excerpt":{"rendered":"","protected":false},"author":2,"featured_media":12152,"parent":0,"menu_order":0,"comment_status":"closed","ping_status":"closed","template":"","meta":{"inline_featured_image":false,"ngg_post_thumbnail":0,"footnotes":""},"class_list":["post-13345","page","type-page","status-publish","has-post-thumbnail","hentry"],"_links":{"self":[{"href":"https:\/\/zsp12.gliwice.pl\/pm7\/wp-json\/wp\/v2\/pages\/13345"}],"collection":[{"href":"https:\/\/zsp12.gliwice.pl\/pm7\/wp-json\/wp\/v2\/pages"}],"about":[{"href":"https:\/\/zsp12.gliwice.pl\/pm7\/wp-json\/wp\/v2\/types\/page"}],"author":[{"embeddable":true,"href":"https:\/\/zsp12.gliwice.pl\/pm7\/wp-json\/wp\/v2\/users\/2"}],"replies":[{"embeddable":true,"href":"https:\/\/zsp12.gliwice.pl\/pm7\/wp-json\/wp\/v2\/comments?post=13345"}],"version-history":[{"count":16,"href":"https:\/\/zsp12.gliwice.pl\/pm7\/wp-json\/wp\/v2\/pages\/13345\/revisions"}],"predecessor-version":[{"id":19519,"href":"https:\/\/zsp12.gliwice.pl\/pm7\/wp-json\/wp\/v2\/pages\/13345\/revisions\/19519"}],"wp:featuredmedia":[{"embeddable":true,"href":"https:\/\/zsp12.gliwice.pl\/pm7\/wp-json\/wp\/v2\/media\/12152"}],"wp:attachment":[{"href":"https:\/\/zsp12.gliwice.pl\/pm7\/wp-json\/wp\/v2\/media?parent=13345"}],"curies":[{"name":"wp","href":"https:\/\/api.w.org\/{rel}","templated":true}]}}